{"id":244,"date":"2022-04-04T16:20:57","date_gmt":"2022-04-04T14:20:57","guid":{"rendered":"https:\/\/roulettes.vaniseo.top\/index.php\/produit\/crochet-salle-de-bain-blanc-pour-seche-serviettes\/"},"modified":"2022-04-04T17:18:12","modified_gmt":"2022-04-04T15:18:12","slug":"crochet-salle-de-bain-blanc-pour-seche-serviettes","status":"publish","type":"product","link":"https:\/\/roulettes.vaniseo.top\/index.php\/produit\/crochet-salle-de-bain-blanc-pour-seche-serviettes\/","title":{"rendered":"Crochet salle de bain blanc pour s\u00e8che serviettes"},"content":{"rendered":"<h3>Patere crochet blanc pour s\u00e8che-serviettes WENKO<\/h3>\n<p>_x000D_n<strong>1001 Pat\u00e8res<\/strong> vous d\u00e9veloppe ci dessous toutes les <strong>informations techniques et d\u00e9coratives<\/strong> de ce <strong>crochet salle de bain blanc pour s\u00e8che serviettes<\/strong>. Il est issu des produits de la marque <strong>WENKO<\/strong>. A noter que cette patere crochet est\u00a0<strong>vendue par lot de 2<\/strong>._x000D_n_x000D_nPar ailleurs, ayez le plaisir de d\u00e9couvrir sur ce site une <strong>s\u00e9lection<\/strong> des meilleures r\u00e9f\u00e9rences de <strong>pat\u00e8res et porte manteaux <\/strong>de<strong> designer internationaux<\/strong>. Toutes sont s\u00e9lectionn\u00e9es pour leurs <strong>fantastiques rapports qualit\u00e9-prix!<\/strong>_x000D_n_x000D_nTout d&rsquo;abord, cette patere crochet est \u00e0 retrouver sur notre site en <a href=\"https:\/\/1001pateres.com\/produit\/patere-crochet-pour-seche-serviettes-couleur-aluminium\/\">aluminium<\/a>, <a href=\"https:\/\/1001pateres.com\/produit\/patere-crochet-pour-seche-serviettes-transparent\/\">transparente<\/a> et ci-contre en <strong>blanc<\/strong>._x000D_n_x000D_nAinsi, ici, le\u00a0crochet salle de bain blanc pour s\u00e8che-serviettes est <strong>originale<\/strong>, <strong>en plastique dur<\/strong>. D&rsquo;une utilit\u00e9 <strong>pratique<\/strong> avec une <strong>forme douce<\/strong>, il n&rsquo;ab\u00eeme pas vos serviettes ou peignoirs. Il\u00a0s&rsquo;adapte parfaitement aux <strong>tubes des radiateurs s\u00e8che-serviettes classiques<\/strong> de salle de bain._x000D_n_x000D_n&nbsp;_x000D_n<\/p>\n<h3>Installation et dimensions de ce crochet salle de bain blanc<\/h3>\n<p>_x000D_nCette patere crochet apporte incontestablement un <strong>gain de place<\/strong> et un <strong>confort<\/strong>\u00a0 pour votre univers. Gr\u00e2ce \u00e0 elle, les <strong>serviettes<\/strong> seront toujours <strong>s\u00e8ches<\/strong> et correctement rang\u00e9es. Un grand plus pour votre salle de bain au quotidien!\u00a0Pour utiliser ce <strong>lot de deux<\/strong>, il suffit simplement de les poser sur les tubes des radiateurs. Pr\u00e9f\u00e9rez bien s\u00fbr le mod\u00e8le blanc pour un s\u00e8che serviettes blanc, et alu pour un radiateur de ce type couleur m\u00e9tal, acier._x000D_n_x000D_nEnfin, c\u00f4t\u00e9 <strong>dimensions<\/strong>, ce crochet \u00e0 l&rsquo;unit\u00e9 mesure\u00a02,5 cm X 7 cm X 10,5 cm._x000D_n_x000D_n&nbsp;_x000D_n_x000D_nPar ailleurs, n&rsquo;h\u00e9sitez pas \u00e0 jeter un oeil au reste de la marque <a href=\"https:\/\/1001pateres.com\/brand\/wenko\/\">Wenko<\/a> que nous adorons! L&rsquo;\u00e9chelle Bahari a cartonn\u00e9, et c&rsquo;est d\u00e9sormais le <a href=\"https:\/\/1001pateres.com\/produit\/porte-manteaux-sur-pieds-en-bambou-wenko\/\">porte manteaux sur pieds en bambou<\/a> qui prend le relai, pour un style scandinave moderne, doux.\u00a0Bien s\u00fbr, pour plus d&rsquo;astuces de rangement dans la salle de bain, ne manquez pas de jeter un oeil aux solutions pour <a href=\"https:\/\/1001pateres.com\/produit\/pateres-double-pour-paroi-de-verre-de-douche-wenko\/\">paroi de verre de douche<\/a> et <a href=\"https:\/\/1001pateres.com\/produit\/patere-simple-tige-aluminium-autocollante-wenko\/\">tige autocollante<\/a>.<\/p>\n","protected":false},"excerpt":{"rendered":"<p>Pat\u00e8re \u00e0 poser\u00a0sur le\u00a0<em><strong>s\u00e8che-serviettes<\/strong><\/em> de couleur blanc et de marque <strong>WENKO<\/strong>.\u00a0Elle est originale avec une forme douce et pratique qui n&rsquo;abimera pas les serviettes.\u00a0Elle est en plastique de couleur blanche\u00a0et s&rsquo;adapte parfaitement aux tubes des radiateurs s\u00e8che-serviettes des salle de bain.<\/p>\n","protected":false},"featured_media":1362,"comment_status":"closed","ping_status":"open","template":"","meta":[],"product_cat":[17],"product_tag":[27],"class_list":["post-244","product","type-product","status-publish","has-post-thumbnail","hentry","product_cat-salle-de-bain","product_tag-crochet-patere-patere-design-patere-murale-patere-porte-pateres-porte-serviette-porte-torchon-vestiaire","description-off"],"_links":{"self":[{"href":"https:\/\/roulettes.vaniseo.top\/index.php\/wp-json\/wp\/v2\/product\/244","targetHints":{"allow":["GET"]}}],"collection":[{"href":"https:\/\/roulettes.vaniseo.top\/index.php\/wp-json\/wp\/v2\/product"}],"about":[{"href":"https:\/\/roulettes.vaniseo.top\/index.php\/wp-json\/wp\/v2\/types\/product"}],"replies":[{"embeddable":true,"href":"https:\/\/roulettes.vaniseo.top\/index.php\/wp-json\/wp\/v2\/comments?post=244"}],"version-history":[{"count":0,"href":"https:\/\/roulettes.vaniseo.top\/index.php\/wp-json\/wp\/v2\/product\/244\/revisions"}],"wp:featuredmedia":[{"embeddable":true,"href":"https:\/\/roulettes.vaniseo.top\/index.php\/wp-json\/wp\/v2\/media\/1362"}],"wp:attachment":[{"href":"https:\/\/roulettes.vaniseo.top\/index.php\/wp-json\/wp\/v2\/media?parent=244"}],"wp:term":[{"taxonomy":"product_cat","embeddable":true,"href":"https:\/\/roulettes.vaniseo.top\/index.php\/wp-json\/wp\/v2\/product_cat?post=244"},{"taxonomy":"product_tag","embeddable":true,"href":"https:\/\/roulettes.vaniseo.top\/index.php\/wp-json\/wp\/v2\/product_tag?post=244"}],"curies":[{"name":"wp","href":"https:\/\/api.w.org\/{rel}","templated":true}]}}