{"id":245,"date":"2022-04-04T16:20:57","date_gmt":"2022-04-04T14:20:57","guid":{"rendered":"https:\/\/roulettes.vaniseo.top\/index.php\/produit\/patere-crochet-transparente-pour-seche-serviettes-wenko\/"},"modified":"2022-04-04T17:18:13","modified_gmt":"2022-04-04T15:18:13","slug":"patere-crochet-transparente-pour-seche-serviettes-wenko","status":"publish","type":"product","link":"https:\/\/roulettes.vaniseo.top\/index.php\/produit\/patere-crochet-transparente-pour-seche-serviettes-wenko\/","title":{"rendered":"Pat\u00e8re crochet transparente pour s\u00e8che-serviettes WENKO"},"content":{"rendered":"<h3>Crochet salle de bain transparent pour\u00a0s\u00e8che-serviettes WENKO<\/h3>\n<p>_x000D_n<strong>1001 Pat\u00e8res<\/strong>, n\u00b01 en France de la vente de pat\u00e8res et porte-manteaux, vous pr\u00e9sente un produit de la marque <strong><a href=\"https:\/\/www.wenko.com\/fr\/\" target=\"_blank\" rel=\"noopener\">WENKO<\/a><\/strong>. Il s&rsquo;agit d&rsquo;une <strong>pat\u00e8re crochet transparente pour s\u00e8che-serviettes<\/strong>. Elle est vendue par <strong>lot de 2<\/strong>._x000D_n_x000D_nPour commencer, revenons rapidement sur la marque <strong><a href=\"https:\/\/1001pateres.com\/brand\/wenko\/\">WENKO<\/a><\/strong>. Il s&rsquo;agit d&rsquo;une <strong>marque allemande<\/strong> proposant des <strong>produits \u00e9l\u00e9gants<\/strong> pour la maison. Pour notre site, nous avons s\u00e9lectionn\u00e9 des r\u00e9f\u00e9rences de <strong>pat\u00e8res et porte manteaux sur pieds pratiques<\/strong> ou tr\u00e8s \u00e9l\u00e9gants d&rsquo;<strong>inspiration nordique<\/strong>. Le best seller chez 1001 Pat\u00e8res est l&rsquo;\u00e9chelle <a href=\"https:\/\/1001pateres.com\/produit\/echelle-bambou-porte-serviettes-bahari-wenko\/\">Bahari<\/a>, mais actuellement la part belle concerne le <a href=\"https:\/\/1001pateres.com\/produit\/porte-manteaux-sur-pieds-en-bambou-wenko\/\">porte manteaux sur pieds en bambou<\/a>!_x000D_n_x000D_n&nbsp;_x000D_n<\/p>\n<h3>Pat\u00e8re crochet pour s\u00e8che serviettes transparente<\/h3>\n<p>_x000D_nPar ailleurs, ci-contre, nous vous pr\u00e9sentons l&rsquo;un des mod\u00e8les de <strong>pat\u00e8re crochet pour s\u00e8che-serviettes<\/strong>. Cette gamme\u00a0<strong>Wenko<\/strong> vous propose des r\u00e9f\u00e9rences <strong>en <a href=\"https:\/\/1001pateres.com\/produit\/patere-crochet-pour-seche-serviettes-blanc\/\">blanc<\/a>, transparent et <a href=\"https:\/\/1001pateres.com\/produit\/patere-crochet-pour-seche-serviettes-couleur-aluminium\/\">aluminium<\/a><\/strong>. Bien s\u00fbr les versions blanche et transparente conviennent pour un s\u00e8che serviette blanc classique. La version aluminium est plus adapt\u00e9e \u00e0 un radiateur couleur m\u00e9tallis\u00e9e._x000D_n_x000D_nAinsi, ici, cette pat\u00e8re crochet est <strong>pratique<\/strong> avec sa forme douce qui <strong>n&rsquo;ab\u00eeme pas vos serviettes<\/strong> ou peignoirs. Elle s&rsquo;adapte parfaitement aux tubes des radiateurs s\u00e8che-serviettes des salles de bain. A terme, vous constaterez \u00e0 quel point elle apporte\u00a0un <strong>gain de place<\/strong>, de la <strong>clart\u00e9<\/strong> et un <strong>confort<\/strong> \u00e0 votre salle de bain. Ces crochets salle de bain <strong>deviendront vite des indispensables<\/strong> pour conserver vos serviettes toujours s\u00e8ches et correctement rang\u00e9es._x000D_n_x000D_nEnfin, pour les <strong>installer<\/strong>, il suffit juste de les poser. Leurs <strong>dimensions<\/strong> sont \u00e0 l&rsquo;unit\u00e9, de 2,5 cm X 7 cm X 10,5 cm._x000D_n_x000D_nN&rsquo;h\u00e9sitez pas \u00e0 nous contacter pour d&rsquo;autres informations compl\u00e9mentaires via la page Contact. Nous r\u00e9pondons \u00e9galement favorablement \u00e0 toute demande de devis en cas de quantit\u00e9 importante \u00e0 commander.<\/p>\n","protected":false},"excerpt":{"rendered":"<p>Pat\u00e8re \u00e0 poser sur les\u00a0<em><strong>s\u00e8che-serviettes<\/strong><\/em> de couleur transparent et de la marque <strong>WENKO<\/strong>.\u00a0Elle est originale avec une forme douce et pratique qui n&rsquo;abimera pas les serviettes.\u00a0Elle est en plastique de couleur transparente\u00a0et s&rsquo;adapte parfaitement aux tubes des radiateurs s\u00e8che-serviettes des salles de bain.<\/p>\n","protected":false},"featured_media":1367,"comment_status":"closed","ping_status":"open","template":"","meta":[],"product_cat":[17],"product_tag":[27],"class_list":["post-245","product","type-product","status-publish","has-post-thumbnail","hentry","product_cat-salle-de-bain","product_tag-crochet-patere-patere-design-patere-murale-patere-porte-pateres-porte-serviette-porte-torchon-vestiaire","description-off"],"_links":{"self":[{"href":"https:\/\/roulettes.vaniseo.top\/index.php\/wp-json\/wp\/v2\/product\/245","targetHints":{"allow":["GET"]}}],"collection":[{"href":"https:\/\/roulettes.vaniseo.top\/index.php\/wp-json\/wp\/v2\/product"}],"about":[{"href":"https:\/\/roulettes.vaniseo.top\/index.php\/wp-json\/wp\/v2\/types\/product"}],"replies":[{"embeddable":true,"href":"https:\/\/roulettes.vaniseo.top\/index.php\/wp-json\/wp\/v2\/comments?post=245"}],"version-history":[{"count":0,"href":"https:\/\/roulettes.vaniseo.top\/index.php\/wp-json\/wp\/v2\/product\/245\/revisions"}],"wp:featuredmedia":[{"embeddable":true,"href":"https:\/\/roulettes.vaniseo.top\/index.php\/wp-json\/wp\/v2\/media\/1367"}],"wp:attachment":[{"href":"https:\/\/roulettes.vaniseo.top\/index.php\/wp-json\/wp\/v2\/media?parent=245"}],"wp:term":[{"taxonomy":"product_cat","embeddable":true,"href":"https:\/\/roulettes.vaniseo.top\/index.php\/wp-json\/wp\/v2\/product_cat?post=245"},{"taxonomy":"product_tag","embeddable":true,"href":"https:\/\/roulettes.vaniseo.top\/index.php\/wp-json\/wp\/v2\/product_tag?post=245"}],"curies":[{"name":"wp","href":"https:\/\/api.w.org\/{rel}","templated":true}]}}