{"id":246,"date":"2022-04-04T16:20:57","date_gmt":"2022-04-04T14:20:57","guid":{"rendered":"https:\/\/roulettes.vaniseo.top\/index.php\/produit\/patere-double-pour-paroi-de-verre-de-douche-wenko\/"},"modified":"2022-04-04T17:18:14","modified_gmt":"2022-04-04T15:18:14","slug":"patere-double-pour-paroi-de-verre-de-douche-wenko","status":"publish","type":"product","link":"https:\/\/roulettes.vaniseo.top\/index.php\/produit\/patere-double-pour-paroi-de-verre-de-douche-wenko\/","title":{"rendered":"Pat\u00e8re double pour paroi de verre de douche WENKO"},"content":{"rendered":"<h3>Crochet pour paroi de douche WENKO<\/h3>\n<p>_x000D_n1001 Pat\u00e8res vous propose de d\u00e9couvrir ici tous les d\u00e9tails de cette pat\u00e8re double pour <em><strong>paroi de verre<\/strong><\/em> de douche de la marque <a href=\"https:\/\/1001pateres.com\/brand\/wenko\"><strong>WENKO<\/strong><\/a>._x000D_n_x000D_n<a href=\"https:\/\/www.wenko.com\/en\/\" target=\"_blank\" rel=\"noopener noreferrer\">Wenko<\/a> est une marque choisie par notre \u00e9quipe pour de nombreuses <strong>pat\u00e8res de salle de bain<\/strong>, notamment pour <strong>s\u00e8che-serviettes<\/strong>. Mais notre coup de coeur \u00e0 absolument d\u00e9couvrir, n&rsquo;est pas sp\u00e9cialement d\u00e9di\u00e9e \u00e0 cette pi\u00e8ce, il s&rsquo;agit de l&rsquo;<a href=\"https:\/\/1001pateres.com\/produit\/echelle-bambou-porte-serviettes-bahari-wenko\/\">\u00e9chelle porte v\u00eatement<\/a>: \u00e9l\u00e9gante et discr\u00e8te._x000D_n_x000D_nCe crochet est tr\u00e8s <strong>pratique<\/strong> et <strong>original<\/strong>. Surtout, il respecte la mati\u00e8re fragile qu&rsquo;est le <strong>verre de votre paroi de douche<\/strong>. Vous appr\u00e9cierez cette <strong>double pat\u00e8re<\/strong> aussi car elle comporte <strong>deux crochets d&rsquo;accrochage de chaque c\u00f4t\u00e9<\/strong> de la paroi de douche. Cela vous permet d&rsquo;accrocher <strong>serviettes<\/strong> et <strong>v\u00eatements<\/strong> de <strong>chaque c\u00f4t\u00e9<\/strong>. <strong>Place<\/strong> et <strong>ergonomie<\/strong>\u00a0sont ainsi assur\u00e9s quelque soit la superficie de votre salle de bain._x000D_n<\/p>\n<h3><\/h3>\n<p>_x000D_n<\/p>\n<h3>Crochet double comme pat\u00e8re pour paroi de douche en verre<\/h3>\n<p>_x000D_nCette pat\u00e8re pour paroi de douche en verre est en <strong>acier inoxydable<\/strong>. Elle est <strong>solide<\/strong> mais poss\u00e8de des parties recouvertes de plastique pour ne pas endommager\u00a0la <strong>paroi en verre<\/strong>. Cette robustesse vous permet de suspendre sans inqui\u00e9tude tout ce dont vous avez besoin!_x000D_n_x000D_nPar ailleurs, c\u00f4t\u00e9 installation, il suffit\u00a0juste de <strong>la poser\u00a0sur la paroi<\/strong>, rien de plus._x000D_n_x000D_nPour terminer, et afin de v\u00e9rifier la faisabilit\u00e9 d&rsquo;utilisation de votre pat\u00e8re double, voici ses dimensions sp\u00e9cifiques 8 cm X 3,5 cm X 8 cm._x000D_n_x000D_n&nbsp;_x000D_n_x000D_nInd\u00e9niablement, nos clients choisissent cette r\u00e9f\u00e9rence pour son <strong>adaptabilit\u00e9 sp\u00e9cifique \u00e0 toute paroi en verre<\/strong> mais elle apportera aussi un<strong>\u00a0gain de place<\/strong>, une<strong> utilit\u00e9 pratique<\/strong> et un <strong>confort\u00a0\u00e0 votre univers<\/strong>. N&rsquo;h\u00e9sitez donc pas \u00e0 nous contacter pour toutes questions compl\u00e9mentaires via notre formulaire en page <a href=\"https:\/\/1001pateres.com\/contactez-nous\/\">Contact<\/a>. Nous pourrons ainsi vous conseiller au mieux, selon votre recherche sp\u00e9cifique.<\/p>\n","protected":false},"excerpt":{"rendered":"<p>Pat\u00e8re double tr\u00e8s pratique pour poser sur la <em><strong>paroi de verre<\/strong><\/em> de la douche de la marq00ue, chaque c\u00f4t\u00e9 offre deux crochets pour suspendre v\u00eatements et serviettes de toilette.<\/p>\n","protected":false},"featured_media":1370,"comment_status":"closed","ping_status":"open","template":"","meta":[],"product_cat":[17],"product_tag":[27],"class_list":["post-246","product","type-product","status-publish","has-post-thumbnail","hentry","product_cat-salle-de-bain","product_tag-crochet-patere-patere-design-patere-murale-patere-porte-pateres-porte-serviette-porte-torchon-vestiaire","description-off"],"_links":{"self":[{"href":"https:\/\/roulettes.vaniseo.top\/index.php\/wp-json\/wp\/v2\/product\/246","targetHints":{"allow":["GET"]}}],"collection":[{"href":"https:\/\/roulettes.vaniseo.top\/index.php\/wp-json\/wp\/v2\/product"}],"about":[{"href":"https:\/\/roulettes.vaniseo.top\/index.php\/wp-json\/wp\/v2\/types\/product"}],"replies":[{"embeddable":true,"href":"https:\/\/roulettes.vaniseo.top\/index.php\/wp-json\/wp\/v2\/comments?post=246"}],"version-history":[{"count":0,"href":"https:\/\/roulettes.vaniseo.top\/index.php\/wp-json\/wp\/v2\/product\/246\/revisions"}],"wp:featuredmedia":[{"embeddable":true,"href":"https:\/\/roulettes.vaniseo.top\/index.php\/wp-json\/wp\/v2\/media\/1370"}],"wp:attachment":[{"href":"https:\/\/roulettes.vaniseo.top\/index.php\/wp-json\/wp\/v2\/media?parent=246"}],"wp:term":[{"taxonomy":"product_cat","embeddable":true,"href":"https:\/\/roulettes.vaniseo.top\/index.php\/wp-json\/wp\/v2\/product_cat?post=246"},{"taxonomy":"product_tag","embeddable":true,"href":"https:\/\/roulettes.vaniseo.top\/index.php\/wp-json\/wp\/v2\/product_tag?post=246"}],"curies":[{"name":"wp","href":"https:\/\/api.w.org\/{rel}","templated":true}]}}