{"id":247,"date":"2022-04-04T16:20:57","date_gmt":"2022-04-04T14:20:57","guid":{"rendered":"https:\/\/roulettes.vaniseo.top\/index.php\/produit\/crochet-salle-de-bain-autocollant-tige-aluminium-wenko\/"},"modified":"2022-04-04T17:18:14","modified_gmt":"2022-04-04T15:18:14","slug":"crochet-salle-de-bain-autocollant-tige-aluminium-wenko","status":"publish","type":"product","link":"https:\/\/roulettes.vaniseo.top\/index.php\/produit\/crochet-salle-de-bain-autocollant-tige-aluminium-wenko\/","title":{"rendered":"Crochet salle de bain autocollant tige aluminium WENKO"},"content":{"rendered":"<h3>Pat\u00e8re autocollante simple tige aluminium WENKO<\/h3>\n<p>_x000D_n1001 Pat\u00e8res vous propose plus d&rsquo;informations concernant le <strong>crochet salle de bain autocollant tige aluminium<\/strong> de <a href=\"https:\/\/1001pateres.com\/brand\/wenko\/\">Wenko<\/a>._x000D_n_x000D_nD&rsquo;ailleurs, vous adorerez d\u00e9couvrir la s\u00e9lection de <strong>1001 Pat\u00e8res<\/strong> sur ce site. Nous nous effor\u00e7ons au quotidien de vous pr\u00e9senter des r\u00e9f\u00e9rences de <strong>designers internationaux<\/strong> aux <strong>meilleurs rapports qualit\u00e9 prix<\/strong>._x000D_n_x000D_nAinsi, ici, d\u00e9couvrez Wenko. Cette <strong>marque allemande<\/strong> propose des <strong>objets pratiques et d\u00e9coratifs<\/strong> pour la maison. 1001 Pat\u00e8res a notamment choisi une \u00e9chelle et un <a href=\"https:\/\/1001pateres.com\/produit\/porte-manteaux-sur-pieds-en-bambou-wenko\/\">porte manteaux sur pieds en bambou<\/a> qui font partis de nos best sellers. En plus, vous retrouvez aussi ce crochet salle de bain autocollant tige aluminium pour suspendre vos gants de toilette, fleurs de douche etc&#8230;_x000D_n_x000D_nVous aimerez cette\u00a0pat\u00e8re autocollante\u00a0simple tige aluminium <em>WENKO<\/em> pour son <strong>c\u00f4t\u00e9 pratique et son design naturel.<\/strong>_x000D_n_x000D_n&nbsp;_x000D_n<\/p>\n<h3>Crochet salle de bain autocollant tige aluminium<\/h3>\n<p>_x000D_nPar ailleurs, elle comporte une <strong>tige simple en acier inoxydable<\/strong> et un syst\u00e8me d&rsquo;accrochage avec un <strong>patin autocollant au dos<\/strong>. Alors, elle est tr\u00e8s simple \u00e0 poser et vous pourrez la\u00a0coller partout o\u00f9 vous en avez besoin. Celle-ci convient aussi \u00e0<strong> vos autres pi\u00e8ces de la maison<\/strong>: toilette, cuisine, buanderie, laverie&#8230; Elle est vraiment id\u00e9ale pour accrocher torchons ou maniques._x000D_n_x000D_nDe plus, en tant que pat\u00e8re autocollante, elle <strong>se place directement sur de nombreux mat\u00e9riaux<\/strong> tels que le carrelage ou sur les portes des chambres d&rsquo;h\u00f4tels pour tenir les panneaux ext\u00e9rieurs._x000D_n_x000D_nTenez tout de m\u00eame compte de ses <strong>dimensions<\/strong> de:_x000D_n<\/p>\n<ul>_x000D_n \t<\/p>\n<li>Base de diam\u00e8tre 4,8 cm<\/li>\n<p>_x000D_n \t<\/p>\n<li>Tige m\u00e9tal de diam\u00e8tre 1,5 cm et de longueur 3,3 cm.<\/li>\n<p>_x000D_n<\/ul>\n<p>_x000D_nPour terminer, si vous souhaitez optimiser l&rsquo;ensemble de votre salle de bain sp\u00e9cifiquement, pensez aussi \u00e0 jeter un oeil chez WENKO, aux solutions de <strong>crochet par lot de 2 pour s\u00e8che serviettes<\/strong>, et pour <strong>paroi de verre de douche<\/strong>. Ce sont des incontournables!<\/p>\n","protected":false},"excerpt":{"rendered":"<p>Jolie pat\u00e8re <strong>tige aluminium<\/strong> autocollante <em><strong>WENKO<\/strong><\/em> id\u00e9ale pour accrocher serviettes, gants, torchons ou maniques.\u00a0La pat\u00e8re tige aluminium autocollante est pratique et a un design naturel.\u00a0Pat\u00e8re autocollante, elle se placera directement sur le carrelage dans les univers de la salle de bain ou sur les porte des h\u00f4tels pour tenir les panneaux ext\u00e9rieurs.<\/p>\n","protected":false},"featured_media":1372,"comment_status":"closed","ping_status":"open","template":"","meta":[],"product_cat":[19,21,22,17,23],"product_tag":[26],"class_list":["post-247","product","type-product","status-publish","has-post-thumbnail","hentry","product_cat-collectivite","product_cat-entreprise","product_cat-pro","product_cat-salle-de-bain","product_cat-toilette-wc","product_tag-crochet-patere-patere-design-patere-murale-patere-porte-pateres-porte-serviette-porte-torchon","description-off"],"_links":{"self":[{"href":"https:\/\/roulettes.vaniseo.top\/index.php\/wp-json\/wp\/v2\/product\/247","targetHints":{"allow":["GET"]}}],"collection":[{"href":"https:\/\/roulettes.vaniseo.top\/index.php\/wp-json\/wp\/v2\/product"}],"about":[{"href":"https:\/\/roulettes.vaniseo.top\/index.php\/wp-json\/wp\/v2\/types\/product"}],"replies":[{"embeddable":true,"href":"https:\/\/roulettes.vaniseo.top\/index.php\/wp-json\/wp\/v2\/comments?post=247"}],"version-history":[{"count":0,"href":"https:\/\/roulettes.vaniseo.top\/index.php\/wp-json\/wp\/v2\/product\/247\/revisions"}],"wp:featuredmedia":[{"embeddable":true,"href":"https:\/\/roulettes.vaniseo.top\/index.php\/wp-json\/wp\/v2\/media\/1372"}],"wp:attachment":[{"href":"https:\/\/roulettes.vaniseo.top\/index.php\/wp-json\/wp\/v2\/media?parent=247"}],"wp:term":[{"taxonomy":"product_cat","embeddable":true,"href":"https:\/\/roulettes.vaniseo.top\/index.php\/wp-json\/wp\/v2\/product_cat?post=247"},{"taxonomy":"product_tag","embeddable":true,"href":"https:\/\/roulettes.vaniseo.top\/index.php\/wp-json\/wp\/v2\/product_tag?post=247"}],"curies":[{"name":"wp","href":"https:\/\/api.w.org\/{rel}","templated":true}]}}