{"id":249,"date":"2022-04-04T16:20:57","date_gmt":"2022-04-04T14:20:57","guid":{"rendered":"https:\/\/roulettes.vaniseo.top\/index.php\/produit\/patere-tete-delan-couleur-vert-deau-capventure-zoo\/"},"modified":"2022-04-04T17:18:15","modified_gmt":"2022-04-04T15:18:15","slug":"patere-tete-delan-couleur-vert-deau-capventure-zoo","status":"publish","type":"product","link":"https:\/\/roulettes.vaniseo.top\/index.php\/produit\/patere-tete-delan-couleur-vert-deau-capventure-zoo\/","title":{"rendered":"Pat\u00e8re t\u00eate d\u2019\u00e9lan couleur vert d&rsquo;eau CapVenture ZOO"},"content":{"rendered":"<h3 class=\"product_title entry-title\">Pat\u00e8re t\u00eate d\u2019\u00e9lan verte en r\u00e9sine de CapVenture, collection ZOO<\/h3>\n<p>_x000D_nPour compl\u00e9ter votre int\u00e9rieur d&rsquo;une <strong>touche de vert doux<\/strong>, osez investir dans une <strong>solution de rangement<\/strong> \u00e0 la hauteur de votre <strong>d\u00e9coration d&rsquo;int\u00e9rieur originale et design<\/strong>. Pour cela, la <strong>pat\u00e8re t\u00eate d&rsquo;\u00e9lan couleur vert d&rsquo;eau<\/strong> de la marque <a href=\"https:\/\/www.capventure.com\" target=\"_blank\" rel=\"noopener\"><strong>CapVenture<\/strong><\/a>, collection <strong>ZOO<\/strong>, sera parfaite!_x000D_n_x000D_nEn effet, 1001 Pat\u00e8res est un site de vente en ligne, actuellement<strong> n\u00b01 en France de la vente de pat\u00e8res et porte manteaux<\/strong>. Avec elle, profitez d&rsquo;une s\u00e9lection internationale de pat\u00e8res \u00e0 un super rapport qualit\u00e9 prix, pour d\u00e9corer ET ranger._x000D_n_x000D_nIci, c&rsquo;est tout \u00e0 fait le cas avec la marque <a href=\"https:\/\/1001pateres.com\/brand\/capventure\/\">CapVenture<\/a>. En effet, originaire des Pays-Bas, cette marque propose<strong> plusieurs collections de pat\u00e8res en forme de t\u00eate d&rsquo;animaux en r\u00e9sine<\/strong>. Cette mati\u00e8re est <strong>ultra r\u00e9sistante et robuste<\/strong>. Chaque pat\u00e8re permet ainsi d&rsquo;<strong>accueillir jusqu&rsquo;\u00e0 5 kg d&rsquo;affaires<\/strong>. Ce qui en fait un <strong>objet vraiment passe -partout<\/strong> \u00e0 utiliser dans <strong>n&rsquo;importe quelle pi\u00e8ce de la maison<\/strong>._x000D_n_x000D_nAinsi sur notre site, d\u00e9couvrez un large choix de <strong>collections<\/strong> : Zoo, Ferme, Animaux Sauvages. Gr\u00e2ce \u00e0 elles, nos clients aiment d\u00e9multiplier leurs achats de pat\u00e8res pour <strong>cr\u00e9er de v\u00e9ritables univer<\/strong>s. Les pat\u00e8res sont alors fix\u00e9es au mur directement ou sur un <a href=\"https:\/\/1001pateres.com\/produit\/trophee-pour-pateres-zoo-capventure\/\">Troph\u00e9e CapVenture<\/a>._x000D_n_x000D_n&nbsp;_x000D_n<\/p>\n<h3>Pat\u00e8re t\u00eate d\u2019\u00e9lan couleur vert d&rsquo;eau CapVenture : collection ZOO<\/h3>\n<p>_x000D_nPar ailleurs, ci -contre il s&rsquo;agit de la pat\u00e8re t\u00eate d&rsquo;\u00e9lan de couleur vert d&rsquo;eau. Celle-ci est aussi disponible en couleurs <b> noire laqu\u00e9e<\/b>,<b>\u00a0argent\u00e9e<\/b>, <strong>bleue p\u00e9trole<\/strong>, <strong>beige, et <a href=\"https:\/\/1001pateres.com\/produit\/patere-design-zoo-tete-elan-blanc-laque\/\">blanche<\/a><\/strong>. Pour d&rsquo;autres t\u00eates d&rsquo;animaux de la m\u00eame collection, visitez les pages des t\u00eates de <strong>L\u00e9opard,\u00a0Ours brun,\u00a0Faon,\u00a0Loup, et\u00a0Renard.<\/strong> Celles-ci sont disponibles en <strong>coloris unique<\/strong>. Pour d&rsquo;autres animaux en coloris vari\u00e9s, jetez un oeil aux\u00a0<strong>t\u00eates d\u2019\u00e9l\u00e9phant, de girafe, de cerf et de lapin.<\/strong>_x000D_n_x000D_nQuelque soit celle(s) que vous choisissez, toute comporte un syst\u00e8me d&rsquo;accrochage avec une vis et une cheville fournies.\u00a0Sa pose n\u00e9cessite l&rsquo;utilisation d&rsquo;une perceuse._x000D_n<\/p>\n<h4>Dimensions :<\/h4>\n<p>_x000D_n<\/p>\n<ul>_x000D_n \t<\/p>\n<li>La t\u00eate d&rsquo;\u00e9lan\u00a0:8,3 cm X 6 cm<\/li>\n<p>_x000D_n \t<\/p>\n<li>Ecartement du mur 5 cm<\/li>\n<p>_x000D_n<\/ul>\n","protected":false},"excerpt":{"rendered":"<p>Belle pat\u00e8re design de la s\u00e9rie du ZOO en forme de t\u00eate d&rsquo;<strong>\u00e9lan vert<\/strong> d&rsquo;eau mat.\u00a0Cette t\u00eate d&rsquo;animal du zoo\u00a0de la marque <em><strong>CAPVENTURE<\/strong><\/em>\u00a0est en r\u00e9sine.\u00a0Elle est \u00e0 poser dans la chambre ou dans l&rsquo;entr\u00e9e pour ne plus voir trainer ses affaires.<\/p>\n","protected":false},"featured_media":1378,"comment_status":"closed","ping_status":"open","template":"","meta":[],"product_cat":[16,32],"product_tag":[27],"class_list":["post-249","product","type-product","status-publish","has-post-thumbnail","hentry","product_cat-chambre-enfant","product_cat-entree-sejour","product_tag-crochet-patere-patere-design-patere-murale-patere-porte-pateres-porte-serviette-porte-torchon-vestiaire","description-off"],"_links":{"self":[{"href":"https:\/\/roulettes.vaniseo.top\/index.php\/wp-json\/wp\/v2\/product\/249","targetHints":{"allow":["GET"]}}],"collection":[{"href":"https:\/\/roulettes.vaniseo.top\/index.php\/wp-json\/wp\/v2\/product"}],"about":[{"href":"https:\/\/roulettes.vaniseo.top\/index.php\/wp-json\/wp\/v2\/types\/product"}],"replies":[{"embeddable":true,"href":"https:\/\/roulettes.vaniseo.top\/index.php\/wp-json\/wp\/v2\/comments?post=249"}],"version-history":[{"count":0,"href":"https:\/\/roulettes.vaniseo.top\/index.php\/wp-json\/wp\/v2\/product\/249\/revisions"}],"wp:featuredmedia":[{"embeddable":true,"href":"https:\/\/roulettes.vaniseo.top\/index.php\/wp-json\/wp\/v2\/media\/1378"}],"wp:attachment":[{"href":"https:\/\/roulettes.vaniseo.top\/index.php\/wp-json\/wp\/v2\/media?parent=249"}],"wp:term":[{"taxonomy":"product_cat","embeddable":true,"href":"https:\/\/roulettes.vaniseo.top\/index.php\/wp-json\/wp\/v2\/product_cat?post=249"},{"taxonomy":"product_tag","embeddable":true,"href":"https:\/\/roulettes.vaniseo.top\/index.php\/wp-json\/wp\/v2\/product_tag?post=249"}],"curies":[{"name":"wp","href":"https:\/\/api.w.org\/{rel}","templated":true}]}}