{"id":25,"date":"2022-04-04T16:20:00","date_gmt":"2022-04-04T14:20:00","guid":{"rendered":"https:\/\/roulettes.vaniseo.top\/index.php\/produit\/patere-ventouse-dos-et-pattes-de-crocodile-vert\/"},"modified":"2022-04-04T17:08:38","modified_gmt":"2022-04-04T15:08:38","slug":"patere-ventouse-dos-et-pattes-de-crocodile-vert","status":"publish","type":"product","link":"https:\/\/roulettes.vaniseo.top\/index.php\/produit\/patere-ventouse-dos-et-pattes-de-crocodile-vert\/","title":{"rendered":"Pat\u00e8re ventouse dos et pattes de crocodile vert"},"content":{"rendered":"<h3>Porte-serviette ventouse crocodile vert<\/h3>\n<p>_x000D_n<\/p>\n<div class=\"woocommerce-tabs wc-tabs-wrapper\">_x000D_n<\/p>\n<div id=\"tab-description\" class=\"woocommerce-Tabs-panel woocommerce-Tabs-panel--description panel entry-content wc-tab\" role=\"tabpanel\" aria-labelledby=\"tab-title-description\">_x000D_n_x000D_nBesoin d\u2019astuces pour pousser toute la famille \u00e0 mieux participer au rangement de la maison? 1001 Pat\u00e8res vous vient en aide! Elle vous conseille tout d\u2019abord, d&rsquo;arr\u00eater l\u2019autorit\u00e9, et de passer \u00e0 la m\u00e9thode \u00ab\u00a02nd degr\u00e9\u00a0\u00bb. Utilisez pour cela la\u00a0<strong>pat\u00e8re ventouse en plastique rigolote<\/strong>\u00a0en forme d\u2019<strong>arri\u00e8re-train de\u00a0crocodile vert<\/strong>! Franchement, quoi de plus ludique?!_x000D_n_x000D_nD\u00e9couvrez ci dessous toutes ses informations techniques et d\u00e9coratives._x000D_n_x000D_nMais d\u2019abord, pr\u00e9sentons rapidement sa marque,\u00a0<a href=\"https:\/\/1001pateres.com\/brand\/1001pateres\/\"><strong>1001 Pat\u00e8res<\/strong><\/a>. En effet, c\u2019est une marque et un site marchand\u00a0fran\u00e7ais de porte manteaux. <strong>N\u00b01 en France<\/strong>, il est le leader du\u00a0<strong>choix et de la qualit\u00e9<\/strong> quelque soit votre style et votre budget. D\u2019ailleurs, ce site s&rsquo;adresse aux particuliers mais aussi aux professionnels._x000D_n_x000D_n&nbsp;_x000D_n<\/p>\n<h3>Pat\u00e8re ventouse dos et pattes de crocodile vert en plastique<\/h3>\n<p>_x000D_nAinsi, ci contre, il s\u2019agit d\u2019une\u00a0<strong>pat\u00e8re ventouse dos et patte en\u00a0<\/strong><strong>plastique pouvant<\/strong>\u00a0aussi bien \u00eatre utilis\u00e9e dans la <strong>douche<\/strong>, que dans une <strong>salle de bain<\/strong>, un <strong>toilette<\/strong>, ou encore une <strong>cuisine<\/strong>. Cette polyvalence lui permet de prendre une fonction de\u00a0<strong>porte gant, porte fleur de douche, porte serviette, porte torchon<\/strong> etc._x000D_n_x000D_nCes arri\u00e8res trains d\u2019animaux color\u00e9s sont disponibles en\u00a0<strong>6 queues et pattes diff\u00e9rentes<\/strong> inspir\u00e9es du <strong>crocodile<\/strong>, de l&rsquo;<strong>oie<\/strong>, du <strong>chien<\/strong>, du <strong>kangourou<\/strong>, du <strong>tigre<\/strong> et du <strong>cheval<\/strong>. Ils sont disponibles \u00e0 la vente par\u00a0<a href=\"https:\/\/1001pateres.com\/produit\/lot-de-6-pateres-rigolotes-ventouses-animaux\/\"><strong>lot de 6<\/strong><\/a>, ou pour\u00a0<strong>chacune \u00e0 l\u2019unit\u00e9<\/strong>._x000D_n_x000D_nC\u00f4t\u00e9 utilisation ensuite, ce type de pat\u00e8re ventouse est id\u00e9ale pour \u00eatre utiliser \u00e0 m\u00eame le carrelage. Donc rien de plus simple pour son installation: pas besoin de percer, pas besoin d\u2019outils, juste une ventouse propre suffira!_x000D_n_x000D_nEn <strong>plastique<\/strong>, elle peut supporter un <strong>poids d\u2019environ 2 kg<\/strong>.\u00a0Enfin, voici ses <strong>dimensions<\/strong> sp\u00e9cifiques \u00e0 l\u2019unit\u00e9:_x000D_n<\/p>\n<ul>_x000D_n \t<\/p>\n<li>Diam\u00e8tre de la ventouse plastique transparente et crocodile vert: 4,3\u00a0cm<\/li>\n<p>_x000D_n \t<\/p>\n<li>Ecartement du mur: 5 cm<\/li>\n<p>_x000D_n<\/ul>\n<p>_x000D_nContactez nous pour toutes questions compl\u00e9mentaires via la page Contact de ce site ou par t\u00e9l\u00e9phone._x000D_n_x000D_n<\/p><\/div>\n<p>_x000D_n<\/p><\/div>\n<p>_x000D_n<\/p>\n<section class=\"up-sells upsells products\"><\/section>\n","protected":false},"excerpt":{"rendered":"<p>Jolie <strong>pat\u00e8re ventouse<\/strong> en forme d&rsquo;arri\u00e8re de <em><strong>crocodile<\/strong><\/em> de couleur verte.\u00a0Elle comporte un syst\u00e8me d&rsquo;accrochage form\u00e9 de la queue et des pattes du crocodile.\u00a0Le design est simple et naif pour apporter une touche de couleur dans la salle de bain ou dans la cuisine.<\/p>\n","protected":false},"featured_media":738,"comment_status":"closed","ping_status":"open","template":"","meta":[],"product_cat":[20,17,23],"product_tag":[24],"class_list":["post-25","product","type-product","status-publish","has-post-thumbnail","hentry","product_cat-cuisine","product_cat-salle-de-bain","product_cat-toilette-wc","product_tag-crochet-patere-patere-design-patere-murale-patere-porte-porte-serviette-porte-torchon","description-off"],"_links":{"self":[{"href":"https:\/\/roulettes.vaniseo.top\/index.php\/wp-json\/wp\/v2\/product\/25","targetHints":{"allow":["GET"]}}],"collection":[{"href":"https:\/\/roulettes.vaniseo.top\/index.php\/wp-json\/wp\/v2\/product"}],"about":[{"href":"https:\/\/roulettes.vaniseo.top\/index.php\/wp-json\/wp\/v2\/types\/product"}],"replies":[{"embeddable":true,"href":"https:\/\/roulettes.vaniseo.top\/index.php\/wp-json\/wp\/v2\/comments?post=25"}],"version-history":[{"count":0,"href":"https:\/\/roulettes.vaniseo.top\/index.php\/wp-json\/wp\/v2\/product\/25\/revisions"}],"wp:featuredmedia":[{"embeddable":true,"href":"https:\/\/roulettes.vaniseo.top\/index.php\/wp-json\/wp\/v2\/media\/738"}],"wp:attachment":[{"href":"https:\/\/roulettes.vaniseo.top\/index.php\/wp-json\/wp\/v2\/media?parent=25"}],"wp:term":[{"taxonomy":"product_cat","embeddable":true,"href":"https:\/\/roulettes.vaniseo.top\/index.php\/wp-json\/wp\/v2\/product_cat?post=25"},{"taxonomy":"product_tag","embeddable":true,"href":"https:\/\/roulettes.vaniseo.top\/index.php\/wp-json\/wp\/v2\/product_tag?post=25"}],"curies":[{"name":"wp","href":"https:\/\/api.w.org\/{rel}","templated":true}]}}