{"id":250,"date":"2022-04-04T16:20:57","date_gmt":"2022-04-04T14:20:57","guid":{"rendered":"https:\/\/roulettes.vaniseo.top\/index.php\/produit\/patere-design-animal-de-la-ferme-tete-de-petit-lapin-brun\/"},"modified":"2022-04-04T17:18:17","modified_gmt":"2022-04-04T15:18:17","slug":"patere-design-animal-de-la-ferme-tete-de-petit-lapin-brun","status":"publish","type":"product","link":"https:\/\/roulettes.vaniseo.top\/index.php\/produit\/patere-design-animal-de-la-ferme-tete-de-petit-lapin-brun\/","title":{"rendered":"Pat\u00e8re design animal de la ferme t\u00eate de petit lapin brun"},"content":{"rendered":"<h3>Porte manteau mural design \u00e0 l&rsquo;unit\u00e9 en t\u00eate de lapin brun<\/h3>\n<p>_x000D_nD\u00e9couvrez ici un des animaux de la collection <strong>Animal de la Ferme<\/strong> comme\u00a0<strong>pat\u00e8re design<\/strong>. Chaque <strong>porte manteau mural<\/strong> est vendu <strong>\u00e0 l&rsquo;unit\u00e9<\/strong>. 1001 Pat\u00e8res vous propose donc un descriptif complet de cette belle pat\u00e8re en forme de\u00a0<strong>t\u00eate de petit lapin brun<\/strong>._x000D_n_x000D_nTout d&rsquo;abord, la collection<em> Animal de la Ferme<\/em> est issue de la marque <strong><a href=\"https:\/\/www.capventure.com\" target=\"_blank\" rel=\"noopener noreferrer\">Cap Venture<\/a><\/strong>. 1001 Pat\u00e8res vous propose plusieurs r\u00e9f\u00e9rences de la marque et de cette collection. Retrouvez par exemple les t\u00eates de <a href=\"https:\/\/1001pateres.com\/produit\/patere-design-animal-de-la-ferme-cochon-blanc\/\">cochon blanc<\/a>, de coq, de vache, de <a href=\"https:\/\/1001pateres.com\/produit\/patere-design-animal-ferme-tete-de-mouton\/\">mouton<\/a>, ou encore d&rsquo;<a href=\"https:\/\/1001pateres.com\/produit\/patere-design-animal-ferme-tete-ane-gris\/\">\u00e2ne gris<\/a>. Toutes au prix de <strong>9,90 \u20ac<\/strong>. Une vraie r\u00e9ussite <strong>pour offrir ou pour ranger soi-m\u00eame avec humour et d\u00e9licatesse<\/strong> avec <strong>petits et grands<\/strong>!_x000D_n_x000D_nEnfin, d\u00e9couvrez aussi sur ce site une seconde collection Cap Venture de t\u00eates d&rsquo;animal. Car, au del\u00e0 de la collection <em>Animal de la Ferme<\/em>, 1001 Pat\u00e8res propose aussi au m\u00eame prix, la collection <strong>ZOO<\/strong>!_x000D_n_x000D_n&nbsp;_x000D_n<\/p>\n<h3>Pat\u00e8re design murale Capventure et syst\u00e8me d&rsquo;accrochage<\/h3>\n<p>_x000D_nChez\u00a0<a href=\"https:\/\/1001pateres.com\/brand\/capventure\/\" target=\"_blank\" rel=\"noopener noreferrer\"><em><strong>CAPVENTURE<\/strong><\/em><\/a>, chaque pat\u00e8re design est en <strong>r\u00e9sine<\/strong>. Il s&rsquo;agira donc d&rsquo;un <strong>investissement de choix<\/strong>, o\u00f9 la <strong>robustesse<\/strong> ne sera pas un souci!_x000D_n_x000D_nLa pat\u00e8re de t\u00eate de petit lapin brun r\u00e9siste \u00e0 un poids de <strong>5 kg<\/strong>. Elle comporte un syst\u00e8me d&rsquo;accrochage <strong>avec une vis et une cheville<\/strong>. Sa pose n\u00e9cessite l&rsquo;utilisation d&rsquo;une perceuse._x000D_n_x000D_nAinsi, en choisissant la t\u00eate de petit lapin brun, vous vous offrez un <strong>d\u00e9cor original, moderne\u00a0et plein d&rsquo;humour<\/strong>. Vous n&rsquo;aurez aucun mal \u00e0 lui trouver une place autant dans une <strong>chambre<\/strong>, que dans une <strong>salle de bain<\/strong>, une <strong>buanderie \/ garage<\/strong>, ou encore dans une <strong>entr\u00e9e<\/strong>._x000D_n_x000D_n&nbsp;_x000D_n<\/p>\n<h3>Porte manteau mural design Cap Venture: dimensions<\/h3>\n<p>_x000D_nPour terminer, d\u00e9couvrez ici les dimensions n\u00e9cessaires pour son installation dans en encombrant sur le mur qu&rsquo;en profondeur:_x000D_n<\/p>\n<ul>_x000D_n \t<\/p>\n<li>La t\u00eate de lapin\u00a0est de dimension 5 cm X 6 cm<\/li>\n<p>_x000D_n \t<\/p>\n<li>Ecartement du mur 5 cm<\/li>\n<p>_x000D_n<\/ul>\n<p>_x000D_nBien s\u00fbr, vous n&rsquo;aurez aucun mal \u00e0 l&rsquo;int\u00e9grer!<\/p>\n","protected":false},"excerpt":{"rendered":"<p>D\u00e9couvrez chez 1001 Pat\u00e8res, cette belle <strong>pat\u00e8re design<\/strong> de la collection <strong>Animal de la ferme<\/strong> en forme de t\u00eate de petit <strong>lapin brun<\/strong>.\u00a0Cette collection Animal de la ferme est de la marque <em><strong>CAPVENTURE<\/strong><\/em>._x000D_n_x000D_nChaque t\u00eate\u00a0est en <strong>r\u00e9sine<\/strong> et supporte jusqu&rsquo;\u00e0 5 kg. Pour <strong>enfants et grands enfants<\/strong>, elle est facile \u00e0 int\u00e9grer dans de nombreuses pi\u00e8ces de la maison, avec <strong>humour et \u00e9l\u00e9gance<\/strong>!<\/p>\n","protected":false},"featured_media":1382,"comment_status":"closed","ping_status":"open","template":"","meta":[],"product_cat":[16,32],"product_tag":[27],"class_list":["post-250","product","type-product","status-publish","has-post-thumbnail","hentry","product_cat-chambre-enfant","product_cat-entree-sejour","product_tag-crochet-patere-patere-design-patere-murale-patere-porte-pateres-porte-serviette-porte-torchon-vestiaire","description-off"],"_links":{"self":[{"href":"https:\/\/roulettes.vaniseo.top\/index.php\/wp-json\/wp\/v2\/product\/250","targetHints":{"allow":["GET"]}}],"collection":[{"href":"https:\/\/roulettes.vaniseo.top\/index.php\/wp-json\/wp\/v2\/product"}],"about":[{"href":"https:\/\/roulettes.vaniseo.top\/index.php\/wp-json\/wp\/v2\/types\/product"}],"replies":[{"embeddable":true,"href":"https:\/\/roulettes.vaniseo.top\/index.php\/wp-json\/wp\/v2\/comments?post=250"}],"version-history":[{"count":0,"href":"https:\/\/roulettes.vaniseo.top\/index.php\/wp-json\/wp\/v2\/product\/250\/revisions"}],"wp:featuredmedia":[{"embeddable":true,"href":"https:\/\/roulettes.vaniseo.top\/index.php\/wp-json\/wp\/v2\/media\/1382"}],"wp:attachment":[{"href":"https:\/\/roulettes.vaniseo.top\/index.php\/wp-json\/wp\/v2\/media?parent=250"}],"wp:term":[{"taxonomy":"product_cat","embeddable":true,"href":"https:\/\/roulettes.vaniseo.top\/index.php\/wp-json\/wp\/v2\/product_cat?post=250"},{"taxonomy":"product_tag","embeddable":true,"href":"https:\/\/roulettes.vaniseo.top\/index.php\/wp-json\/wp\/v2\/product_tag?post=250"}],"curies":[{"name":"wp","href":"https:\/\/api.w.org\/{rel}","templated":true}]}}