{"id":251,"date":"2022-04-04T16:20:57","date_gmt":"2022-04-04T14:20:57","guid":{"rendered":"https:\/\/roulettes.vaniseo.top\/index.php\/produit\/patere-girafe-blanc-laque-collection-zoo-par-capventure\/"},"modified":"2022-04-04T17:18:18","modified_gmt":"2022-04-04T15:18:18","slug":"patere-girafe-blanc-laque-collection-zoo-par-capventure","status":"publish","type":"product","link":"https:\/\/roulettes.vaniseo.top\/index.php\/produit\/patere-girafe-blanc-laque-collection-zoo-par-capventure\/","title":{"rendered":"Pat\u00e8re girafe blanc laqu\u00e9, collection Zoo par CapVenture"},"content":{"rendered":"<h3>Pat\u00e8re t\u00eate de girafe blanche par CapVenture en r\u00e9sine<\/h3>\n<p>_x000D_n<strong>1001 Pat\u00e8res<\/strong> vous pr\u00e9sente la<strong> pat\u00e8re girafe blanc laqu\u00e9<\/strong>, issue de la collection <strong>ZOO<\/strong> par <strong>CapVenture<\/strong>._x000D_n_x000D_nRetrouvez d&rsquo;ailleurs de nombreuses r\u00e9f\u00e9rences de <strong>t\u00eates d&rsquo;animaux comme pat\u00e8res<\/strong> par <strong>CapVenture<\/strong> sur ce site. En effet, <strong>1001 Pat\u00e8res est le N\u00b01 en France de la pat\u00e8re<\/strong> et il s\u00e9lectionne les meilleurs rapports qualit\u00e9 prix en mati\u00e8re de pat\u00e8res et porte manteaux. Ainsi, CapVenture des Pays Bas, propose \u00e0 la fois du <strong>rangement mural astucieux, d\u00e9coratif et original<\/strong>. Le tout pour seulement <strong>9,90\u20ac l&rsquo;unit\u00e9<\/strong>: il n&rsquo;y a pas de quoi s&rsquo;en priver!_x000D_n_x000D_nPar ailleurs, toutes les t\u00eates d&rsquo;animal sont r\u00e9alis\u00e9es en <strong>r\u00e9sine tr\u00e8s r\u00e9sistante<\/strong>. Cela permet un <strong>support de charge sup\u00e9rieur \u00e0 5 kg<\/strong> et donc une grande <strong>facilit\u00e9 d&rsquo;int\u00e9gration dans n&rsquo;importe quel espace<\/strong>. A la salle de bain, comme \u00e0 l&rsquo;entr\u00e9e, ou dans une chambre, la pat\u00e8re r\u00e9sistera \u00e0 une utilisation r\u00e9p\u00e9t\u00e9e dans le temps._x000D_n_x000D_n&nbsp;_x000D_n<\/p>\n<h3>Installer la pat\u00e8re t\u00eate de girafe blanc laqu\u00e9<\/h3>\n<p>_x000D_nPour l&rsquo;installer, la pat\u00e8re t\u00eate de girafe blanche comme toutes les autres inclut une vis et une cheville!\u00a0Sa pose n\u00e9cessite seulement l&rsquo;utilisation de votre perceuse. Voici ses <strong>dimensions<\/strong> respectives:_x000D_n<\/p>\n<ul>_x000D_n \t<\/p>\n<li>T\u00eate de la girafe : 4 cm X 6,5 cm<\/li>\n<p>_x000D_n \t<\/p>\n<li>\u00c9cartement du mur : 6 cm<\/li>\n<p>_x000D_n<\/ul>\n<p>_x000D_nEnfin, nos clients aiment <strong>d\u00e9multiplier les pat\u00e8res animales d&rsquo;une m\u00eame collection<\/strong> sur un <a href=\"https:\/\/1001pateres.com\/produit\/trophee-pour-pateres-zoo-capventure\/\">troph\u00e9e<\/a> ou sur une m\u00eame ligne. Pr\u00e9f\u00e9rez alors un mur clair pour les valoriser. Dans la collection, vous aurez le choix parmi des t\u00eates peintes \u00e0 la main, vraiment uniques de <strong>l\u00e9opard<\/strong>,\u00a0<strong>z\u00e8bre<\/strong>, <strong>ours<\/strong>,\u00a0<strong>faon<\/strong>,\u00a0<strong>loup<\/strong> et\u00a0<strong>renard<\/strong>._x000D_n_x000D_nD&rsquo;autres sont \u00e9galement disponibles en plusieurs couleurs comme le\u00a0<strong>crocodile<\/strong>, l&rsquo;<strong>\u00e9l\u00e9phant<\/strong>, l\u2019<strong>\u00e9lan<\/strong>, le\u00a0<strong>cerf<\/strong> et le\u00a0<strong>lapin<\/strong>. La girafe, ci contre, est aussi disponible en <strong><a href=\"https:\/\/1001pateres.com\/produit\/patere-design-zoo-animal-tete-girafe-blanc\/\">laqu\u00e9 blanc<\/a>, <a href=\"https:\/\/1001pateres.com\/produit\/patere-design-animal-zoo-tete-de-girafe-tropicale\/\">couleurs classiques<\/a><\/strong> de girafe, en <strong><a href=\"https:\/\/1001pateres.com\/produit\/patere-design-zoo-tete-de-girafe-couleur-cuivree\/\">cuivr\u00e9e<\/a>,<\/strong> en <a href=\"https:\/\/1001pateres.com\/produit\/patere-design-zoo-tete-de-girafe-verte-mat\/\"><strong>vert mat<\/strong><\/a> et en\u00a0<strong><a href=\"https:\/\/1001pateres.com\/produit\/patere-design-zoo-tete-de-girafe-jaune-laque\/\">jaune laqu\u00e9<\/a><\/strong>._x000D_n_x000D_nFaites votre choix!<\/p>\n","protected":false},"excerpt":{"rendered":"<p>Belle pat\u00e8re animal design de la s\u00e9rie du ZOO en forme de t\u00eate de <strong>girafe blanc<\/strong> laqu\u00e9.\u00a0Cette t\u00eate d&rsquo;animal du zoo de la marque <em><strong>CAPVENTURE<\/strong><\/em> est en r\u00e9sine.\u00a0Ce porte-manteau est \u00e0 poser dans la chambre ou dans l&rsquo;entr\u00e9e pour ne plus voir trainer ses affaires.<\/p>\n","protected":false},"featured_media":1386,"comment_status":"closed","ping_status":"open","template":"","meta":[],"product_cat":[16,32],"product_tag":[27],"class_list":["post-251","product","type-product","status-publish","has-post-thumbnail","hentry","product_cat-chambre-enfant","product_cat-entree-sejour","product_tag-crochet-patere-patere-design-patere-murale-patere-porte-pateres-porte-serviette-porte-torchon-vestiaire","description-off"],"_links":{"self":[{"href":"https:\/\/roulettes.vaniseo.top\/index.php\/wp-json\/wp\/v2\/product\/251","targetHints":{"allow":["GET"]}}],"collection":[{"href":"https:\/\/roulettes.vaniseo.top\/index.php\/wp-json\/wp\/v2\/product"}],"about":[{"href":"https:\/\/roulettes.vaniseo.top\/index.php\/wp-json\/wp\/v2\/types\/product"}],"replies":[{"embeddable":true,"href":"https:\/\/roulettes.vaniseo.top\/index.php\/wp-json\/wp\/v2\/comments?post=251"}],"version-history":[{"count":0,"href":"https:\/\/roulettes.vaniseo.top\/index.php\/wp-json\/wp\/v2\/product\/251\/revisions"}],"wp:featuredmedia":[{"embeddable":true,"href":"https:\/\/roulettes.vaniseo.top\/index.php\/wp-json\/wp\/v2\/media\/1386"}],"wp:attachment":[{"href":"https:\/\/roulettes.vaniseo.top\/index.php\/wp-json\/wp\/v2\/media?parent=251"}],"wp:term":[{"taxonomy":"product_cat","embeddable":true,"href":"https:\/\/roulettes.vaniseo.top\/index.php\/wp-json\/wp\/v2\/product_cat?post=251"},{"taxonomy":"product_tag","embeddable":true,"href":"https:\/\/roulettes.vaniseo.top\/index.php\/wp-json\/wp\/v2\/product_tag?post=251"}],"curies":[{"name":"wp","href":"https:\/\/api.w.org\/{rel}","templated":true}]}}