{"id":252,"date":"2022-04-04T16:20:57","date_gmt":"2022-04-04T14:20:57","guid":{"rendered":"https:\/\/roulettes.vaniseo.top\/index.php\/produit\/porte-manteau-porte-serviette-double-en-aluminium-brosse\/"},"modified":"2022-04-04T17:18:19","modified_gmt":"2022-04-04T15:18:19","slug":"porte-manteau-porte-serviette-double-en-aluminium-brosse","status":"publish","type":"product","link":"https:\/\/roulettes.vaniseo.top\/index.php\/produit\/porte-manteau-porte-serviette-double-en-aluminium-brosse\/","title":{"rendered":"Porte-manteau porte-serviette double en aluminium bross\u00e9"},"content":{"rendered":"<h4>Pat\u00e8re accroche double en alu.<\/h4>\n<p>_x000D_nTout d&rsquo;abord<strong>, <\/strong>ce<strong> porte-manteau<\/strong>\u00a0porte-serviette crochet double en aluminium bross\u00e9 peut servir de porte-v\u00eatements ou de porte-chapeaux._x000D_n_x000D_nCe porte-manteau crochet double est de couleur <em><strong>aluminium<\/strong><\/em>\u00a0avec une forme douce et pratique, la base est soud\u00e9e aux crochets doubles et peut comporter d&rsquo;infimes traces de soudure._x000D_n_x000D_nAussi, celui-ci comporte deux accroches simples et un syst\u00e8me d&rsquo;accrochage avec deux emplacements pour des vis fournies._x000D_n_x000D_nCe porte-manteau se vend avec ses chevilles, ses vis et ses caches vis en aluminium._x000D_n_x000D_nUne fois pos\u00e9 dans son univers il s&rsquo;adaptera facilement \u00e0 toute d\u00e9coration int\u00e9rieure et saura se faire discret mais indispensable._x000D_n_x000D_nIl est facile \u00e0 poser mais n\u00e9cessite une perceuse._x000D_n<\/p>\n<h4>Dimensions :<\/h4>\n<p>_x000D_n<\/p>\n<ul>_x000D_n \t<\/p>\n<li>La base de la pat\u00e8re est de dimensions 3,3 cm X 4,4 cm<\/li>\n<p>_x000D_n \t<\/p>\n<li>Ecartement du mur du crochet bas 4,2 cm, \u00e9cartement du mur du crochet haut 5,5 cm<\/li>\n<p>_x000D_n \t<\/p>\n<li>Longueur des vis fournies 2 cm.<\/li>\n<p>_x000D_n<\/ul>\n","protected":false},"excerpt":{"rendered":"<p><strong>Porte-manteau<\/strong> porte-serviette crochet double en <em><strong>aluminium bross\u00e9<\/strong><\/em> qui peut servir de porte-v\u00eatement ou de porte-chapeau.\u00a0Il est de couleur aluminium\u00a0avec une forme douce et pratique.<\/p>\n","protected":false},"featured_media":1390,"comment_status":"closed","ping_status":"open","template":"","meta":[],"product_cat":[19,21,22,17],"product_tag":[37],"class_list":["post-252","product","type-product","status-publish","has-post-thumbnail","hentry","product_cat-collectivite","product_cat-entreprise","product_cat-pro","product_cat-salle-de-bain","product_tag-crochet-patere-patere-design-patere-murale-patere-porte-pateres-porte-chapeau-porte-serviette-porte-torchon-vestiaire","description-off"],"_links":{"self":[{"href":"https:\/\/roulettes.vaniseo.top\/index.php\/wp-json\/wp\/v2\/product\/252","targetHints":{"allow":["GET"]}}],"collection":[{"href":"https:\/\/roulettes.vaniseo.top\/index.php\/wp-json\/wp\/v2\/product"}],"about":[{"href":"https:\/\/roulettes.vaniseo.top\/index.php\/wp-json\/wp\/v2\/types\/product"}],"replies":[{"embeddable":true,"href":"https:\/\/roulettes.vaniseo.top\/index.php\/wp-json\/wp\/v2\/comments?post=252"}],"version-history":[{"count":0,"href":"https:\/\/roulettes.vaniseo.top\/index.php\/wp-json\/wp\/v2\/product\/252\/revisions"}],"wp:featuredmedia":[{"embeddable":true,"href":"https:\/\/roulettes.vaniseo.top\/index.php\/wp-json\/wp\/v2\/media\/1390"}],"wp:attachment":[{"href":"https:\/\/roulettes.vaniseo.top\/index.php\/wp-json\/wp\/v2\/media?parent=252"}],"wp:term":[{"taxonomy":"product_cat","embeddable":true,"href":"https:\/\/roulettes.vaniseo.top\/index.php\/wp-json\/wp\/v2\/product_cat?post=252"},{"taxonomy":"product_tag","embeddable":true,"href":"https:\/\/roulettes.vaniseo.top\/index.php\/wp-json\/wp\/v2\/product_tag?post=252"}],"curies":[{"name":"wp","href":"https:\/\/api.w.org\/{rel}","templated":true}]}}