{"id":253,"date":"2022-04-04T16:20:57","date_gmt":"2022-04-04T14:20:57","guid":{"rendered":"https:\/\/roulettes.vaniseo.top\/index.php\/produit\/vide-poche-mural-design-blanc-5-pateres-estique-organizer-umbra\/"},"modified":"2022-04-04T17:18:23","modified_gmt":"2022-04-04T15:18:23","slug":"vide-poche-mural-design-blanc-5-pateres-estique-organizer-umbra","status":"publish","type":"product","link":"https:\/\/roulettes.vaniseo.top\/index.php\/produit\/vide-poche-mural-design-blanc-5-pateres-estique-organizer-umbra\/","title":{"rendered":"Vide poche mural design blanc 5 pat\u00e8res ESTIQUE ORGANIZER UMBRA"},"content":{"rendered":"<h3>Vide poche entr\u00e9e UMBRA<\/h3>\n<p>_x000D_n<strong>1001 Pat\u00e8res<\/strong> pr\u00e9sente ici toutes les informations concernant le <strong>vide poche mural design blanc<\/strong> et ses <strong>5 pat\u00e8res ESTIQUE ORGANIZER<\/strong> de la marque <a href=\"https:\/\/1001pateres.com\/brand\/umbra\/\"><strong>UMBRA<\/strong><\/a>._x000D_n_x000D_nTout d&rsquo;abord, <a href=\"https:\/\/eu.umbra.com\" target=\"_blank\" rel=\"noopener noreferrer\"><strong>Umbra<\/strong><\/a> est la marque canadienne que 1001 Pat\u00e8res a choisi pour vous offrir <strong>choix, design, modernit\u00e9 et efficacit\u00e9<\/strong>. C&rsquo;est LA marque la plus vendue sur notre site! Nos clients aiment leur principe de <strong>pat\u00e8res d\u00e9ployantes<\/strong>. N&rsquo;h\u00e9sitez pas \u00e0 jeter un oeil sur elles: <a href=\"https:\/\/1001pateres.com\/produit\/porte-manteaux-sticks-umbra-gris\/\">Sticks<\/a>, <a href=\"https:\/\/1001pateres.com\/produit\/porte-manteaux-ville-umbra-blanc\/\">Skyline<\/a>, <a href=\"https:\/\/1001pateres.com\/produit\/porte-manteaux-en-bois-naturel-picket-umbra\/\">Picket<\/a>&#8230;_x000D_n_x000D_nCot\u00e9 vide poche, de nombreuses solutions Umbra sont en ligne. Certaines suivent cette id\u00e9e de pat\u00e8res d\u00e9ployantes comme la version <a href=\"https:\/\/1001pateres.com\/produit\/casier-mural-3-pateres-umbra-laque-blanc-petit-modele-cubby\/\">Cubby<\/a>. D&rsquo;autres ne suivent pas cette id\u00e9e comme <a href=\"https:\/\/1001pateres.com\/produit\/vide-poche-vestiaire-entree-umbra-hammock-gris\/\">Hammock<\/a>, <a href=\"https:\/\/1001pateres.com\/produit\/rangement-pateres-metal-blanc-cradle-umbra\/\">Cradle<\/a>, <a href=\"https:\/\/1001pateres.com\/produit\/porte-manteaux-vestiaire-avec-miroir-cubiko-umbra\/\">Cubiko<\/a>&#8230;_x000D_n_x000D_n&nbsp;_x000D_n<\/p>\n<h3>Vide poche mural design blanc 5 pat\u00e8res en bois<\/h3>\n<p>_x000D_nEt de la m\u00eame fa\u00e7on ici, ce <strong>porte manteau vide poche<\/strong> ne rentre pas dans ce principe mais reste pour autant <strong>design, efficace et tr\u00e8s moderne<\/strong>. Estique Organizer\u00a0poss\u00e8de <strong>5 pat\u00e8res<\/strong> avec un embout en <strong>bois<\/strong> ainsi qu&rsquo;une <strong>\u00e9tag\u00e8re vide poche<\/strong> en <strong>m\u00e9tal ajour\u00e9 blanc<\/strong>._x000D_n_x000D_nIl est id\u00e9al pour une entr\u00e9e d&rsquo;appartement ou de maison par exemple.\u00a0Original et de belle qualit\u00e9, ce vide poche est en <strong>acier peint<\/strong> et en <strong>bois<\/strong>. <span style=\"line-height: 1.5\">Aussi , il permet une touche de <strong>modernit\u00e9<\/strong> dans votre maison tout en restant tr\u00e8s <strong>pratique<\/strong>.<\/span>_x000D_n_x000D_nEnfin, celui-ci comporte un syst\u00e8me d&rsquo;accrochage avec 2 vis et 2 chevilles.\u00a0<span style=\"line-height: 1.5\">Il se fixe au mur avec deux vis et chevilles fournies. Sa pose n\u00e9cessite l&rsquo;usage d&rsquo;une per\u00e7euse. C\u00f4t\u00e9 <strong>dimensions<\/strong>, pr\u00e9voyez un espace suffisant pour accueillir ce vide poche \u00e0 l&rsquo;encombrement suivant:<\/span>_x000D_n<\/p>\n<ul>_x000D_n \t<\/p>\n<li>Vide poche mural design blanc: 32 cm X 9 cm<\/li>\n<p>_x000D_n \t<\/p>\n<li>Ecartement du mur: 10 cm<\/li>\n<p>_x000D_n<\/ul>\n","protected":false},"excerpt":{"rendered":"<p>Vide-poche avec pat\u00e8res de rangement mod\u00e8le <strong>ESTIQUE ORGANIZER<\/strong> de la marque <em><strong>UMBRA<\/strong><\/em>. Ce porte-manteaux ESTIQUE avec 5 pat\u00e8res en bois boule poss\u00e8de une \u00e9tag\u00e8re vide poche en m\u00e9tal ajour\u00e9 blanc, id\u00e9al pour une entr\u00e9e d&rsquo;appartement ou de maison pour y d\u00e9poser son portable ou ses courriers. Elle est originale et de belle qualit\u00e9 en acier peint et bois.<\/p>\n","protected":false},"featured_media":1394,"comment_status":"closed","ping_status":"open","template":"","meta":[],"product_cat":[32],"product_tag":[25],"class_list":["post-253","product","type-product","status-publish","has-post-thumbnail","hentry","product_cat-entree-sejour","product_tag-crochet-patere-patere-design-patere-murale-patere-porte-pateres-porte-manteau-porte-serviette-porte-torchon-vestiaire","description-off"],"_links":{"self":[{"href":"https:\/\/roulettes.vaniseo.top\/index.php\/wp-json\/wp\/v2\/product\/253","targetHints":{"allow":["GET"]}}],"collection":[{"href":"https:\/\/roulettes.vaniseo.top\/index.php\/wp-json\/wp\/v2\/product"}],"about":[{"href":"https:\/\/roulettes.vaniseo.top\/index.php\/wp-json\/wp\/v2\/types\/product"}],"replies":[{"embeddable":true,"href":"https:\/\/roulettes.vaniseo.top\/index.php\/wp-json\/wp\/v2\/comments?post=253"}],"version-history":[{"count":0,"href":"https:\/\/roulettes.vaniseo.top\/index.php\/wp-json\/wp\/v2\/product\/253\/revisions"}],"wp:featuredmedia":[{"embeddable":true,"href":"https:\/\/roulettes.vaniseo.top\/index.php\/wp-json\/wp\/v2\/media\/1394"}],"wp:attachment":[{"href":"https:\/\/roulettes.vaniseo.top\/index.php\/wp-json\/wp\/v2\/media?parent=253"}],"wp:term":[{"taxonomy":"product_cat","embeddable":true,"href":"https:\/\/roulettes.vaniseo.top\/index.php\/wp-json\/wp\/v2\/product_cat?post=253"},{"taxonomy":"product_tag","embeddable":true,"href":"https:\/\/roulettes.vaniseo.top\/index.php\/wp-json\/wp\/v2\/product_tag?post=253"}],"curies":[{"name":"wp","href":"https:\/\/api.w.org\/{rel}","templated":true}]}}