{"id":254,"date":"2022-04-04T16:20:57","date_gmt":"2022-04-04T14:20:57","guid":{"rendered":"https:\/\/roulettes.vaniseo.top\/index.php\/produit\/patere-elephant-blanc-laque-collection-zoo-capventure\/"},"modified":"2022-04-04T17:18:24","modified_gmt":"2022-04-04T15:18:24","slug":"patere-elephant-blanc-laque-collection-zoo-capventure","status":"publish","type":"product","link":"https:\/\/roulettes.vaniseo.top\/index.php\/produit\/patere-elephant-blanc-laque-collection-zoo-capventure\/","title":{"rendered":"Pat\u00e8re \u00e9l\u00e9phant blanc laqu\u00e9, collection Zoo, CapVenture"},"content":{"rendered":"<h3>Pat\u00e8re ZOO CapVenture: t\u00eate d&rsquo;\u00e9l\u00e9phant blanc en r\u00e9sine<\/h3>\n<p>_x000D_n<strong>1001 Pat\u00e8res<\/strong> vous propose de d\u00e9couvrir ici la <strong>pat\u00e8re \u00e9l\u00e9phant blanc laqu\u00e9<\/strong>, issue de la <strong>collection ZOO<\/strong> sign\u00e9e <strong>CapVenture<\/strong>._x000D_n_x000D_nLa boutique en ligne 1001 Pat\u00e8res est n\u00b01 en France en mati\u00e8re de vente de pat\u00e8res. Elle se distingue par un choix de <strong>pat\u00e8res au meilleur rapport qualit\u00e9 prix<\/strong>, issus des 4 coins du monde._x000D_n_x000D_nAinsi, avec <strong>CapVenture<\/strong>, originaire des Pays-Bas, offrez \u00e0 votre int\u00e9rieur, des t\u00eates animales issues des collections <strong>Zoo<\/strong>, <strong>Ferme<\/strong> ou encore <strong>Animal Sauvage<\/strong>. Chaque t\u00eate est <strong>en r\u00e9sine robuste r\u00e9sistant \u00e0 5 kg de charge<\/strong>. Elles sont donc exploitables aussi bien dans une entr\u00e9e que dans une chambre ou une salle de bain._x000D_n_x000D_nPar ailleurs, nos clients aiment <strong>les d\u00e9multiplier<\/strong> pour v\u00e9ritablement insister sur l&rsquo;<strong>aspect d\u00e9coratif original<\/strong> de chaque collection. Pour ce faire, elles sont toutes <strong>vendues avec leur vis et cheville<\/strong>. Il ne vous restera plus qu&rsquo;\u00e0 vous munir de votre perceuse. Pensez tout de m\u00eame \u00e0 v\u00e9rifier les dimensions de votre pan de mur, \u00e0 choisir plut\u00f4t clair, pour savoir combien en mettre. Concernant l&rsquo;\u00e9l\u00e9phant, ses <strong>dimensions<\/strong> sont de:_x000D_n<\/p>\n<ul>_x000D_n \t<\/p>\n<li>La t\u00eate d&rsquo;\u00e9l\u00e9phant: 8 cm X 4 cm<\/li>\n<p>_x000D_n \t<\/p>\n<li>Ecartement du mur : 5 cm<\/li>\n<p>_x000D_n<\/ul>\n<p>_x000D_nPour les autres animaux de la collection, il vous faudra v\u00e9rifier chaque mesure sp\u00e9cifique \u00e0 chaque t\u00eate. Dans la collection ZOO, retrouvez des t\u00eates\u00a0uniques, <strong>peintes \u00e0 la main<\/strong> comme la t\u00eate d\u2019<a href=\"https:\/\/1001pateres.com\/produit\/patere-design-animal-zoo-tete-elephant-tropical\/\"><strong>\u00e9l\u00e9phant<\/strong><\/a> mais aussi celle du <strong>l\u00e9opard<\/strong>, du <strong>z\u00e8bre<\/strong>, de <strong>l\u2019ours<\/strong>, du <strong>faon<\/strong>, du <strong>loup<\/strong> et du <strong>renard<\/strong>._x000D_n_x000D_nEnfin, retrouvez \u00e9galement des animaux pr\u00e9sents en diff\u00e9rents coloris comme le\u00a0<strong>crocodile<\/strong>, la <strong>girafe<\/strong>, l\u2019<strong>\u00e9lan<\/strong>, le\u00a0<strong>cerf<\/strong> et le\u00a0<strong>lapin<\/strong>. L&rsquo;\u00e9l\u00e9phant est aussi disponible en <strong><a href=\"https:\/\/1001pateres.com\/produit\/patere-design-zoo-tete-elephant-bleu-laque\/\">laqu\u00e9 bleu<\/a>, <a href=\"https:\/\/1001pateres.com\/produit\/patere-design-zoo-tete-elephant-couleur-beige-mat\/\">beige mat<\/a>, <a href=\"https:\/\/1001pateres.com\/produit\/patere-design-zoo-tete-elephant-gris-mat-facon-beton\/\">gris mat<\/a>, et <a href=\"https:\/\/1001pateres.com\/produit\/patere-design-zoo-tete-elephant-vert-mat\/\">vert mat<\/a><\/strong>.<\/p>\n","protected":false},"excerpt":{"rendered":"<p>Pat\u00e8re design de la s\u00e9rie du ZOO en forme de t\u00eate d&rsquo;<strong>\u00e9l\u00e9phant blanc<\/strong> laqu\u00e9.\u00a0Cette t\u00eate d&rsquo;animal du zoo de la marque <em><strong>CAPVENTURE<\/strong><\/em> est en r\u00e9sine.\u00a0Ce porte-manteau est \u00e0 poser dans la chambre ou dans l&rsquo;entr\u00e9e pour ne plus voir trainer ses affaires.<\/p>\n","protected":false},"featured_media":1397,"comment_status":"closed","ping_status":"open","template":"","meta":[],"product_cat":[16,32],"product_tag":[27],"class_list":["post-254","product","type-product","status-publish","has-post-thumbnail","hentry","product_cat-chambre-enfant","product_cat-entree-sejour","product_tag-crochet-patere-patere-design-patere-murale-patere-porte-pateres-porte-serviette-porte-torchon-vestiaire","description-off"],"_links":{"self":[{"href":"https:\/\/roulettes.vaniseo.top\/index.php\/wp-json\/wp\/v2\/product\/254","targetHints":{"allow":["GET"]}}],"collection":[{"href":"https:\/\/roulettes.vaniseo.top\/index.php\/wp-json\/wp\/v2\/product"}],"about":[{"href":"https:\/\/roulettes.vaniseo.top\/index.php\/wp-json\/wp\/v2\/types\/product"}],"replies":[{"embeddable":true,"href":"https:\/\/roulettes.vaniseo.top\/index.php\/wp-json\/wp\/v2\/comments?post=254"}],"version-history":[{"count":0,"href":"https:\/\/roulettes.vaniseo.top\/index.php\/wp-json\/wp\/v2\/product\/254\/revisions"}],"wp:featuredmedia":[{"embeddable":true,"href":"https:\/\/roulettes.vaniseo.top\/index.php\/wp-json\/wp\/v2\/media\/1397"}],"wp:attachment":[{"href":"https:\/\/roulettes.vaniseo.top\/index.php\/wp-json\/wp\/v2\/media?parent=254"}],"wp:term":[{"taxonomy":"product_cat","embeddable":true,"href":"https:\/\/roulettes.vaniseo.top\/index.php\/wp-json\/wp\/v2\/product_cat?post=254"},{"taxonomy":"product_tag","embeddable":true,"href":"https:\/\/roulettes.vaniseo.top\/index.php\/wp-json\/wp\/v2\/product_tag?post=254"}],"curies":[{"name":"wp","href":"https:\/\/api.w.org\/{rel}","templated":true}]}}