{"id":255,"date":"2022-04-04T16:20:57","date_gmt":"2022-04-04T14:20:57","guid":{"rendered":"https:\/\/roulettes.vaniseo.top\/index.php\/produit\/pateres-design-en-forme-de-petits-diamants-puhlmann\/"},"modified":"2022-04-04T17:18:25","modified_gmt":"2022-04-04T15:18:25","slug":"pateres-design-en-forme-de-petits-diamants-puhlmann","status":"publish","type":"product","link":"https:\/\/roulettes.vaniseo.top\/index.php\/produit\/pateres-design-en-forme-de-petits-diamants-puhlmann\/","title":{"rendered":"Pat\u00e8res design en forme de petits diamants PUHLMANN"},"content":{"rendered":"<h4>Pat\u00e8re \u00ab\u00a0Diamants\u00a0\u00bb<\/h4>\n<p>_x000D_nPat\u00e8res design en forme de <strong>petits diamants<\/strong> PUHLMANN._x000D_n_x000D_nCe lot de 5 petites pat\u00e8res de la marque <em><strong>PUHLMANN<\/strong> <\/em>est \u00e0 poser partout dans la maison pour ne plus voir trainer ses affaires, dans la chambre ou dans l&rsquo;entr\u00e9e._x000D_n_x000D_nChaque pat\u00e8re est en r\u00e9sine\u00a0de couleur diff\u00e9rente._x000D_n_x000D_nElle comporte un syst\u00e8me d&rsquo;accrochage avec vis et chevilles._x000D_n_x000D_nCes pat\u00e8res\u00a0sont originales et de belle qualit\u00e9._x000D_n_x000D_n<span style=\"line-height: 1.5\">Elles permettent une touche de modernit\u00e9 dans votre maison tout en restant tr\u00e8s pratiques pour y accrocher des bijoux ou des torchons.<\/span>_x000D_n_x000D_n<span style=\"line-height: 1.5\">Se fixent au mur avec des\u00a0chevilles qui sont fournies. La pose n\u00e9cessite l&rsquo;usage d&rsquo;une perceuse.<\/span>_x000D_n<\/p>\n<h4><strong>Dimensions de chaque pat\u00e8re<\/strong><\/h4>\n<p>_x000D_n<\/p>\n<ul>_x000D_n \t<\/p>\n<li>diam environ 2\u00a0cm<\/li>\n<p>_x000D_n \t<\/p>\n<li>Ecartement du mur 1,5 cm<\/li>\n<p>_x000D_n<\/ul>\n","protected":false},"excerpt":{"rendered":"<p>Pat\u00e8res design en forme de <strong>petits diamants<\/strong> <em><strong>PUHLMANN<\/strong><\/em>.\u00a0Ce lot de 5 petites pat\u00e8res de la marque PUHLMANN est \u00e0 poser partout dans la maison pour ne plus voir trainer ses affaires, dans la chambre ou dans l&rsquo;entr\u00e9e. Chaque pat\u00e8re est en r\u00e9sine\u00a0de couleur diff\u00e9rente. Elles sont originale et de belle qualit\u00e9.<\/p>\n","protected":false},"featured_media":1401,"comment_status":"closed","ping_status":"open","template":"","meta":[],"product_cat":[16,20,32],"product_tag":[25],"class_list":["post-255","product","type-product","status-publish","has-post-thumbnail","hentry","product_cat-chambre-enfant","product_cat-cuisine","product_cat-entree-sejour","product_tag-crochet-patere-patere-design-patere-murale-patere-porte-pateres-porte-manteau-porte-serviette-porte-torchon-vestiaire","description-off"],"_links":{"self":[{"href":"https:\/\/roulettes.vaniseo.top\/index.php\/wp-json\/wp\/v2\/product\/255","targetHints":{"allow":["GET"]}}],"collection":[{"href":"https:\/\/roulettes.vaniseo.top\/index.php\/wp-json\/wp\/v2\/product"}],"about":[{"href":"https:\/\/roulettes.vaniseo.top\/index.php\/wp-json\/wp\/v2\/types\/product"}],"replies":[{"embeddable":true,"href":"https:\/\/roulettes.vaniseo.top\/index.php\/wp-json\/wp\/v2\/comments?post=255"}],"version-history":[{"count":0,"href":"https:\/\/roulettes.vaniseo.top\/index.php\/wp-json\/wp\/v2\/product\/255\/revisions"}],"wp:featuredmedia":[{"embeddable":true,"href":"https:\/\/roulettes.vaniseo.top\/index.php\/wp-json\/wp\/v2\/media\/1401"}],"wp:attachment":[{"href":"https:\/\/roulettes.vaniseo.top\/index.php\/wp-json\/wp\/v2\/media?parent=255"}],"wp:term":[{"taxonomy":"product_cat","embeddable":true,"href":"https:\/\/roulettes.vaniseo.top\/index.php\/wp-json\/wp\/v2\/product_cat?post=255"},{"taxonomy":"product_tag","embeddable":true,"href":"https:\/\/roulettes.vaniseo.top\/index.php\/wp-json\/wp\/v2\/product_tag?post=255"}],"curies":[{"name":"wp","href":"https:\/\/api.w.org\/{rel}","templated":true}]}}