{"id":256,"date":"2022-04-04T16:21:02","date_gmt":"2022-04-04T14:21:02","guid":{"rendered":"https:\/\/roulettes.vaniseo.top\/index.php\/produit\/etagere-vide-poche-entree-aimantee-magz-metal-gris\/"},"modified":"2022-04-04T17:18:27","modified_gmt":"2022-04-04T15:18:27","slug":"etagere-vide-poche-entree-aimantee-magz-metal-gris","status":"publish","type":"product","link":"https:\/\/roulettes.vaniseo.top\/index.php\/produit\/etagere-vide-poche-entree-aimantee-magz-metal-gris\/","title":{"rendered":"Etag\u00e8re vide-poche entr\u00e9e aimant\u00e9e MAGZ m\u00e9tal gris"},"content":{"rendered":"<h4>Etag\u00e8re vide-poche MAGZ<\/h4>\n<p>_x000D_nEtag\u00e8re vide-poche entr\u00e9e aimant\u00e9e <strong>MAGZ<\/strong> m\u00e9tal gris._x000D_n_x000D_nCe vide-poche de la marque <em><strong>PUHLMANN<\/strong><\/em> avec 5 anneaux porte-clefs\u00a0se pose dans l&rsquo;entr\u00e9e et permet ainsi de ne plus voir trainer ses affaires._x000D_n_x000D_nCette \u00e9tag\u00e8re de rangement en m\u00e9tal gris peint dans la masse est aimant\u00e9e et reste un tr\u00e8s bel objet de d\u00e9coration._x000D_n_x000D_nAussi, son\u00a0syst\u00e8me d&rsquo;accrochage est simple avec deux vis sur l&rsquo;arri\u00e8re._x000D_n_x000D_nOriginal et de belle qualit\u00e9, i<span style=\"line-height: 1.5\">l mettra en plus une touche de modernit\u00e9 dans votre int\u00e9rieur.<\/span>_x000D_n_x000D_n<span style=\"line-height: 1.5\">Il tient au mur avec 2 vis, vis et chevilles sont fournies. Par cons\u00e9quent, sa pose n\u00e9cessite l&rsquo;usage d&rsquo;une perceuse.<\/span>_x000D_n<\/p>\n<h4>Dimensions :<\/h4>\n<p>_x000D_n<\/p>\n<ul>_x000D_n \t<\/p>\n<li>L&rsquo;\u00e9tag\u00e8re 26 cm X 3 cm (au plus bas) X 8 cm (au plus haut)<\/li>\n<p>_x000D_n \t<\/p>\n<li>Profondeur du mur au plus petit 3,3 cm, au plus large 8,8 cm.<\/li>\n<p>_x000D_n<\/ul>\n","protected":false},"excerpt":{"rendered":"<p>Belle et pratique \u00e9tag\u00e8re vide-poche pour l&rsquo;entr\u00e9e en m\u00e9tal gris aimant\u00e9e mod\u00e8le <strong>MAGZ<\/strong>. Ce vide-poche de la marque <em><strong>PUHLMANN<\/strong><\/em> avec 5 anneaux porte-clefs est \u00e0 poser dans l&rsquo;entr\u00e9e pour ne plus voir trainer ses affaires. Cette \u00e9tag\u00e8re de rangement en m\u00e9tal gris peint dans la masse est aimant\u00e9 et est un tr\u00e8s bel objet de d\u00e9coration.<\/p>\n","protected":false},"featured_media":1405,"comment_status":"closed","ping_status":"open","template":"","meta":[],"product_cat":[32],"product_tag":[25],"class_list":["post-256","product","type-product","status-publish","has-post-thumbnail","hentry","product_cat-entree-sejour","product_tag-crochet-patere-patere-design-patere-murale-patere-porte-pateres-porte-manteau-porte-serviette-porte-torchon-vestiaire","description-off"],"_links":{"self":[{"href":"https:\/\/roulettes.vaniseo.top\/index.php\/wp-json\/wp\/v2\/product\/256","targetHints":{"allow":["GET"]}}],"collection":[{"href":"https:\/\/roulettes.vaniseo.top\/index.php\/wp-json\/wp\/v2\/product"}],"about":[{"href":"https:\/\/roulettes.vaniseo.top\/index.php\/wp-json\/wp\/v2\/types\/product"}],"replies":[{"embeddable":true,"href":"https:\/\/roulettes.vaniseo.top\/index.php\/wp-json\/wp\/v2\/comments?post=256"}],"version-history":[{"count":0,"href":"https:\/\/roulettes.vaniseo.top\/index.php\/wp-json\/wp\/v2\/product\/256\/revisions"}],"wp:featuredmedia":[{"embeddable":true,"href":"https:\/\/roulettes.vaniseo.top\/index.php\/wp-json\/wp\/v2\/media\/1405"}],"wp:attachment":[{"href":"https:\/\/roulettes.vaniseo.top\/index.php\/wp-json\/wp\/v2\/media?parent=256"}],"wp:term":[{"taxonomy":"product_cat","embeddable":true,"href":"https:\/\/roulettes.vaniseo.top\/index.php\/wp-json\/wp\/v2\/product_cat?post=256"},{"taxonomy":"product_tag","embeddable":true,"href":"https:\/\/roulettes.vaniseo.top\/index.php\/wp-json\/wp\/v2\/product_tag?post=256"}],"curies":[{"name":"wp","href":"https:\/\/api.w.org\/{rel}","templated":true}]}}