{"id":257,"date":"2022-04-04T16:21:02","date_gmt":"2022-04-04T14:21:02","guid":{"rendered":"https:\/\/roulettes.vaniseo.top\/index.php\/produit\/porte-manteau-porte-chapeau-moderne-design-chrome\/"},"modified":"2022-04-04T17:18:27","modified_gmt":"2022-04-04T15:18:27","slug":"porte-manteau-porte-chapeau-moderne-design-chrome","status":"publish","type":"product","link":"https:\/\/roulettes.vaniseo.top\/index.php\/produit\/porte-manteau-porte-chapeau-moderne-design-chrome\/","title":{"rendered":"Porte-manteau porte-chapeau moderne design chrom\u00e9"},"content":{"rendered":"<h4>Pat\u00e8re chrom\u00e9e \u00a02 accroches.<\/h4>\n<p>_x000D_n<strong>Porte-manteau<\/strong> porte-chapeau moderne design chrom\u00e9\u00a0en alliage d&rsquo;aluminium\u00a0qui peut servir de porte-\u00e9charpe ou porte-v\u00eatement._x000D_n_x000D_nCe porte-manteau moderne design est de couleur <em><strong>aluminium chrom\u00e9<\/strong><\/em>\u00a0avec une forme douce et pratique._x000D_n_x000D_nCompos\u00e9 de\u00a0deux accroches simples, il comporte un syst\u00e8me d&rsquo;accrochage avec deux emplacements pour des vis fournies._x000D_n_x000D_nCe crochet double\u00a0s&rsquo;adaptera facilement \u00e0 toute d\u00e9coration int\u00e9rieure et saura se faire discret mais indispensable._x000D_n_x000D_nIl est facile \u00e0 poser mais n\u00e9cessite un tournevis._x000D_n<\/p>\n<h4>Dimensions :<\/h4>\n<p>_x000D_n<\/p>\n<ul>_x000D_n \t<\/p>\n<li>La base de la pat\u00e8re est de dimensions 2,8 cm X 4 cm<\/li>\n<p>_x000D_n \t<\/p>\n<li>Ecartement du mur du crochet bas 3,8 cm, \u00e9cartement du mur du crochet haut 4,2 cm<\/li>\n<p>_x000D_n \t<\/p>\n<li>Hauteur totale 9 cm<\/li>\n<p>_x000D_n \t<\/p>\n<li>Vis de 1 cm<\/li>\n<p>_x000D_n<\/ul>\n","protected":false},"excerpt":{"rendered":"<p><strong>Porte-manteau<\/strong> et porte-chapeau moderne design chrom\u00e9 en alliage d&rsquo;<em><strong>aluminium<\/strong><\/em>\u00a0qui peut servir de porte-\u00e9charpe ou porte-v\u00eatement.\u00a0Il est de couleur aluminium brillant\u00a0avec une forme douce et pratique. Vendu avec ses vis de fixation, il sera facile \u00e0 poser sur une planche de bois ou directement au mur.<\/p>\n","protected":false},"featured_media":718,"comment_status":"closed","ping_status":"open","template":"","meta":[],"product_cat":[19,21,22,17],"product_tag":[37],"class_list":["post-257","product","type-product","status-publish","has-post-thumbnail","hentry","product_cat-collectivite","product_cat-entreprise","product_cat-pro","product_cat-salle-de-bain","product_tag-crochet-patere-patere-design-patere-murale-patere-porte-pateres-porte-chapeau-porte-serviette-porte-torchon-vestiaire","description-off"],"_links":{"self":[{"href":"https:\/\/roulettes.vaniseo.top\/index.php\/wp-json\/wp\/v2\/product\/257","targetHints":{"allow":["GET"]}}],"collection":[{"href":"https:\/\/roulettes.vaniseo.top\/index.php\/wp-json\/wp\/v2\/product"}],"about":[{"href":"https:\/\/roulettes.vaniseo.top\/index.php\/wp-json\/wp\/v2\/types\/product"}],"replies":[{"embeddable":true,"href":"https:\/\/roulettes.vaniseo.top\/index.php\/wp-json\/wp\/v2\/comments?post=257"}],"version-history":[{"count":0,"href":"https:\/\/roulettes.vaniseo.top\/index.php\/wp-json\/wp\/v2\/product\/257\/revisions"}],"wp:featuredmedia":[{"embeddable":true,"href":"https:\/\/roulettes.vaniseo.top\/index.php\/wp-json\/wp\/v2\/media\/718"}],"wp:attachment":[{"href":"https:\/\/roulettes.vaniseo.top\/index.php\/wp-json\/wp\/v2\/media?parent=257"}],"wp:term":[{"taxonomy":"product_cat","embeddable":true,"href":"https:\/\/roulettes.vaniseo.top\/index.php\/wp-json\/wp\/v2\/product_cat?post=257"},{"taxonomy":"product_tag","embeddable":true,"href":"https:\/\/roulettes.vaniseo.top\/index.php\/wp-json\/wp\/v2\/product_tag?post=257"}],"curies":[{"name":"wp","href":"https:\/\/api.w.org\/{rel}","templated":true}]}}