{"id":259,"date":"2022-04-04T16:21:02","date_gmt":"2022-04-04T14:21:02","guid":{"rendered":"https:\/\/roulettes.vaniseo.top\/index.php\/produit\/porte-manteau-industriel-blanc-boules-grises\/"},"modified":"2022-04-04T17:18:28","modified_gmt":"2022-04-04T15:18:28","slug":"porte-manteau-industriel-blanc-boules-grises","status":"publish","type":"product","link":"https:\/\/roulettes.vaniseo.top\/index.php\/produit\/porte-manteau-industriel-blanc-boules-grises\/","title":{"rendered":"Porte manteau industriel blanc boules grises"},"content":{"rendered":"<h3><b>Porte manteau design 6 boules noir Superliving<span class=\"Apple-converted-space\">\u00a0<\/span><\/b><\/h3>\n<p>_x000D_n<strong>1001 Pat\u00e8res<\/strong> vous pr\u00e9sente ici le <strong>porte manteau industriel en m\u00e9tal blanc avec boules en bois grises<\/strong> de chez <strong>Superliving<\/strong>. Profitez de ces quelques lignes pour tout savoir de ses <strong>d\u00e9tails techniques et esth\u00e9tiques<\/strong>._x000D_n_x000D_nTout d\u2019abord, revenons rapidement sur la marque <a href=\"https:\/\/1001pateres.com\/brand\/superliving\/\">Superliving<\/a>. Cette marque danoise propose des <strong>objets designs pour la maison<\/strong>. 1001 Pat\u00e8res, n\u00b01 en France de la vente de porte manteaux, vous propose une s\u00e9lection de diff\u00e9rents design de porte manteaux, tous <strong>\u00e0 boules ou en galets<\/strong>._x000D_n_x000D_nIci, il s\u2019agit d\u2019un porte manteau design \u00e0 6 boules grises mais nous proposons aussi le m\u00eame mod\u00e8le en version <a href=\"https:\/\/1001pateres.com\/produit\/porte-manteaux-design-6-boules-multicolor-superliving\/\">boules multicolors<\/a>._x000D_n_x000D_nAinsi, cette pat\u00e8re design est en <b>m\u00e9tal blanc<\/b> avec <b>6 boules en bois<\/b> peint. Avec ce<strong> style industriel<\/strong>, il matche parfaitement dans un <strong>vestiaire industriel ou professionnel<\/strong>. Bien s\u00fbr, il conviendra dans tout int\u00e9rieur classique. Pr\u00e9f\u00e9rez bien s\u00fbr l\u2019installer <strong>sur un mur blanc<\/strong> o\u00f9 des touches de noir sont pr\u00e9sentes aux alentours._x000D_n_x000D_nNos clients le retiennent comme <strong>produit de r\u00e9f\u00e9rence<\/strong> pour sa <strong>praticit\u00e9<\/strong>, son <strong>originalit\u00e9<\/strong> et son petit prix. Avec lui, vous optimisez forc\u00e9ment le <strong>rangement<\/strong> et la <strong>clart\u00e9<\/strong> de votre espace._x000D_n_x000D_n&nbsp;_x000D_n<\/p>\n<h3><b>Installer le porte manteau industriel \u00e0 6 boules noires en bois Superliving<\/b><\/h3>\n<p>_x000D_nC\u00f4t\u00e9 <strong>installation<\/strong> ensuite, ce <strong>porte manteau industriel<\/strong> est fabriqu\u00e9 en <strong>Europe<\/strong>. Il comporte un <strong>syst\u00e8me d\u2019accrochage simple<\/strong> de mise en application. 4 vis et 4 chevilles sont fournies. Toutefois, il sera n\u00e9cessaire d\u2019utiliser votre perceuse pour l\u2019installation des chevilles._x000D_n_x000D_nM\u00eame si ce porte manteau n\u2019est pas d\u2019une dimension tr\u00e8s grande, il est toujours n\u00e9cessaire de <strong>prendre en compte ses mesures<\/strong> avant tout achat et installation. Commencez par d\u00e9finir le lieu et les dimensions requises puis comparez-les \u00e0 celles ci-dessous:_x000D_n<\/p>\n<ul>_x000D_n \t<\/p>\n<li>Hauteur maxi : 27 cm<\/li>\n<p>_x000D_n \t<\/p>\n<li>Diam\u00e8tre de la boule en bois en haut 3,5 cm et en bas 2,5 cm<\/li>\n<p>_x000D_n \t<\/p>\n<li>Ecartement bas : 7 cm<\/li>\n<p>_x000D_n \t<\/p>\n<li>Zone haute \u00e9cartement : 12,5 cm<\/li>\n<p>_x000D_n<\/ul>\n","protected":false},"excerpt":{"rendered":"<p>Porte-manteaux design <strong>6 boules gris<\/strong>\u00a0<em><strong>SUPERLIVING<\/strong><\/em>. Cette pat\u00e8re design en m\u00e9tal blanc avec une 6 boules en bois peint est \u00e0 poser partout dans la maison pour ne plus laisser trainer ses affaires. Elle est particuli\u00e8rement adapt\u00e9e pour l&rsquo;entr\u00e9e afin d&rsquo;y d\u00e9poser les manteaux, \u00e9charpes ou chapeaux.<\/p>\n","protected":false},"featured_media":1415,"comment_status":"closed","ping_status":"open","template":"","meta":[],"product_cat":[29,16,32],"product_tag":[25],"class_list":["post-259","product","type-product","status-publish","has-post-thumbnail","hentry","product_cat-chambre-adulte","product_cat-chambre-enfant","product_cat-entree-sejour","product_tag-crochet-patere-patere-design-patere-murale-patere-porte-pateres-porte-manteau-porte-serviette-porte-torchon-vestiaire","description-off"],"_links":{"self":[{"href":"https:\/\/roulettes.vaniseo.top\/index.php\/wp-json\/wp\/v2\/product\/259","targetHints":{"allow":["GET"]}}],"collection":[{"href":"https:\/\/roulettes.vaniseo.top\/index.php\/wp-json\/wp\/v2\/product"}],"about":[{"href":"https:\/\/roulettes.vaniseo.top\/index.php\/wp-json\/wp\/v2\/types\/product"}],"replies":[{"embeddable":true,"href":"https:\/\/roulettes.vaniseo.top\/index.php\/wp-json\/wp\/v2\/comments?post=259"}],"version-history":[{"count":0,"href":"https:\/\/roulettes.vaniseo.top\/index.php\/wp-json\/wp\/v2\/product\/259\/revisions"}],"wp:featuredmedia":[{"embeddable":true,"href":"https:\/\/roulettes.vaniseo.top\/index.php\/wp-json\/wp\/v2\/media\/1415"}],"wp:attachment":[{"href":"https:\/\/roulettes.vaniseo.top\/index.php\/wp-json\/wp\/v2\/media?parent=259"}],"wp:term":[{"taxonomy":"product_cat","embeddable":true,"href":"https:\/\/roulettes.vaniseo.top\/index.php\/wp-json\/wp\/v2\/product_cat?post=259"},{"taxonomy":"product_tag","embeddable":true,"href":"https:\/\/roulettes.vaniseo.top\/index.php\/wp-json\/wp\/v2\/product_tag?post=259"}],"curies":[{"name":"wp","href":"https:\/\/api.w.org\/{rel}","templated":true}]}}