{"id":260,"date":"2022-04-04T16:21:02","date_gmt":"2022-04-04T14:21:02","guid":{"rendered":"https:\/\/roulettes.vaniseo.top\/index.php\/produit\/porte-manteau-design-5-boules-vertes-olives-superliving\/"},"modified":"2022-04-04T17:18:29","modified_gmt":"2022-04-04T15:18:29","slug":"porte-manteau-design-5-boules-vertes-olives-superliving","status":"publish","type":"product","link":"https:\/\/roulettes.vaniseo.top\/index.php\/produit\/porte-manteau-design-5-boules-vertes-olives-superliving\/","title":{"rendered":"Porte manteau design 5 boules vertes olives SUPERLIVING"},"content":{"rendered":"<h3>Portant vetement design avec 5 boules Superliving<\/h3>\n<p>_x000D_n1001 Pat\u00e8res vous propose ce <strong>porte manteau design 5 boules vertes olives<\/strong> de la marque <a href=\"https:\/\/superliving.dk\/\" target=\"_blank\" rel=\"noopener\">Superliving<\/a>. D\u00e9couvrez de nombreuses <strong>informations techniques<\/strong> et des <strong>astuces d\u00e9coratives<\/strong> pour en profiter au maximum au <strong>bureau<\/strong>, comme \u00e0 la <strong>maison<\/strong>._x000D_n_x000D_nTout d&rsquo;abord, pr\u00e9sentons rapidement la marque <a href=\"https:\/\/1001pateres.com\/brand\/superliving\"><strong>Superliving<\/strong>.<\/a> Il s&rsquo;agit d&rsquo;une marque danoise que nous avons s\u00e9lectionn\u00e9 pour la qualit\u00e9 et le design original de chacune de ses r\u00e9f\u00e9rences de portant vetement. En effet, vous pouvez retrouver de nombreuses r\u00e9f\u00e9rences Superliving sur notre site<strong> 1001 Pat\u00e8res, n\u00b01 en France de la vente de pat\u00e8res<\/strong> et porte manteaux. La majorit\u00e9 des produits s\u00e9lectionn\u00e9s sont des pat\u00e8res \u00e0 boules._x000D_n_x000D_nIci, d&rsquo;ailleurs, il s&rsquo;agit d&rsquo;un porte manteau design\u00a0mont\u00e9 sur une <strong>plaque<\/strong> en<strong> m\u00e9tal blanc<\/strong>. Celle-ci supporte <strong>5 boules en bois peintes en vert olive<\/strong>._x000D_n_x000D_nBien s\u00fbr, d\u00e8s lors que <strong>votre espace dispose de touches de couleur verte olive<\/strong>, vous pourrez venir compl\u00e9ter vos supports de rangement avec ce portant v\u00eatement. Il est vraiment possible de l&rsquo;installer\u00a0<strong>partout dans la maison<\/strong> pour ne plus laisser trainer ses affaires._x000D_n_x000D_nToutefois, on notera que sa <strong>forme<\/strong> est assez <strong>classique<\/strong> ce qui le rend particuli\u00e8rement adapt\u00e9 pour l&rsquo;<strong>entr\u00e9e<\/strong> d&rsquo;un bureau ou d&rsquo;une maison. Ainsi, on pourra facilement y d\u00e9poser manteaux, \u00e9charpes ou chapeaux. La qualit\u00e9 de ses mat\u00e9riaux lui permet une <strong>grande r\u00e9sistance en mati\u00e8re de poids<\/strong>._x000D_n_x000D_n&nbsp;_x000D_n<\/p>\n<h3>Installation du porte manteau design 5 boules Superliving<\/h3>\n<p>_x000D_nFabriqu\u00e9e en <strong>Europe<\/strong>, cette pat\u00e8re comporte un syst\u00e8me d&rsquo;accrochage simple avec quatre vis et quatre chevilles fournies. Bien s\u00fbr, d\u00e8s lors qu&rsquo;il y a utilisation de chevilles, il y a n\u00e9cessit\u00e9 de se munir d&rsquo;une perceuse. Pensez \u00e0 en pr\u00e9voir pour son installation!_x000D_n_x000D_n<span style=\"line-height: 1.5\">Nos clients l&rsquo;aiment pour son <strong>coloris original<\/strong> et sa <strong>tr\u00e8s belle qualit\u00e9<\/strong>. Pensez \u00e0 v\u00e9rifier les <strong>dimensions<\/strong> de l&rsquo;espace o\u00f9 vous pensez l&rsquo;installer et les comparer \u00e0 celles de ce produit, \u00e0 savoir:<\/span>_x000D_n<\/p>\n<ul>_x000D_n \t<\/p>\n<li>Dimensions de la <strong>plaque en m\u00e9tal blanc:<\/strong> 32 cm X 5 cm<\/li>\n<p>_x000D_n \t<\/p>\n<li>Diam\u00e8tre des <strong>boules<\/strong> en bois de couleur verte olive: 1,8\u00a0cm<\/li>\n<p>_x000D_n \t<\/p>\n<li>Ecartement du mur: 3 cm<\/li>\n<p>_x000D_n<\/ul>\n","protected":false},"excerpt":{"rendered":"<p>Porte-manteaux design<strong> 5 boules vertes olives<\/strong>\u00a0<em><strong>SUPERLIVING<\/strong><\/em>. Cette pat\u00e8re design mont\u00e9e sur une plaque en m\u00e9tal blanc comporte 5 boules en bois peint vert olive, elle est \u00e0 poser partout dans la maison pour ne plus laisser trainer ses affaires. Elle est particuli\u00e8rement adapt\u00e9e pour l&rsquo;entr\u00e9e afin d&rsquo;y d\u00e9poser les manteaux, \u00e9charpes ou chapeaux.<\/p>\n","protected":false},"featured_media":1416,"comment_status":"closed","ping_status":"open","template":"","meta":[],"product_cat":[29,19,32,21,22,17],"product_tag":[25],"class_list":["post-260","product","type-product","status-publish","has-post-thumbnail","hentry","product_cat-chambre-adulte","product_cat-collectivite","product_cat-entree-sejour","product_cat-entreprise","product_cat-pro","product_cat-salle-de-bain","product_tag-crochet-patere-patere-design-patere-murale-patere-porte-pateres-porte-manteau-porte-serviette-porte-torchon-vestiaire","description-off"],"_links":{"self":[{"href":"https:\/\/roulettes.vaniseo.top\/index.php\/wp-json\/wp\/v2\/product\/260","targetHints":{"allow":["GET"]}}],"collection":[{"href":"https:\/\/roulettes.vaniseo.top\/index.php\/wp-json\/wp\/v2\/product"}],"about":[{"href":"https:\/\/roulettes.vaniseo.top\/index.php\/wp-json\/wp\/v2\/types\/product"}],"replies":[{"embeddable":true,"href":"https:\/\/roulettes.vaniseo.top\/index.php\/wp-json\/wp\/v2\/comments?post=260"}],"version-history":[{"count":0,"href":"https:\/\/roulettes.vaniseo.top\/index.php\/wp-json\/wp\/v2\/product\/260\/revisions"}],"wp:featuredmedia":[{"embeddable":true,"href":"https:\/\/roulettes.vaniseo.top\/index.php\/wp-json\/wp\/v2\/media\/1416"}],"wp:attachment":[{"href":"https:\/\/roulettes.vaniseo.top\/index.php\/wp-json\/wp\/v2\/media?parent=260"}],"wp:term":[{"taxonomy":"product_cat","embeddable":true,"href":"https:\/\/roulettes.vaniseo.top\/index.php\/wp-json\/wp\/v2\/product_cat?post=260"},{"taxonomy":"product_tag","embeddable":true,"href":"https:\/\/roulettes.vaniseo.top\/index.php\/wp-json\/wp\/v2\/product_tag?post=260"}],"curies":[{"name":"wp","href":"https:\/\/api.w.org\/{rel}","templated":true}]}}