{"id":263,"date":"2022-04-04T16:21:02","date_gmt":"2022-04-04T14:21:02","guid":{"rendered":"https:\/\/roulettes.vaniseo.top\/index.php\/produit\/porte-torchons-chats-autocollant-lot-de-3\/"},"modified":"2022-04-04T17:18:29","modified_gmt":"2022-04-04T15:18:29","slug":"porte-torchons-chats-autocollant-lot-de-3","status":"publish","type":"product","link":"https:\/\/roulettes.vaniseo.top\/index.php\/produit\/porte-torchons-chats-autocollant-lot-de-3\/","title":{"rendered":"Porte-torchons chats autocollant lot de 3"},"content":{"rendered":"<h4>Porte-torchons porte-gants de toilettes en forme de chat autocollant<\/h4>\n<p>_x000D_nPorte-torchons\u00a0<strong>chats autocollant<\/strong> lot de 3 ._x000D_n_x000D_nIls sont id\u00e9als pour <em><strong>accrocher torchons<\/strong><\/em>, maniques, serviettes ou gants._x000D_n_x000D_nCe lot de 3 porte-torchons autocollants en forme de chat et en acier inoxydable se placera \u00e0 l&rsquo;int\u00e9rieur des placards ou sur le carrelage aussi bien dans les univers de la cuisine comme ceux de la salle de bain._x000D_n_x000D_nCeux-ci \u00a0sont \u00e0 coller partout o\u00f9 vous en avez besoin ,en effet ils\u00a0comportent un\u00a0crochet simple en acier inoxydable et un syst\u00e8me d&rsquo;accrochage avec un patin autocollant 3M._x000D_n_x000D_nIls s&rsquo;adapteront partout et apporteront une touche de modernit\u00e9\u00a0\u00e0 votre univers._x000D_n_x000D_nIls sont faciles \u00e0 poser et ne n\u00e9cessitent aucun outil._x000D_n_x000D_n<strong>Dimensions :<\/strong>_x000D_n<\/p>\n<ul>_x000D_n \t<\/p>\n<li>La pat\u00e8re 4,4 cm X 2,1 cm<\/li>\n<p>_x000D_n \t<\/p>\n<li>\u00e9cartement maxi 1,5 cm<\/li>\n<p>_x000D_n<\/ul>\n","protected":false},"excerpt":{"rendered":"<p>Porte-torchons\u00a0<strong>chats autocollant<\/strong> lot de 3 id\u00e9ales pour accrocher torchons, maniques, serviettes ou gants.\u00a0Ce lot de 3\u00a0<em><strong>porte-torchons<\/strong><\/em> en forme de chat autocollants en acier inoxydable se placera \u00e0 l&rsquo;int\u00e9rieur des placards ou sur le carrelage dans les univers de la cuisine comme de la salle de bain.\u00a0Ils sont \u00e0 coller partout o\u00f9 vous en avez besoin.<\/p>\n","protected":false},"featured_media":1419,"comment_status":"closed","ping_status":"open","template":"","meta":[],"product_cat":[20,17],"product_tag":[38],"class_list":["post-263","product","type-product","status-publish","has-post-thumbnail","hentry","product_cat-cuisine","product_cat-salle-de-bain","product_tag-porte-serviette-porte-torchon","description-off"],"_links":{"self":[{"href":"https:\/\/roulettes.vaniseo.top\/index.php\/wp-json\/wp\/v2\/product\/263","targetHints":{"allow":["GET"]}}],"collection":[{"href":"https:\/\/roulettes.vaniseo.top\/index.php\/wp-json\/wp\/v2\/product"}],"about":[{"href":"https:\/\/roulettes.vaniseo.top\/index.php\/wp-json\/wp\/v2\/types\/product"}],"replies":[{"embeddable":true,"href":"https:\/\/roulettes.vaniseo.top\/index.php\/wp-json\/wp\/v2\/comments?post=263"}],"version-history":[{"count":0,"href":"https:\/\/roulettes.vaniseo.top\/index.php\/wp-json\/wp\/v2\/product\/263\/revisions"}],"wp:featuredmedia":[{"embeddable":true,"href":"https:\/\/roulettes.vaniseo.top\/index.php\/wp-json\/wp\/v2\/media\/1419"}],"wp:attachment":[{"href":"https:\/\/roulettes.vaniseo.top\/index.php\/wp-json\/wp\/v2\/media?parent=263"}],"wp:term":[{"taxonomy":"product_cat","embeddable":true,"href":"https:\/\/roulettes.vaniseo.top\/index.php\/wp-json\/wp\/v2\/product_cat?post=263"},{"taxonomy":"product_tag","embeddable":true,"href":"https:\/\/roulettes.vaniseo.top\/index.php\/wp-json\/wp\/v2\/product_tag?post=263"}],"curies":[{"name":"wp","href":"https:\/\/api.w.org\/{rel}","templated":true}]}}