{"id":264,"date":"2022-04-04T16:21:02","date_gmt":"2022-04-04T14:21:02","guid":{"rendered":"https:\/\/roulettes.vaniseo.top\/index.php\/produit\/patere-pour-porte-en-aluminium-brosse-lot-de-2\/"},"modified":"2022-04-04T17:18:30","modified_gmt":"2022-04-04T15:18:30","slug":"patere-pour-porte-en-aluminium-brosse-lot-de-2","status":"publish","type":"product","link":"https:\/\/roulettes.vaniseo.top\/index.php\/produit\/patere-pour-porte-en-aluminium-brosse-lot-de-2\/","title":{"rendered":"Pat\u00e8re pour porte en aluminium bross\u00e9 lot de 2"},"content":{"rendered":"<h3>Porte manteaux pour porte en aluminium bross\u00e9 lot de 2<\/h3>\n<p>_x000D_n<strong>1001 Pat\u00e8res vous propose de\u00a0d\u00e9couvrir ici tous les d\u00e9tails \u00e0 conna\u00eetre sur cette pat\u00e8re pour porte<\/strong> en <em><strong>aluminium bross\u00e9<\/strong>.<\/em>_x000D_n_x000D_n<a href=\"https:\/\/1001pateres.com\/brand\/1001pateres\/\">1001 Pat\u00e8res<\/a> est la <strong>marque<\/strong> \u00e0 conna\u00eetre pour s\u00e9lectionner parmi un large choix de <strong>pat\u00e8re et porte manteaux<\/strong> de qualit\u00e9. De nombreux formats, design et mati\u00e8res, vous pourrez ainsi compl\u00e9ter <strong>diff\u00e9rents styles de d\u00e9coration d&rsquo;int\u00e9rieur<\/strong>. Qu&rsquo;il s&rsquo;agisse d&rsquo;un <strong>bureau<\/strong> professionnel, ou d&rsquo;un espace priv\u00e9 type <strong>maison<\/strong> ou loft, vous aurez l&#8217;embarras du choix!_x000D_n_x000D_nTout d&rsquo;abord, il s&rsquo;agit d&rsquo;un <strong>lot de 2<\/strong> qu&rsquo;il suffit de <strong>poser \u00e0 m\u00eame la porte<\/strong>. Ce type de porte manteau peut servir \u00e0 de <strong>multiples usages<\/strong> dans la maison ou au bureau. Ainsi, ces porte-manteaux se posent aussi bien sur le haut d&rsquo;une porte de chambre, de dressing, de salle de bain ou de bureau. Ils sont parfaits pour r\u00e9aliser un maximum de <strong>gain de place<\/strong> et ce, avec <strong>\u00e9l\u00e9gance<\/strong>!_x000D_n_x000D_n&nbsp;_x000D_n<\/p>\n<h2>Pat\u00e8re sur-porte en aluminium inoxydable<\/h2>\n<p>_x000D_nDe tr\u00e8s belle qualit\u00e9 et confection, chaque pat\u00e8re pour porte de la marque 1001 Pat\u00e8res est une <strong>valeur s\u00fbre<\/strong>. En aluminium inoxydable, elle <strong>r\u00e9siste dans le temps \u00e0 l&rsquo;humidit\u00e9 comme la luminosit\u00e9<\/strong>. De ce fait, elles sont parfaites dans l&rsquo;univers de la <a href=\"https:\/\/1001pateres.com\/categorie-produit\/salle-de-bain\/\">salle de bain<\/a> par exemple._x000D_n_x000D_nPar ailleurs, elles comportent\u00a0un <strong>design moderne<\/strong> qui s&rsquo;adapte aux diff\u00e9rents styles et ambiances de la maison. Elles sont tr\u00e8s faciles \u00e0 poser et ne n\u00e9cessitent aucun outil. Nos clients les choisissent avant tout pour leur discr\u00e9tion et leur minimalisme!_x000D_n_x000D_nEn revanche, nous vous conseillons de pr\u00eater attention \u00e0 leurs dimensions. Cette pat\u00e8re pour porte ne s&rsquo;utilise que sur une <strong>\u00e9paisseur de porte de 2,2 cm ou invers\u00e9e de 4 cm<\/strong>. C\u00f4t\u00e9 empatement voici ses autres dimensions:_x000D_n<\/p>\n<ul>_x000D_n \t<\/p>\n<li>Hauteur 6 cm<\/li>\n<p>_x000D_n \t<\/p>\n<li>Largeur 2,5 cm<\/li>\n<p>_x000D_n<\/ul>\n<p>_x000D_n&nbsp;_x000D_n_x000D_nContactez nous sans attendre via la page <a href=\"https:\/\/1001pateres.com\/contactez-nous\/\">Contact<\/a> pour tout renseignement compl\u00e9mentaire.<\/p>\n","protected":false},"excerpt":{"rendered":"<p>Pat\u00e8re \u00e0 poser <strong>sur-porte<\/strong> en aluminium bross\u00e9 par <em><strong>lot de 2<\/strong><\/em> qui peuvent servir pour de multiples usages dans la maison.\u00a0Ils se posent sur le haut d&rsquo;une porte de chambre, de dressing, de salle de bain ou de placard pour un maximum de gain de place.<\/p>\n","protected":false},"featured_media":1422,"comment_status":"closed","ping_status":"open","template":"","meta":[],"product_cat":[29,16,17],"product_tag":[27],"class_list":["post-264","product","type-product","status-publish","has-post-thumbnail","hentry","product_cat-chambre-adulte","product_cat-chambre-enfant","product_cat-salle-de-bain","product_tag-crochet-patere-patere-design-patere-murale-patere-porte-pateres-porte-serviette-porte-torchon-vestiaire","description-off"],"_links":{"self":[{"href":"https:\/\/roulettes.vaniseo.top\/index.php\/wp-json\/wp\/v2\/product\/264","targetHints":{"allow":["GET"]}}],"collection":[{"href":"https:\/\/roulettes.vaniseo.top\/index.php\/wp-json\/wp\/v2\/product"}],"about":[{"href":"https:\/\/roulettes.vaniseo.top\/index.php\/wp-json\/wp\/v2\/types\/product"}],"replies":[{"embeddable":true,"href":"https:\/\/roulettes.vaniseo.top\/index.php\/wp-json\/wp\/v2\/comments?post=264"}],"version-history":[{"count":0,"href":"https:\/\/roulettes.vaniseo.top\/index.php\/wp-json\/wp\/v2\/product\/264\/revisions"}],"wp:featuredmedia":[{"embeddable":true,"href":"https:\/\/roulettes.vaniseo.top\/index.php\/wp-json\/wp\/v2\/media\/1422"}],"wp:attachment":[{"href":"https:\/\/roulettes.vaniseo.top\/index.php\/wp-json\/wp\/v2\/media?parent=264"}],"wp:term":[{"taxonomy":"product_cat","embeddable":true,"href":"https:\/\/roulettes.vaniseo.top\/index.php\/wp-json\/wp\/v2\/product_cat?post=264"},{"taxonomy":"product_tag","embeddable":true,"href":"https:\/\/roulettes.vaniseo.top\/index.php\/wp-json\/wp\/v2\/product_tag?post=264"}],"curies":[{"name":"wp","href":"https:\/\/api.w.org\/{rel}","templated":true}]}}