{"id":268,"date":"2022-04-04T16:21:02","date_gmt":"2022-04-04T14:21:02","guid":{"rendered":"https:\/\/roulettes.vaniseo.top\/index.php\/produit\/porte-manteau-design-vaguelette-en-resine\/"},"modified":"2022-04-04T17:18:33","modified_gmt":"2022-04-04T15:18:33","slug":"porte-manteau-design-vaguelette-en-resine","status":"publish","type":"product","link":"https:\/\/roulettes.vaniseo.top\/index.php\/produit\/porte-manteau-design-vaguelette-en-resine\/","title":{"rendered":"Porte manteau design VAGUELETTE en r\u00e9sine"},"content":{"rendered":"<h3>Pat\u00e8re murale design VAGUELETTE en r\u00e9sine<\/h3>\n<p>_x000D_n<strong><a href=\"https:\/\/1001pateres.com\/\">1001 Pat\u00e8res<\/a>, n\u00b01 en France<\/strong> de la vente en ligne de pat\u00e8res et porte manteaux vous propose ici le mod\u00e8le <strong>Vaguelette<\/strong>. Il s&rsquo;agit d&rsquo;un porte manteau design en r\u00e9sine prenant une forme toute en courbures. Issue de la marque <strong>Les Spirales d&rsquo;Elise<\/strong>, d\u00e9couvrez ci dessous l&rsquo;ensemble de ses informations techniques et d\u00e9coratives._x000D_n_x000D_nTout d&rsquo;abord, la marque Les Spirales d&rsquo;Elise est une marque <strong>fran\u00e7aise<\/strong>. Elle fut s\u00e9lectionn\u00e9e comme toutes les marques internationales pr\u00e9sentes sur ce site, pour la <strong>qualit\u00e9<\/strong>, le <strong>design<\/strong> et le <strong>rapport qualit\u00e9 prix parfait<\/strong> propos\u00e9 pour l&rsquo;ensemble de sa gamme._x000D_n_x000D_n&nbsp;_x000D_n<\/p>\n<h3><strong>Porte manteau design VAGUELETTE en r\u00e9sine<\/strong><\/h3>\n<p>_x000D_nAinsi, sp\u00e9cifiquement ci-contre, ce mod\u00e8le de <strong>pat\u00e8re murale design VAGUELETTE <\/strong>est en <strong>r\u00e9sine<\/strong> ultra r\u00e9sistante, teint\u00e9e blanche dans la masse. Ainsi, vous n&rsquo;aurez aucune difficult\u00e9 \u00e0 l&rsquo;utiliser sur le long terme. Et son blanc ne tachera pas les v\u00eatements suspendus dessus._x000D_n_x000D_nInutilis\u00e9e, vous aimerez disposer d&rsquo;un <strong>objet design<\/strong> \u00e0 la <strong>forme douce et apaisante<\/strong>._x000D_n_x000D_nC\u00f4t\u00e9 <strong>installation<\/strong>, ce porte manteau design Vaguelette se pose dans une <strong>chambre<\/strong>, tout comme dans un <strong>bureau<\/strong> ou une <strong>entr\u00e9e<\/strong>. Pour ce faire, son syst\u00e8me de <strong>fixation est simple<\/strong> et \u00e0 la port\u00e9e de tous. Il est compos\u00e9 d&rsquo;une <strong>vis incluse<\/strong>. Toutefois, vous aurez besoin pour sa fixation au mur d&rsquo;une <strong>clef allen<\/strong>, d&rsquo;une <strong>perceuse<\/strong> et d&rsquo;une <strong>cheville<\/strong>._x000D_n_x000D_nPour finir, n&rsquo;oubliez pas de tenir compte de ses <strong>dimensions<\/strong>, surtout dans le cas o\u00f9 vous souhaitez la d\u00e9multiplier sur un m\u00eame pan de mur! Celles-ci sont de:_x000D_n<\/p>\n<ul>_x000D_n \t<\/p>\n<li>Hauteur maxi: 12,5 cm<\/li>\n<p>_x000D_n \t<\/p>\n<li>Ecartement du mur: 10,3 cm.<\/li>\n<p>_x000D_n<\/ul>\n<p>_x000D_nEnfin, vous aimerez l&rsquo;utiliser pour offrir un <strong>d\u00e9cor original<\/strong>, dans <strong>style moderne<\/strong>\u00a0et de <strong>qualit\u00e9<\/strong>. Pr\u00e9f\u00e9rez son utilisation sur un <strong>pan de mur d&rsquo;une couleur matte<\/strong>, valorisant ainsi sa mati\u00e8re._x000D_n_x000D_n&nbsp;_x000D_n_x000D_nN&rsquo;h\u00e9sitez pas \u00e0 nous contacter par mail ou par t\u00e9l\u00e9phone au <strong><a href=\"tel:0664330371\">06 64 33 03 71<\/a> <\/strong>en cas de question compl\u00e9mentaire, ou pour un devis avec des quantit\u00e9s importantes. Nous nous ferons un plaisir de vous r\u00e9pondre!<\/p>\n","protected":false},"excerpt":{"rendered":"<p>Pat\u00e8re design <strong>VAGUELETTE<\/strong>\u00a0en r\u00e9sine. Cette forme douce et apaisante est <em><strong>en r\u00e9sine<\/strong><\/em> ultra r\u00e9sistante teint\u00e9e blanche dans la masse et de la marque LES SPIRALES D&rsquo;ELISE.\u00a0Elle est \u00e0 poser dans la chambre ou dans l&rsquo;entr\u00e9e pour ne plus voir trainer ses affaires.<\/p>\n","protected":false},"featured_media":1437,"comment_status":"closed","ping_status":"open","template":"","meta":[],"product_cat":[29,32],"product_tag":[27],"class_list":["post-268","product","type-product","status-publish","has-post-thumbnail","hentry","product_cat-chambre-adulte","product_cat-entree-sejour","product_tag-crochet-patere-patere-design-patere-murale-patere-porte-pateres-porte-serviette-porte-torchon-vestiaire","description-off"],"_links":{"self":[{"href":"https:\/\/roulettes.vaniseo.top\/index.php\/wp-json\/wp\/v2\/product\/268","targetHints":{"allow":["GET"]}}],"collection":[{"href":"https:\/\/roulettes.vaniseo.top\/index.php\/wp-json\/wp\/v2\/product"}],"about":[{"href":"https:\/\/roulettes.vaniseo.top\/index.php\/wp-json\/wp\/v2\/types\/product"}],"replies":[{"embeddable":true,"href":"https:\/\/roulettes.vaniseo.top\/index.php\/wp-json\/wp\/v2\/comments?post=268"}],"version-history":[{"count":0,"href":"https:\/\/roulettes.vaniseo.top\/index.php\/wp-json\/wp\/v2\/product\/268\/revisions"}],"wp:featuredmedia":[{"embeddable":true,"href":"https:\/\/roulettes.vaniseo.top\/index.php\/wp-json\/wp\/v2\/media\/1437"}],"wp:attachment":[{"href":"https:\/\/roulettes.vaniseo.top\/index.php\/wp-json\/wp\/v2\/media?parent=268"}],"wp:term":[{"taxonomy":"product_cat","embeddable":true,"href":"https:\/\/roulettes.vaniseo.top\/index.php\/wp-json\/wp\/v2\/product_cat?post=268"},{"taxonomy":"product_tag","embeddable":true,"href":"https:\/\/roulettes.vaniseo.top\/index.php\/wp-json\/wp\/v2\/product_tag?post=268"}],"curies":[{"name":"wp","href":"https:\/\/api.w.org\/{rel}","templated":true}]}}