{"id":269,"date":"2022-04-04T16:21:02","date_gmt":"2022-04-04T14:21:02","guid":{"rendered":"https:\/\/roulettes.vaniseo.top\/index.php\/produit\/porte-manteau-design-3-pateres-metal-umbra-noir\/"},"modified":"2022-04-04T17:18:34","modified_gmt":"2022-04-04T15:18:34","slug":"porte-manteau-design-3-pateres-metal-umbra-noir","status":"publish","type":"product","link":"https:\/\/roulettes.vaniseo.top\/index.php\/produit\/porte-manteau-design-3-pateres-metal-umbra-noir\/","title":{"rendered":"Porte manteau design 3 pat\u00e8res m\u00e9tal UMBRA noir"},"content":{"rendered":"<h3>Porte manteau m\u00e9tal UMBRA \u00e0 3 pat\u00e8res<\/h3>\n<p>_x000D_n1001 Pat\u00e8res vous fait d\u00e9couvrir ici un<strong> porte manteau design \u00e0 3 pat\u00e8res m\u00e9tal<\/strong> de la marque\u00a0<a href=\"https:\/\/eu.umbra.com\" target=\"_blank\" rel=\"noopener noreferrer\"><strong><em>UMBRA<\/em><\/strong><\/a>, et <strong>noir<\/strong>._x000D_n_x000D_nLa marque <a href=\"https:\/\/1001pateres.com\/brand\/umbra\/\">Umbra<\/a> est l&rsquo;une de nos chouchoutes chez 1001 Pat\u00e8res. En effet, nous avons s\u00e9lectionn\u00e9 <strong>diff\u00e9rentes collections<\/strong> de leur marque, en mati\u00e8re de <strong>porte manteau \u00e0 pat\u00e8res d\u00e9ployantes<\/strong> comme d&rsquo;autres <strong>solutions de rangement stylis\u00e9es et efficaces<\/strong>._x000D_n_x000D_nLa collection de porte manteau \u00e0 pat\u00e8res m\u00e9tal dispose de diff\u00e9rentes mati\u00e8res comme support mural, nombre de pat\u00e8res et coloris. Ainsi, retrouvez par exemple des porte manteau \u00e0 <a href=\"https:\/\/1001pateres.com\/produit\/porte-manteaux-8-pateres-metal-umbra-en-bois\/\">8 pat\u00e8res en bois beige<\/a>, <a href=\"https:\/\/1001pateres.com\/produit\/porte-manteaux-8-pateres-metal-umbra-laque-blanc\/\">laqu\u00e9 blanc<\/a> et <a href=\"https:\/\/1001pateres.com\/produit\/porte-manteaux-8-pateres-metal-umbra-espresso\/\">espresso<\/a>. Le nombre de pat\u00e8res peut varier de 3 \u00e0 8 sur l&rsquo;ensemble de la collection._x000D_n_x000D_n&nbsp;_x000D_n<\/p>\n<h3>Porte manteau design 3 pat\u00e8res m\u00e9tal en d\u00e9tails<\/h3>\n<p>_x000D_nCe porte manteau m\u00e9tal se pose <strong>partout dans la maison<\/strong>\u00a0pour ne plus voir trainer ses affaires.\u00a0Avec 3\u00a0<strong>pat\u00e8res en acier bross\u00e9 d\u00e9ployantes<\/strong>, il est v\u00e9ritablement un <strong>bel objet de d\u00e9coration<\/strong>. Utilis\u00e9 ou non pour le rangement de vos v\u00eatements, il sait se montrer <strong>discret<\/strong> et \u00e0 la fois tr\u00e8s <strong>\u00e9l\u00e9gant<\/strong>._x000D_n_x000D_nPour son\u00a0syst\u00e8me d&rsquo;<strong>accrochage<\/strong>, cela reste <strong>simple<\/strong>. Celui-ci est encastr\u00e9 dans le bois et <strong>non visible<\/strong> une fois pos\u00e9 sur le mur.\u00a0Original, avec de <strong>belles finitions<\/strong>, c&rsquo;est ind\u00e9niablement un produit de belle qualit\u00e9 qui offre<span style=\"line-height: 1.5\">\u00a0une touche de <strong>modernit\u00e9<\/strong> \u00e0 votre int\u00e9rieur. Pour ce faire, s<\/span><span style=\"line-height: 1.5\">a fixation\u00a0au mur requiert l&rsquo;utilisation <\/span><span style=\"line-height: 1.5\">de\u00a02 vis et chevilles, qui sont fournies.<\/span>_x000D_n_x000D_n<span style=\"line-height: 1.5\">Attention, la pose des chevilles puis vis n\u00e9cessitera l&rsquo;usage de votre propre perceuse.<\/span>_x000D_n_x000D_n&nbsp;_x000D_n<\/p>\n<h3>3 pat\u00e8res m\u00e9tal sur support bois: dimensions<\/h3>\n<p>_x000D_nAfin de vous assurer de la f<strong>aisabilit\u00e9 de l&rsquo;installatio<\/strong>n de ces 3 pat\u00e8res m\u00e9tal sur support bois chez vous, 1001 Pat\u00e8res vous pr\u00e9cise ci dessous les <strong>dimensions<\/strong> de cet ensemble:_x000D_n<\/p>\n<ul>_x000D_n \t<\/p>\n<li><strong>Porte-manteau \u00e0 3 pat\u00e8res: 30,5 X 6,8 cm<\/strong><\/li>\n<p>_x000D_n \t<\/p>\n<li><strong>Epaisseur du mur: 3\u00a0cm<\/strong><\/li>\n<p>_x000D_n<\/ul>\n<p>_x000D_n&nbsp;_x000D_n_x000D_nContactez 1001 Pat\u00e8res pour toutes questions ou demandes de conseils sp\u00e9cifiques, en utilisant notre formulaire en page <a href=\"https:\/\/1001pateres.com\/contactez-nous\/\">Contact<\/a> de ce site.<\/p>\n","protected":false},"excerpt":{"rendered":"<p>Beau porte-manteaux avec 3 pat\u00e8res m\u00e9tal d\u00e9ployantes de la marque <em><strong>UMBRA<\/strong><\/em> en bois marron fonc\u00e9 avec les pat\u00e8res <strong>noires<\/strong>.\u00a0Ce porte-manteaux design est \u00e0 poser partout dans la maison pour ne plus voir trainer ses affaires.\u00a0Il est un tr\u00e8s bel objet de d\u00e9coration et comporte une finition de qualit\u00e9.<\/p>\n","protected":false},"featured_media":735,"comment_status":"closed","ping_status":"open","template":"","meta":[],"product_cat":[29,32,17],"product_tag":[25],"class_list":["post-269","product","type-product","status-publish","has-post-thumbnail","hentry","product_cat-chambre-adulte","product_cat-entree-sejour","product_cat-salle-de-bain","product_tag-crochet-patere-patere-design-patere-murale-patere-porte-pateres-porte-manteau-porte-serviette-porte-torchon-vestiaire","description-off"],"_links":{"self":[{"href":"https:\/\/roulettes.vaniseo.top\/index.php\/wp-json\/wp\/v2\/product\/269","targetHints":{"allow":["GET"]}}],"collection":[{"href":"https:\/\/roulettes.vaniseo.top\/index.php\/wp-json\/wp\/v2\/product"}],"about":[{"href":"https:\/\/roulettes.vaniseo.top\/index.php\/wp-json\/wp\/v2\/types\/product"}],"replies":[{"embeddable":true,"href":"https:\/\/roulettes.vaniseo.top\/index.php\/wp-json\/wp\/v2\/comments?post=269"}],"version-history":[{"count":0,"href":"https:\/\/roulettes.vaniseo.top\/index.php\/wp-json\/wp\/v2\/product\/269\/revisions"}],"wp:featuredmedia":[{"embeddable":true,"href":"https:\/\/roulettes.vaniseo.top\/index.php\/wp-json\/wp\/v2\/media\/735"}],"wp:attachment":[{"href":"https:\/\/roulettes.vaniseo.top\/index.php\/wp-json\/wp\/v2\/media?parent=269"}],"wp:term":[{"taxonomy":"product_cat","embeddable":true,"href":"https:\/\/roulettes.vaniseo.top\/index.php\/wp-json\/wp\/v2\/product_cat?post=269"},{"taxonomy":"product_tag","embeddable":true,"href":"https:\/\/roulettes.vaniseo.top\/index.php\/wp-json\/wp\/v2\/product_tag?post=269"}],"curies":[{"name":"wp","href":"https:\/\/api.w.org\/{rel}","templated":true}]}}