{"id":27,"date":"2022-04-04T16:20:00","date_gmt":"2022-04-04T14:20:00","guid":{"rendered":"https:\/\/roulettes.vaniseo.top\/index.php\/produit\/patere-ventouse-murale-dos-et-pattes-de-tigre-jaune\/"},"modified":"2022-04-04T17:08:38","modified_gmt":"2022-04-04T15:08:38","slug":"patere-ventouse-murale-dos-et-pattes-de-tigre-jaune","status":"publish","type":"product","link":"https:\/\/roulettes.vaniseo.top\/index.php\/produit\/patere-ventouse-murale-dos-et-pattes-de-tigre-jaune\/","title":{"rendered":"Pat\u00e8re ventouse murale dos et pattes de tigre jaune"},"content":{"rendered":"<h3>Rangement ventouse porte torchon : tigre jaune<\/h3>\n<p>_x000D_nVoici ici une astuce originale pour motiver petits et grands \u00e0 mieux ranger leurs petites affaires! En effet, l&rsquo;humour de cette <strong>pat\u00e8re ventouse murale<\/strong> va plaire \u00e0 tous. Il s&rsquo;agit d&rsquo;un <strong>dos et pattes de tigre jaune<\/strong>! Quoi de plus ludique?!_x000D_n_x000D_nOn vous donne toutes ses informations techniques et d\u00e9coratives ci dessous._x000D_n_x000D_nMais, d\u2019abord, parlons de\u00a0<strong><a href=\"https:\/\/1001pateres.com\/brand\/1001pateres\/\">1001 Pat\u00e8res<\/a> <\/strong>qui est\u00a0\u00e0 la fois une marque et un site marchand\u00a0fran\u00e7ais de porte manteaux. <strong>Leader n\u00b01 en France<\/strong>, il propose du\u00a0<strong>choix \u00e0 un bon rapport qualit\u00e9-prix<\/strong>. C&rsquo;est d&rsquo;ailleurs ce qui fait son succ\u00e8s : il y en a pour tous\u00a0les styles de d\u00e9coration d\u2019int\u00e9rieur et de budget. M\u00eame les professionnels l&rsquo;utilisent pour l\u2019agencement de leurs collectivit\u00e9s, vestiaires et bureaux._x000D_n_x000D_n&nbsp;_x000D_n<\/p>\n<h3>Pat\u00e8re ventouse murale en forme de dos et pattes de tigre jaune<\/h3>\n<p>_x000D_nCi contre, plus sp\u00e9cifiquement, il s\u2019agit d\u2019une\u00a0<strong>pat\u00e8re ventouse murale<\/strong>. A utiliser aussi bien dans la <strong>douche<\/strong>, que dans une <strong>salle de bain<\/strong>, un <strong>toilette<\/strong>, ou encore une <strong>cuisine,<\/strong>\u00a0sa fonction est donc vari\u00e9e: <strong>porte gant, porte fleur de douche, porte serviette, porte torchon<\/strong> etc\u2026 il s\u2019agit donc d\u2019une <strong>bonne astuce<\/strong> ludique de rangement polyvalent._x000D_n_x000D_nIci, il s\u2019agit de l\u2019arri\u00e8re train <strong>en plastique<\/strong> d\u2019un tigre jaune. La marque a aussi d\u00e9velopp\u00e9 au total <strong>6 queues et pattes diff\u00e9rentes<\/strong> inspir\u00e9es du <strong>crocodile<\/strong>, de l\u2019oie, du <strong>kangourou<\/strong>, du\u00a0<b>chien<\/b>\u00a0et du <strong>cheval<\/strong>. Chaque rangement ventouse est disponible \u00e0 la vente \u00e0 l\u2019unit\u00e9, ou directement par\u00a0<a href=\"https:\/\/1001pateres.com\/produit\/lot-de-6-pateres-rigolotes-ventouses-animaux\/\"><strong>lot de 6<\/strong><\/a>._x000D_n_x000D_nC\u00f4t\u00e9 utilisation, chaque pat\u00e8re se ventouse \u00e0 m\u00eame le carrelage. Elle supporte un <strong>poids de 2 kg environ<\/strong>. Tous nos clients adorent le\u00a0fait de ne pas devoir percer, de ne pas avoir \u00e0 manipuler un quelconque outils. Seule sa\u00a0<strong>ventouse murale transparente<\/strong> propre permet sa fixation et son utilisation._x000D_n_x000D_nEnfin, voici ses <strong>dimensions<\/strong> sp\u00e9cifiques \u00e0 l\u2019unit\u00e9:_x000D_n<\/p>\n<ul>_x000D_n \t<\/p>\n<li>Diam\u00e8tre de la ventouse plastique transparente et tigre jaune: 4,3\u00a0cm<\/li>\n<p>_x000D_n \t<\/p>\n<li>Ecartement du mur: 4,5 cm<\/li>\n<p>_x000D_n<\/ul>\n","protected":false},"excerpt":{"rendered":"<p>Jolie <strong>pat\u00e8re ventouse<\/strong> <em><strong>tigre jaune et orange<\/strong><\/em>.\u00a0Elle comporte un syst\u00e8me d&rsquo;accrochage form\u00e9 de la queue du tigre.\u00a0Le design est simple et naif pour apporter une touche de couleur dans la salle de bain ou dans la cuisine.<\/p>\n","protected":false},"featured_media":742,"comment_status":"closed","ping_status":"open","template":"","meta":[],"product_cat":[20,17,23],"product_tag":[24],"class_list":["post-27","product","type-product","status-publish","has-post-thumbnail","hentry","product_cat-cuisine","product_cat-salle-de-bain","product_cat-toilette-wc","product_tag-crochet-patere-patere-design-patere-murale-patere-porte-porte-serviette-porte-torchon","description-off"],"_links":{"self":[{"href":"https:\/\/roulettes.vaniseo.top\/index.php\/wp-json\/wp\/v2\/product\/27","targetHints":{"allow":["GET"]}}],"collection":[{"href":"https:\/\/roulettes.vaniseo.top\/index.php\/wp-json\/wp\/v2\/product"}],"about":[{"href":"https:\/\/roulettes.vaniseo.top\/index.php\/wp-json\/wp\/v2\/types\/product"}],"replies":[{"embeddable":true,"href":"https:\/\/roulettes.vaniseo.top\/index.php\/wp-json\/wp\/v2\/comments?post=27"}],"version-history":[{"count":0,"href":"https:\/\/roulettes.vaniseo.top\/index.php\/wp-json\/wp\/v2\/product\/27\/revisions"}],"wp:featuredmedia":[{"embeddable":true,"href":"https:\/\/roulettes.vaniseo.top\/index.php\/wp-json\/wp\/v2\/media\/742"}],"wp:attachment":[{"href":"https:\/\/roulettes.vaniseo.top\/index.php\/wp-json\/wp\/v2\/media?parent=27"}],"wp:term":[{"taxonomy":"product_cat","embeddable":true,"href":"https:\/\/roulettes.vaniseo.top\/index.php\/wp-json\/wp\/v2\/product_cat?post=27"},{"taxonomy":"product_tag","embeddable":true,"href":"https:\/\/roulettes.vaniseo.top\/index.php\/wp-json\/wp\/v2\/product_tag?post=27"}],"curies":[{"name":"wp","href":"https:\/\/api.w.org\/{rel}","templated":true}]}}