{"id":271,"date":"2022-04-04T16:21:02","date_gmt":"2022-04-04T14:21:02","guid":{"rendered":"https:\/\/roulettes.vaniseo.top\/index.php\/produit\/pateres-design-autocollantes-petits-chiens\/"},"modified":"2022-04-04T17:18:35","modified_gmt":"2022-04-04T15:18:35","slug":"pateres-design-autocollantes-petits-chiens","status":"publish","type":"product","link":"https:\/\/roulettes.vaniseo.top\/index.php\/produit\/pateres-design-autocollantes-petits-chiens\/","title":{"rendered":"Pat\u00e8res design autocollantes petits chiens"},"content":{"rendered":"<h4>Pat\u00e8res design autocollantes petits chiens.<\/h4>\n<p>_x000D_nPat\u00e8res design autocollantes petits chiens._x000D_n_x000D_nJolies pat\u00e8res design repr\u00e9sentant des <strong>petits chiens<\/strong> avec des taches de couleur marron. Elles sont d\u00e9coratives et amusantes pour les enfants._x000D_n_x000D_nCelles-ci sont <em><strong>autocollantes<\/strong><\/em> et comportent un syst\u00e8me de crochet\u00a0en m\u00e9tal avec un embout arrondis\u00a0pour plus de s\u00e9curit\u00e9._x000D_n_x000D_nElles sont en plastique dur, de grande qualit\u00e9 et id\u00e9ales pour la cuisine ou la salle de bain._x000D_n_x000D_nElles ne n\u00e9cessitent aucun outil pour leur fixation, il suffit simplement de les coller sur le mur de votre choix._x000D_n<\/p>\n<h4>Dimensions :<\/h4>\n<p>_x000D_n<\/p>\n<ul>_x000D_n \t<\/p>\n<li>Les chiens\u00a0sont de dimension 6,5 cm X 4,2 cm<\/li>\n<p>_x000D_n \t<\/p>\n<li>Avec le crochet Hauteur 5,5 cm<\/li>\n<p>_x000D_n \t<\/p>\n<li>Ecartement du mur 2,3 cm<\/li>\n<p>_x000D_n<\/ul>\n","protected":false},"excerpt":{"rendered":"<p>Pat\u00e8res design <em><strong>autocollantes<\/strong><\/em> petits chiens. Jolies pat\u00e8res design repr\u00e9sentant des <strong>chiens<\/strong> avec des taches marron.\u00a0Elles sont d\u00e9coratives et amusantes pour les enfants..\u00a0Elles ne n\u00e9cessitent aucun outils pour leur fixation.<\/p>\n","protected":false},"featured_media":1445,"comment_status":"closed","ping_status":"open","template":"","meta":[],"product_cat":[20],"product_tag":[25],"class_list":["post-271","product","type-product","status-publish","has-post-thumbnail","hentry","product_cat-cuisine","product_tag-crochet-patere-patere-design-patere-murale-patere-porte-pateres-porte-manteau-porte-serviette-porte-torchon-vestiaire","description-off"],"_links":{"self":[{"href":"https:\/\/roulettes.vaniseo.top\/index.php\/wp-json\/wp\/v2\/product\/271","targetHints":{"allow":["GET"]}}],"collection":[{"href":"https:\/\/roulettes.vaniseo.top\/index.php\/wp-json\/wp\/v2\/product"}],"about":[{"href":"https:\/\/roulettes.vaniseo.top\/index.php\/wp-json\/wp\/v2\/types\/product"}],"replies":[{"embeddable":true,"href":"https:\/\/roulettes.vaniseo.top\/index.php\/wp-json\/wp\/v2\/comments?post=271"}],"version-history":[{"count":0,"href":"https:\/\/roulettes.vaniseo.top\/index.php\/wp-json\/wp\/v2\/product\/271\/revisions"}],"wp:featuredmedia":[{"embeddable":true,"href":"https:\/\/roulettes.vaniseo.top\/index.php\/wp-json\/wp\/v2\/media\/1445"}],"wp:attachment":[{"href":"https:\/\/roulettes.vaniseo.top\/index.php\/wp-json\/wp\/v2\/media?parent=271"}],"wp:term":[{"taxonomy":"product_cat","embeddable":true,"href":"https:\/\/roulettes.vaniseo.top\/index.php\/wp-json\/wp\/v2\/product_cat?post=271"},{"taxonomy":"product_tag","embeddable":true,"href":"https:\/\/roulettes.vaniseo.top\/index.php\/wp-json\/wp\/v2\/product_tag?post=271"}],"curies":[{"name":"wp","href":"https:\/\/api.w.org\/{rel}","templated":true}]}}