{"id":272,"date":"2022-04-04T16:21:02","date_gmt":"2022-04-04T14:21:02","guid":{"rendered":"https:\/\/roulettes.vaniseo.top\/index.php\/produit\/patere-bois-et-metal-rose-et-elan-bleu-helio-ferretti\/"},"modified":"2022-04-04T17:18:35","modified_gmt":"2022-04-04T15:18:35","slug":"patere-bois-et-metal-rose-et-elan-bleu-helio-ferretti","status":"publish","type":"product","link":"https:\/\/roulettes.vaniseo.top\/index.php\/produit\/patere-bois-et-metal-rose-et-elan-bleu-helio-ferretti\/","title":{"rendered":"Pat\u00e8re bois et m\u00e9tal rose et \u00e9lan bleu HELIO FERRETTI"},"content":{"rendered":"<h3>Porte-manteau mural m\u00e9tal \u00e9lan HELIO FERRETTI<\/h3>\n<p>_x000D_nLe<strong> n\u00b01 des ventes en France de pat\u00e8res, 1001 Pat\u00e8res<\/strong>, vous pr\u00e9sente ici une <strong>pat\u00e8re bois et m\u00e9tal rose et \u00e9lan bleu<\/strong>. Elle est sign\u00e9e <a href=\"https:\/\/www.helioferretti.com\/\" target=\"_blank\" rel=\"noopener\"><strong>HELIO FERRETTI<\/strong><\/a>._x000D_n_x000D_nD&rsquo;ailleurs, de nombreuses autres r\u00e9f\u00e9rences de cette <strong>marque espagnole <a href=\"https:\/\/1001pateres.com\/brand\/helio-ferretti\/\">Helio\u00a0<\/a><\/strong><b>Ferretti\u00a0<\/b>sont \u00e0 retrouver sur notre site. Toutes reprennent le m\u00eame style de <strong>structure m\u00e9tallique color\u00e9e ou non<\/strong>. Avec elle, vous pourrez \u00e0 la fois d\u00e9corer et ranger votre maison avec <strong>design et originalit\u00e9<\/strong>._x000D_n_x000D_nIci concr\u00e8tement, il s&rsquo;agit d&rsquo;une pat\u00e8re<strong> murale<\/strong> en <strong>m\u00e9tal de couleur bleu<\/strong> pour la structure en forme de t\u00eate d&rsquo;\u00e9lan. Le <strong>support de fixation est rond, rose, en bois<\/strong>. Cette douce harmonie de coloris bleu et rose vous permettra de l&rsquo;installer dans <strong>n&rsquo;importe quelle pi\u00e8ce de la maison et du bureau<\/strong> suivant ces coloris._x000D_n_x000D_nToutefois, nos clients l&rsquo;utilisent surtout dans la <strong>chambre de leur fille<\/strong> comme <strong>structure de rangement polyvalente<\/strong> pour manteaux, chapeaux, \u00e9charpes, accessoires et v\u00eatements._x000D_n<\/p>\n<h3>Installer la pat\u00e8re bois et m\u00e9tal rose et \u00e9lan bleu HELIO FERRETTI<\/h3>\n<p>_x000D_nEnfin c\u00f4t\u00e9 installation, le syst\u00e8me d&rsquo;accrochage simple avec un emplacement pour un crochet. Il est facile \u00e0 poser mais <strong>n\u00e9cessite un crochet au mur<\/strong>. Pensez donc \u00e0 vous munir d&rsquo;une cheville et d&rsquo;une vis, de votre perceuse ou d&rsquo;un crochet \u00e0 fixer en amont._x000D_n_x000D_nPensez toujours \u00e0 tenir compte des <strong>dimensions<\/strong> de l&rsquo;espace o\u00f9 vous pr\u00e9voyez de l&rsquo;installer. Ainsi, vous pourrez ensuite comparer ces mesures avec celles de cette r\u00e9f\u00e9rence de pat\u00e8re bois et m\u00e9tal rose et \u00e9lan bleu, \u00e0 savoir:_x000D_n<\/p>\n<ul>_x000D_n \t<\/p>\n<li>Hauteur 19\u00a0cm<\/li>\n<p>_x000D_n \t<\/p>\n<li>Largeur 21\u00a0cm<\/li>\n<p>_x000D_n \t<\/p>\n<li>Epaisseur 2,5\u00a0cm<\/li>\n<p>_x000D_n<\/ul>\n<p>_x000D_nEn cas de question compl\u00e9mentaire,taire, ou de demande de devis sp\u00e9cifique pour une commande en quantit\u00e9 importante, vous pouvez nous \u00e9crire via la page Contact de ce site, ou nous appeler au <a href=\"tel:0664330371\">06 64 33 03 71<\/a>.<\/p>\n","protected":false},"excerpt":{"rendered":"<p>Pat\u00e8re murale en m\u00e9tal et bois <strong>troph\u00e9e<\/strong> avec une t\u00eate d&rsquo;\u00e9lan de la marque <em><strong>HELIO FERRETTI<\/strong><\/em>.\u00a0Porte-manteau porte-chapeau moderne design en m\u00e9tal et bois qui peut servir de porte-\u00e9charpe ou porte-v\u00eatement.\u00a0Compos\u00e9e d&rsquo;une structure de la t\u00eate d&rsquo;\u00e9lan en m\u00e9tal bleu semi-rigide sur une plaque de bois rose, il comporte un syst\u00e8me d&rsquo;accrochage simple avec un emplacement pour un crochet.<\/p>\n","protected":false},"featured_media":1446,"comment_status":"closed","ping_status":"open","template":"","meta":[],"product_cat":[16,32],"product_tag":[37],"class_list":["post-272","product","type-product","status-publish","has-post-thumbnail","hentry","product_cat-chambre-enfant","product_cat-entree-sejour","product_tag-crochet-patere-patere-design-patere-murale-patere-porte-pateres-porte-chapeau-porte-serviette-porte-torchon-vestiaire","description-off"],"_links":{"self":[{"href":"https:\/\/roulettes.vaniseo.top\/index.php\/wp-json\/wp\/v2\/product\/272","targetHints":{"allow":["GET"]}}],"collection":[{"href":"https:\/\/roulettes.vaniseo.top\/index.php\/wp-json\/wp\/v2\/product"}],"about":[{"href":"https:\/\/roulettes.vaniseo.top\/index.php\/wp-json\/wp\/v2\/types\/product"}],"replies":[{"embeddable":true,"href":"https:\/\/roulettes.vaniseo.top\/index.php\/wp-json\/wp\/v2\/comments?post=272"}],"version-history":[{"count":0,"href":"https:\/\/roulettes.vaniseo.top\/index.php\/wp-json\/wp\/v2\/product\/272\/revisions"}],"wp:featuredmedia":[{"embeddable":true,"href":"https:\/\/roulettes.vaniseo.top\/index.php\/wp-json\/wp\/v2\/media\/1446"}],"wp:attachment":[{"href":"https:\/\/roulettes.vaniseo.top\/index.php\/wp-json\/wp\/v2\/media?parent=272"}],"wp:term":[{"taxonomy":"product_cat","embeddable":true,"href":"https:\/\/roulettes.vaniseo.top\/index.php\/wp-json\/wp\/v2\/product_cat?post=272"},{"taxonomy":"product_tag","embeddable":true,"href":"https:\/\/roulettes.vaniseo.top\/index.php\/wp-json\/wp\/v2\/product_tag?post=272"}],"curies":[{"name":"wp","href":"https:\/\/api.w.org\/{rel}","templated":true}]}}