{"id":273,"date":"2022-04-04T16:21:02","date_gmt":"2022-04-04T14:21:02","guid":{"rendered":"https:\/\/roulettes.vaniseo.top\/index.php\/produit\/casier-mural-3-pateres-umbra-laque-blanc-petit-modele-cubby\/"},"modified":"2022-04-04T17:18:36","modified_gmt":"2022-04-04T15:18:36","slug":"casier-mural-3-pateres-umbra-laque-blanc-petit-modele-cubby","status":"publish","type":"product","link":"https:\/\/roulettes.vaniseo.top\/index.php\/produit\/casier-mural-3-pateres-umbra-laque-blanc-petit-modele-cubby\/","title":{"rendered":"Casier mural 3 pat\u00e8res UMBRA laqu\u00e9 blanc petit mod\u00e8le CUBBY"},"content":{"rendered":"<h3>Casier mural avec 3 pat\u00e8res d\u00e9ployantes UMBRA<\/h3>\n<p>_x000D_nD\u00e9couvrez chez <strong>1001 Pat\u00e8res<\/strong>, la <strong>solution tout-en-un<\/strong> pour ranger au mieux votre <strong>entr\u00e9e<\/strong>. D\u00e9couvrez le <strong>casier mural laqu\u00e9 blanc 3 pat\u00e8res<\/strong>, r\u00e9f\u00e9renc\u00e9e sous le nom de <strong>Cubby<\/strong> par la marque <a href=\"https:\/\/1001pateres.com\/brand\/umbra\/\"><strong>Umbra<\/strong><\/a>._x000D_n_x000D_nUmbra est la marque <strong>canadienne<\/strong> \u00e0 conna\u00eetre sur ce site, n\u00b01 en France de la vente en ligne de pat\u00e8res. En effet, c&rsquo;est <strong>La marque la plus vendue ici<\/strong> de part un<strong> style \u00e9l\u00e9gant<\/strong> et des <strong>offres de produits au bon rapport qualit\u00e9 prix<\/strong>. Retrouvez par exemple diverses <strong>collections de pat\u00e8res d\u00e9ployantes<\/strong> de 1 \u00e0 <a href=\"https:\/\/1001pateres.com\/produit\/porte-manteaux-8-pateres-metal-umbra-laque-blanc\/\">8 crochets mobiles<\/a>, \u00e9galement disponible en version vide poche.\u00a0N&rsquo;h\u00e9sitez donc pas \u00e0 jeter un oeil aux mod\u00e8les <a href=\"https:\/\/1001pateres.com\/produit\/porte-manteaux-en-bois-naturel-picket-umbra\/\">Picket<\/a>, <a href=\"https:\/\/1001pateres.com\/produit\/porte-manteaux-sticks-umbra-blanc\/\">Sticks<\/a>, ou encore <a href=\"https:\/\/1001pateres.com\/produit\/porte-manteaux-ville-umbra-blanc\/\">Skyline<\/a>._x000D_n_x000D_n&nbsp;_x000D_n<\/p>\n<h3>Cubby: le casier mural blanc avec 3 pat\u00e8res d\u00e9ployantes par Umbra<\/h3>\n<p>_x000D_nC\u00f4t\u00e9 <strong>casier mural<\/strong>, Umbra reprend la m\u00eame id\u00e9e de <strong>pat\u00e8re d\u00e9ployante<\/strong> mais cette fois-ci <strong>sur un vide poche<\/strong>. Ainsi, ce porte-manteaux en forme de <strong>casier mural contient 3 pat\u00e8res<\/strong> et est \u00e0 poser dans l&rsquo;entr\u00e9e par exemple pour ne plus voir trainer ses affaires._x000D_n_x000D_nAussi, ce <strong>cube\u00a0de rangement pratique<\/strong> avec son <strong>compartiment<\/strong> ainsi que ses <strong>trois pat\u00e8res en acier mobiles<\/strong> est un tr\u00e8s <strong>bel objet de d\u00e9coration<\/strong>._x000D_n_x000D_nSon\u00a0syst\u00e8me d&rsquo;<strong>accrochage<\/strong> est <strong>simple<\/strong> et <strong>encastr\u00e9<\/strong> dans le bois laqu\u00e9 blanc. De plus, les zones de suspensions sont <strong>non visibles<\/strong> une fois pos\u00e9es sur le mur. <span style=\"line-height: 1.5\">Il tient au mur avec 2 vis. Vis et chevilles sont fournies mais sa pose n\u00e9cessite l&rsquo;usage de votre perceuse.<\/span>_x000D_n_x000D_nVous l&rsquo;aurez compris, Cubby est un <strong>objet original et de belle qualit\u00e9<\/strong>. I<span style=\"line-height: 1.5\">l mettra par cons\u00e9quent une touche de <strong>modernit\u00e9<\/strong> \u00e0 votre <strong>d\u00e9coration d&rsquo;int\u00e9rieur<\/strong>. Avec lui, profitez d&rsquo;un espace pour vos <strong>cl\u00e9s<\/strong>, votre <strong>porte monnaie<\/strong>, votre <strong>t\u00e9l\u00e9phone<\/strong>, votre <strong>courrier<\/strong> mais aussi vos <strong>vestes<\/strong> et <strong>sacs<\/strong>!<\/span>_x000D_n_x000D_nNos clients le retiennent pour sa <strong>polyvalence<\/strong>, sa <strong>practicit\u00e9<\/strong> quelque soit les <strong>dimensions<\/strong> de leurs entr\u00e9es. Pensez d&rsquo;ailleurs \u00e0 v\u00e9rifier la taille du pan de mur o\u00f9 vous pr\u00e9voyez de l&rsquo;installer vis \u00e0 vis de celle de ce casier mural ci dessous:_x000D_n<\/p>\n<ul>_x000D_n \t<\/p>\n<li>Casier mural laqu\u00e9: 26,6 cm X 8 cm<\/li>\n<p>_x000D_n \t<\/p>\n<li>Profondeur: 6 cm<\/li>\n<p>_x000D_n<\/ul>\n","protected":false},"excerpt":{"rendered":"<p>Superbe casier mural avec 3 pat\u00e8res d\u00e9ployantes de la marque <strong>UMBRA<\/strong> laqu\u00e9 blanc\u00a0petit mod\u00e8le <strong>CUBBY<\/strong>.\u00a0Ce porte-manteaux avec 3 pat\u00e8res est \u00e0 poser dans l&rsquo;entr\u00e9e pour ne plus voir trainer ses affaires, il permet de ranger clefs, courriers et portables et s&rsquo;adaptera \u00e0 tout les univers de la maison.<\/p>\n","protected":false},"featured_media":1449,"comment_status":"closed","ping_status":"open","template":"","meta":[],"product_cat":[32],"product_tag":[25],"class_list":["post-273","product","type-product","status-publish","has-post-thumbnail","hentry","product_cat-entree-sejour","product_tag-crochet-patere-patere-design-patere-murale-patere-porte-pateres-porte-manteau-porte-serviette-porte-torchon-vestiaire","description-off"],"_links":{"self":[{"href":"https:\/\/roulettes.vaniseo.top\/index.php\/wp-json\/wp\/v2\/product\/273","targetHints":{"allow":["GET"]}}],"collection":[{"href":"https:\/\/roulettes.vaniseo.top\/index.php\/wp-json\/wp\/v2\/product"}],"about":[{"href":"https:\/\/roulettes.vaniseo.top\/index.php\/wp-json\/wp\/v2\/types\/product"}],"replies":[{"embeddable":true,"href":"https:\/\/roulettes.vaniseo.top\/index.php\/wp-json\/wp\/v2\/comments?post=273"}],"version-history":[{"count":0,"href":"https:\/\/roulettes.vaniseo.top\/index.php\/wp-json\/wp\/v2\/product\/273\/revisions"}],"wp:featuredmedia":[{"embeddable":true,"href":"https:\/\/roulettes.vaniseo.top\/index.php\/wp-json\/wp\/v2\/media\/1449"}],"wp:attachment":[{"href":"https:\/\/roulettes.vaniseo.top\/index.php\/wp-json\/wp\/v2\/media?parent=273"}],"wp:term":[{"taxonomy":"product_cat","embeddable":true,"href":"https:\/\/roulettes.vaniseo.top\/index.php\/wp-json\/wp\/v2\/product_cat?post=273"},{"taxonomy":"product_tag","embeddable":true,"href":"https:\/\/roulettes.vaniseo.top\/index.php\/wp-json\/wp\/v2\/product_tag?post=273"}],"curies":[{"name":"wp","href":"https:\/\/api.w.org\/{rel}","templated":true}]}}