{"id":274,"date":"2022-04-04T16:21:02","date_gmt":"2022-04-04T14:21:02","guid":{"rendered":"https:\/\/roulettes.vaniseo.top\/index.php\/produit\/patere-animal-ferme-capventure-tete-de-mouton\/"},"modified":"2022-04-04T17:18:38","modified_gmt":"2022-04-04T15:18:38","slug":"patere-animal-ferme-capventure-tete-de-mouton","status":"publish","type":"product","link":"https:\/\/roulettes.vaniseo.top\/index.php\/produit\/patere-animal-ferme-capventure-tete-de-mouton\/","title":{"rendered":"Pat\u00e8re animal FERME CapVenture : t\u00eate de mouton"},"content":{"rendered":"<h3>Pat\u00e8re en r\u00e9sine t\u00eate de mouton peinte \u00e0 la main CapVenture<\/h3>\n<p>_x000D_n1001 Pat\u00e8res a d\u00e9cid\u00e9 de mettre en avant sur son site la marque <a href=\"https:\/\/1001pateres.com\/brand\/capventure\/\"><strong>Capventure<\/strong><\/a> pour l&rsquo;ensemble de ses cr\u00e9ations de porte manteaux en <strong>r\u00e9sine<\/strong>. Elles ont\u00a0toutes une forme de\u00a0<strong>t\u00eate animal<\/strong>. Ici, d\u00e9couvrez la pr\u00e9sentation compl\u00e8te de la <strong>pat\u00e8re animal Ferme, t\u00eate de mouton<\/strong>._x000D_n_x000D_nAinsi, avec 1001 Pat\u00e8res, n\u00b01 en France de la pat\u00e8re, vous avez toujours plaisir \u00e0 d\u00e9couvrir des pat\u00e8res qui <strong>d\u00e9corent et rangent<\/strong> en m\u00eame temps. Avec les pat\u00e8res CapVenture, vous offrirez en plus \u00e0 votre int\u00e9rieur, un <strong>style original et des univers sp\u00e9cifiques<\/strong> au choix. Les collections <strong>Zoo<\/strong>, <strong>Ferme<\/strong> et <strong>Animaux Sauvages<\/strong> sont des <strong>incontournables<\/strong>._x000D_n_x000D_nNos clients aiment d&rsquo;ailleurs s&rsquo;offrir plusieurs t\u00eates d&rsquo;une m\u00eame collection pour <strong>d\u00e9multiplier cette solution de rangement \u00e0 petits prix<\/strong> (inf. \u00e0 10\u20ac pi\u00e8ce). Il est vivement conseill\u00e9 d&rsquo;utiliser un pan de mur clair pour valoriser ces pat\u00e8res de petites tailles._x000D_n_x000D_n&nbsp;_x000D_n<\/p>\n<h3>Pat\u00e8re animal Ferme: la collection<\/h3>\n<p>_x000D_nDans la collection Ferme, la marque CapVenture propose \u00e9videmment la t\u00eate de mouton comme ci-contre mais aussi des t\u00eates de <strong>coq<\/strong>, de <strong>vache<\/strong>, d\u2019<strong>\u00e2ne<\/strong>, de <strong>lapin<\/strong>, et de <strong>cochon<\/strong>. D&rsquo;ailleurs cette derni\u00e8re est disponible en blanc laqu\u00e9 et couleurs cochon._x000D_n_x000D_nToutes sont <strong>soit peintes \u00e0 la main<\/strong>, <strong>soit laqu\u00e9<\/strong>. Elles sont faites de r\u00e9sine robustes permettant d&rsquo;accueillir une <strong>charge de maxi 5 kg<\/strong>. De ce fait, ce porte-manteau est <strong>\u00e0 poser n&rsquo;importe o\u00f9<\/strong>, comme dans une chambre ou dans une entr\u00e9e\u00a0pour ne plus voir trainer ses affaires!_x000D_n_x000D_nEnfin, c\u00f4t\u00e9 <strong>installation<\/strong>, c&rsquo;est <strong>simple et rapide<\/strong>: \u00e0 la port\u00e9e de tous! Il vous faut seulement votre perceuse, et les vis et chevilles incluses. Voici les <strong>dimensions<\/strong> de ce produit:_x000D_n<\/p>\n<ul>_x000D_n \t<\/p>\n<li>La t\u00eate du mouton : 6 cm X 6 cm<\/li>\n<p>_x000D_n \t<\/p>\n<li>\u00c9cartement du mur : 5,5 cm<\/li>\n<p>_x000D_n<\/ul>\n","protected":false},"excerpt":{"rendered":"<p>Belle pat\u00e8re design animal de la\u00a0<strong>FERME<\/strong>\u00a0en forme de t\u00eate de mouton blanc de la marque <em><strong>CAPVENTURE<\/strong><\/em>.\u00a0Cette t\u00eate d&rsquo;animal de la ferme est en r\u00e9sine.\u00a0Elle est \u00e0 poser dans la chambre ou dans l&rsquo;entr\u00e9e pour ne plus voir trainer ses affaires.<\/p>\n","protected":false},"featured_media":1452,"comment_status":"closed","ping_status":"open","template":"","meta":[],"product_cat":[16,32],"product_tag":[27],"class_list":["post-274","product","type-product","status-publish","has-post-thumbnail","hentry","product_cat-chambre-enfant","product_cat-entree-sejour","product_tag-crochet-patere-patere-design-patere-murale-patere-porte-pateres-porte-serviette-porte-torchon-vestiaire","description-off"],"_links":{"self":[{"href":"https:\/\/roulettes.vaniseo.top\/index.php\/wp-json\/wp\/v2\/product\/274","targetHints":{"allow":["GET"]}}],"collection":[{"href":"https:\/\/roulettes.vaniseo.top\/index.php\/wp-json\/wp\/v2\/product"}],"about":[{"href":"https:\/\/roulettes.vaniseo.top\/index.php\/wp-json\/wp\/v2\/types\/product"}],"replies":[{"embeddable":true,"href":"https:\/\/roulettes.vaniseo.top\/index.php\/wp-json\/wp\/v2\/comments?post=274"}],"version-history":[{"count":0,"href":"https:\/\/roulettes.vaniseo.top\/index.php\/wp-json\/wp\/v2\/product\/274\/revisions"}],"wp:featuredmedia":[{"embeddable":true,"href":"https:\/\/roulettes.vaniseo.top\/index.php\/wp-json\/wp\/v2\/media\/1452"}],"wp:attachment":[{"href":"https:\/\/roulettes.vaniseo.top\/index.php\/wp-json\/wp\/v2\/media?parent=274"}],"wp:term":[{"taxonomy":"product_cat","embeddable":true,"href":"https:\/\/roulettes.vaniseo.top\/index.php\/wp-json\/wp\/v2\/product_cat?post=274"},{"taxonomy":"product_tag","embeddable":true,"href":"https:\/\/roulettes.vaniseo.top\/index.php\/wp-json\/wp\/v2\/product_tag?post=274"}],"curies":[{"name":"wp","href":"https:\/\/api.w.org\/{rel}","templated":true}]}}