{"id":278,"date":"2022-04-04T16:21:07","date_gmt":"2022-04-04T14:21:07","guid":{"rendered":"https:\/\/roulettes.vaniseo.top\/index.php\/produit\/patere-autocollante-coulee-de-peinture-bleue\/"},"modified":"2022-04-04T17:18:41","modified_gmt":"2022-04-04T15:18:41","slug":"patere-autocollante-coulee-de-peinture-bleue","status":"publish","type":"product","link":"https:\/\/roulettes.vaniseo.top\/index.php\/produit\/patere-autocollante-coulee-de-peinture-bleue\/","title":{"rendered":"Pat\u00e8re autocollante coul\u00e9e de peinture bleue"},"content":{"rendered":"<h4>Pat\u00e8re\u00a0autocollante coul\u00e9e de peinture<\/h4>\n<p>_x000D_nPat\u00e8re autocollante coul\u00e9e de peinture bleue._x000D_n_x000D_nLa pat\u00e8re comporte 3 accroches simples et est tr\u00e8s originale._x000D_n_x000D_nCette jolie pat\u00e8re en forme de <strong>coul\u00e9e de peinture<\/strong>\u00a0autocollante sera id\u00e9ale pour accrocher de petits objets._x000D_n_x000D_nPat\u00e8re <em><strong>autocollante<\/strong><\/em>, elle se placera directement sur le carrelage dans les univers de la salle de bain ou encore dans la chambre pour les bijoux._x000D_n_x000D_nElle comporte une forme originale en m\u00e9tal\u00a0et un syst\u00e8me d&rsquo;accrochage avec un patin <em><strong>autocollant<\/strong><\/em> au dos c&rsquo;est pourquoi vous pouvez la\u00a0coller partout o\u00f9 vous en avez besoin._x000D_n_x000D_nCette pat\u00e8re\u00a0s&rsquo;adaptera et apportera une touche de modernit\u00e9\u00a0\u00e0 votre univers._x000D_n_x000D_nCelle-ci\u00a0est tr\u00e8s simple\u00a0\u00e0 poser._x000D_n<\/p>\n<h4>Dimensions :<\/h4>\n<p>_x000D_n<\/p>\n<ul>_x000D_n \t<\/p>\n<li>En totalit\u00e9 12 cm X 12 cm.<\/li>\n<p>_x000D_n<\/ul>\n","protected":false},"excerpt":{"rendered":"<p>Cette jolie pat\u00e8re en forme de<strong> coul\u00e9e de peinture<\/strong> <em><strong>autocollante<\/strong><\/em> de couleur bleue sera id\u00e9ale pour accrocher de petits objets.\u00a0Pat\u00e8re <em><strong>autocollante<\/strong><\/em>, elle se placera directement sur le carrelage dans les univers de la salle de bain ou encore dans la chambre pour les bijoux.<\/p>\n","protected":false},"featured_media":1462,"comment_status":"closed","ping_status":"open","template":"","meta":[],"product_cat":[16,20],"product_tag":[26],"class_list":["post-278","product","type-product","status-publish","has-post-thumbnail","hentry","product_cat-chambre-enfant","product_cat-cuisine","product_tag-crochet-patere-patere-design-patere-murale-patere-porte-pateres-porte-serviette-porte-torchon","description-off"],"_links":{"self":[{"href":"https:\/\/roulettes.vaniseo.top\/index.php\/wp-json\/wp\/v2\/product\/278","targetHints":{"allow":["GET"]}}],"collection":[{"href":"https:\/\/roulettes.vaniseo.top\/index.php\/wp-json\/wp\/v2\/product"}],"about":[{"href":"https:\/\/roulettes.vaniseo.top\/index.php\/wp-json\/wp\/v2\/types\/product"}],"replies":[{"embeddable":true,"href":"https:\/\/roulettes.vaniseo.top\/index.php\/wp-json\/wp\/v2\/comments?post=278"}],"version-history":[{"count":0,"href":"https:\/\/roulettes.vaniseo.top\/index.php\/wp-json\/wp\/v2\/product\/278\/revisions"}],"wp:featuredmedia":[{"embeddable":true,"href":"https:\/\/roulettes.vaniseo.top\/index.php\/wp-json\/wp\/v2\/media\/1462"}],"wp:attachment":[{"href":"https:\/\/roulettes.vaniseo.top\/index.php\/wp-json\/wp\/v2\/media?parent=278"}],"wp:term":[{"taxonomy":"product_cat","embeddable":true,"href":"https:\/\/roulettes.vaniseo.top\/index.php\/wp-json\/wp\/v2\/product_cat?post=278"},{"taxonomy":"product_tag","embeddable":true,"href":"https:\/\/roulettes.vaniseo.top\/index.php\/wp-json\/wp\/v2\/product_tag?post=278"}],"curies":[{"name":"wp","href":"https:\/\/api.w.org\/{rel}","templated":true}]}}