{"id":28,"date":"2022-04-04T16:20:00","date_gmt":"2022-04-04T14:20:00","guid":{"rendered":"https:\/\/roulettes.vaniseo.top\/index.php\/produit\/patere-ventouse-murale-en-forme-de-chien-bleu-en-plastique\/"},"modified":"2022-04-04T17:08:38","modified_gmt":"2022-04-04T15:08:38","slug":"patere-ventouse-murale-en-forme-de-chien-bleu-en-plastique","status":"publish","type":"product","link":"https:\/\/roulettes.vaniseo.top\/index.php\/produit\/patere-ventouse-murale-en-forme-de-chien-bleu-en-plastique\/","title":{"rendered":"Pat\u00e8re ventouse murale en forme de chien bleu en plastique"},"content":{"rendered":"<h3>Rangement ventouse porte torchon : chien bleu<\/h3>\n<p>_x000D_nD\u00e9couvrez ici une astuce ludique pouvant motiver toute la famille \u00e0 mieux ranger ses petites affaires! En effet, le second degr\u00e9 et l&rsquo;originalit\u00e9 de cette <strong>pat\u00e8re ventouse murale<\/strong> va plaire \u00e0 petits et grands gr\u00e2ce \u00e0 sa forme\u00a0d&rsquo;<strong>arri\u00e8re-train de chien bleu<\/strong>! Franchement, n&rsquo;est-il pas rigolo ?!_x000D_n_x000D_nD\u00e9couvrez donc ci-apr\u00e8s toutes ses informations techniques et d\u00e9coratives._x000D_n_x000D_nMais, d&rsquo;abord, revenons bri\u00e8vement sur\u00a0<a href=\"https:\/\/1001pateres.com\/brand\/1001pateres\/\"><strong>1001 Pat\u00e8res<\/strong><\/a>. En effet, c&rsquo;est \u00e0 la fois une marque et un site marchand\u00a0fran\u00e7ais de porte manteaux. <strong>N\u00b01 en France<\/strong>, il offre\u00a0<strong>choix et bon rapport qualit\u00e9-prix<\/strong>,\u00a0quelque soit votre style d&rsquo;int\u00e9rieur et votre budget. D&rsquo;ailleurs, ce site est consult\u00e9 non seulement par des particuliers mais aussi par des professionnels pour l&rsquo;agencement de leurs collectivit\u00e9s, vestiaires et bureaux._x000D_n_x000D_n&nbsp;_x000D_n<\/p>\n<h3>Pat\u00e8re ventouse murale en forme de chien bleu<\/h3>\n<p>_x000D_nCi contre, plus sp\u00e9cifiquement, il s&rsquo;agit d&rsquo;une\u00a0<strong>pat\u00e8re ventouse murale<\/strong><strong> en<\/strong> <strong>plastique<\/strong>. A utiliser aussi bien dans la <strong>douche<\/strong>, que dans une <strong>salle de bain<\/strong>, un <strong>toilette<\/strong>, ou encore une <strong>cuisine,<\/strong>\u00a0sa fonction est donc vari\u00e9e: <strong>porte gant, porte fleur de douche, porte serviette, porte torchon<\/strong> etc&#8230; il s&rsquo;agit d&rsquo;une <strong>bonne astuce<\/strong> ludique de rangement polyvalent._x000D_n_x000D_nIci, il s&rsquo;agit de l&rsquo;arri\u00e8re d&rsquo;un chien bleu, mais la marque a d\u00e9velopp\u00e9 au total <strong>6 queues et pattes diff\u00e9rentes<\/strong> inspir\u00e9es du <strong>crocodile<\/strong>, de l&rsquo;oie, du <strong>kangourou<\/strong>, du <strong>tigre<\/strong> et du <strong>cheval<\/strong>. Toutes sont disponibles \u00e0 la vente \u00e0 l&rsquo;unit\u00e9, ou directement le <a href=\"https:\/\/1001pateres.com\/produit\/lot-de-6-pateres-rigolotes-ventouses-animaux\/\"><strong>lot de 6<\/strong><\/a>\u00a0au complet._x000D_n_x000D_nC\u00f4t\u00e9 utilisation, elle est faite pour \u00eatre \u00ab\u00a0ventous\u00e9e\u00a0\u00bb \u00e0 m\u00eame le carrelage. En <strong>plastique<\/strong>, elle supporte un <strong>poids d&rsquo;environ 2 kg<\/strong>._x000D_n_x000D_nVous aimerez le fait de ne pas avoir besoin de percer, ni de manipuler un quelconque outil. Seule sa\u00a0<strong>ventouse murale transparente<\/strong> propre permettra sa fixation et son utilisation._x000D_n_x000D_nEnfin, voici ses <strong>dimensions<\/strong> sp\u00e9cifiques \u00e0 l&rsquo;unit\u00e9:_x000D_n<\/p>\n<ul>_x000D_n \t<\/p>\n<li>Diam\u00e8tre de la ventouse plastique transparente et chien bleu: 4,3\u00a0cm<\/li>\n<p>_x000D_n \t<\/p>\n<li>Ecartement du mur: 3,5 cm<\/li>\n<p>_x000D_n<\/ul>\n","protected":false},"excerpt":{"rendered":"<p>Jolie <strong>pat\u00e8re ventouse<\/strong> <em><strong>chien bleu<\/strong><\/em>.\u00a0Elle comporte un syst\u00e8me d&rsquo;accrochage form\u00e9 de la queue du chien.\u00a0Le design est simple et naif pour apporter une touche de couleur dans la salle de bain ou dans la cuisine.<\/p>\n","protected":false},"featured_media":744,"comment_status":"closed","ping_status":"open","template":"","meta":[],"product_cat":[20,17,23],"product_tag":[24],"class_list":["post-28","product","type-product","status-publish","has-post-thumbnail","hentry","product_cat-cuisine","product_cat-salle-de-bain","product_cat-toilette-wc","product_tag-crochet-patere-patere-design-patere-murale-patere-porte-porte-serviette-porte-torchon","description-off"],"_links":{"self":[{"href":"https:\/\/roulettes.vaniseo.top\/index.php\/wp-json\/wp\/v2\/product\/28","targetHints":{"allow":["GET"]}}],"collection":[{"href":"https:\/\/roulettes.vaniseo.top\/index.php\/wp-json\/wp\/v2\/product"}],"about":[{"href":"https:\/\/roulettes.vaniseo.top\/index.php\/wp-json\/wp\/v2\/types\/product"}],"replies":[{"embeddable":true,"href":"https:\/\/roulettes.vaniseo.top\/index.php\/wp-json\/wp\/v2\/comments?post=28"}],"version-history":[{"count":0,"href":"https:\/\/roulettes.vaniseo.top\/index.php\/wp-json\/wp\/v2\/product\/28\/revisions"}],"wp:featuredmedia":[{"embeddable":true,"href":"https:\/\/roulettes.vaniseo.top\/index.php\/wp-json\/wp\/v2\/media\/744"}],"wp:attachment":[{"href":"https:\/\/roulettes.vaniseo.top\/index.php\/wp-json\/wp\/v2\/media?parent=28"}],"wp:term":[{"taxonomy":"product_cat","embeddable":true,"href":"https:\/\/roulettes.vaniseo.top\/index.php\/wp-json\/wp\/v2\/product_cat?post=28"},{"taxonomy":"product_tag","embeddable":true,"href":"https:\/\/roulettes.vaniseo.top\/index.php\/wp-json\/wp\/v2\/product_tag?post=28"}],"curies":[{"name":"wp","href":"https:\/\/api.w.org\/{rel}","templated":true}]}}