{"id":280,"date":"2022-04-04T16:21:07","date_gmt":"2022-04-04T14:21:07","guid":{"rendered":"https:\/\/roulettes.vaniseo.top\/index.php\/produit\/patere-design-couronne-doree-en-bois\/"},"modified":"2022-04-04T17:18:44","modified_gmt":"2022-04-04T15:18:44","slug":"patere-design-couronne-doree-en-bois","status":"publish","type":"product","link":"https:\/\/roulettes.vaniseo.top\/index.php\/produit\/patere-design-couronne-doree-en-bois\/","title":{"rendered":"Pat\u00e8re design couronne dor\u00e9e en bois"},"content":{"rendered":"<h4>Belle pat\u00e8re design couronne dor\u00e9e en bois.<\/h4>\n<p>_x000D_nPat\u00e8re design <strong>couronne dor\u00e9e<\/strong> en <em><strong>bois<\/strong><\/em>. Cette forme douce et apaisante\u00a0est en\u00a0bois peint._x000D_n_x000D_nElle se pose dans la chambre de l&rsquo;enfant ou de b\u00e9b\u00e9 et permet ainsi de ne plus voir trainer ses affaires. Aussi, elle comporte un syst\u00e8me d&rsquo;accrochage avec des vis et des chevilles ou un syst\u00e8me autocollant._x000D_n_x000D_nLe d\u00e9cor reste original de style moderne\u00a0et ce mod\u00e8le est de tr\u00e8s belle qualit\u00e9._x000D_n_x000D_nElle se vend avec\u00a0ses vis et ses chevilles. Sa pose n\u00e9cessite l&rsquo;utilisation d&rsquo;une perceuse._x000D_n_x000D_nL&rsquo;\u00e9cartement du mur peut se faire avec un carr\u00e9 autocollant de 3 cm ou un cylindre \u00e0 fixer au mur de 5 cm._x000D_n<\/p>\n<h4><strong>Dimensions :<\/strong><\/h4>\n<p>_x000D_n<\/p>\n<ul>_x000D_n \t<\/p>\n<li>La couronne est de dimension 9 cm X 6 cm<\/li>\n<p>_x000D_n \t<\/p>\n<li>Ecartement du mur 3 cm ou 5 cm.<\/li>\n<p>_x000D_n<\/ul>\n","protected":false},"excerpt":{"rendered":"<p>Belle pat\u00e8re <em><strong>couronne\u00a0<\/strong><\/em><strong>dor\u00e9e<\/strong>\u00a0en bois. Cette forme douce et apaisante\u00a0est en bois peint. Cette pat\u00e8re murale peut se fixer au mur ou se coller avec un double face fournie. Elle est \u00e0 poser dans la chambre de l&rsquo;enfant ou de b\u00e9b\u00e9 pour ne plus voir trainer ses affaires.<\/p>\n","protected":false},"featured_media":1467,"comment_status":"closed","ping_status":"open","template":"","meta":[],"product_cat":[16],"product_tag":[27],"class_list":["post-280","product","type-product","status-publish","has-post-thumbnail","hentry","product_cat-chambre-enfant","product_tag-crochet-patere-patere-design-patere-murale-patere-porte-pateres-porte-serviette-porte-torchon-vestiaire","description-off"],"_links":{"self":[{"href":"https:\/\/roulettes.vaniseo.top\/index.php\/wp-json\/wp\/v2\/product\/280","targetHints":{"allow":["GET"]}}],"collection":[{"href":"https:\/\/roulettes.vaniseo.top\/index.php\/wp-json\/wp\/v2\/product"}],"about":[{"href":"https:\/\/roulettes.vaniseo.top\/index.php\/wp-json\/wp\/v2\/types\/product"}],"replies":[{"embeddable":true,"href":"https:\/\/roulettes.vaniseo.top\/index.php\/wp-json\/wp\/v2\/comments?post=280"}],"version-history":[{"count":0,"href":"https:\/\/roulettes.vaniseo.top\/index.php\/wp-json\/wp\/v2\/product\/280\/revisions"}],"wp:featuredmedia":[{"embeddable":true,"href":"https:\/\/roulettes.vaniseo.top\/index.php\/wp-json\/wp\/v2\/media\/1467"}],"wp:attachment":[{"href":"https:\/\/roulettes.vaniseo.top\/index.php\/wp-json\/wp\/v2\/media?parent=280"}],"wp:term":[{"taxonomy":"product_cat","embeddable":true,"href":"https:\/\/roulettes.vaniseo.top\/index.php\/wp-json\/wp\/v2\/product_cat?post=280"},{"taxonomy":"product_tag","embeddable":true,"href":"https:\/\/roulettes.vaniseo.top\/index.php\/wp-json\/wp\/v2\/product_tag?post=280"}],"curies":[{"name":"wp","href":"https:\/\/api.w.org\/{rel}","templated":true}]}}