{"id":281,"date":"2022-04-04T16:21:07","date_gmt":"2022-04-04T14:21:07","guid":{"rendered":"https:\/\/roulettes.vaniseo.top\/index.php\/produit\/porte-manteau-mural-metal-elan-dore-helio-ferretti\/"},"modified":"2022-04-04T17:18:45","modified_gmt":"2022-04-04T15:18:45","slug":"porte-manteau-mural-metal-elan-dore-helio-ferretti","status":"publish","type":"product","link":"https:\/\/roulettes.vaniseo.top\/index.php\/produit\/porte-manteau-mural-metal-elan-dore-helio-ferretti\/","title":{"rendered":"Porte-manteau mural m\u00e9tal \u00e9lan dor\u00e9 HELIO FERRETTI"},"content":{"rendered":"<h3>Pat\u00e8re t\u00eate d&rsquo;\u00e9lan dor\u00e9e HELIO FERRETTI<\/h3>\n<p>_x000D_n1001 Pat\u00e8res vous propose ici plus d&rsquo;informations concernant le <strong>porte-manteau mural m\u00e9tal d&rsquo;une t\u00eate d&rsquo;\u00e9lan dor\u00e9e<\/strong>. Il est sign\u00e9 <a href=\"https:\/\/1001pateres.com\/brand\/helio-ferretti\/\">Helio Ferretti<\/a>._x000D_n_x000D_nEn effet, 1001 Pat\u00e8res est le <strong>n\u00b01 en France de la vente en ligne de pat\u00e8res<\/strong> et porte manteaux. Il vous propose ici une s\u00e9lection des plus belles r\u00e9f\u00e9rences de <strong>pat\u00e8res internationales<\/strong>. Elles disposent toutes d&rsquo;un <strong>excellent rapport qualit\u00e9 prix<\/strong>._x000D_n_x000D_nAinsi, avec <a href=\"https:\/\/www.helioferretti.com\" target=\"_blank\" rel=\"noopener\">Helio Ferretti<\/a>, d\u00e9couvrez un <strong>style espagnol avant-gardiste<\/strong>. Les pat\u00e8res s\u00e9lectionn\u00e9es et \u00e0 la vente sur ce site, sont toutes des<strong> structures m\u00e9talliques color\u00e9es<\/strong>._x000D_n_x000D_nIci, concr\u00e8tement, le porte-manteau mural m\u00e9tal prend la forme d&rsquo;une t\u00eate d&rsquo;\u00e9lan dor\u00e9e. Cette base de <strong>structure en m\u00e9tal<\/strong> dispose de <strong>6 branches<\/strong> pour facilement venir suspendre vos affaires. De ce fait, cette pat\u00e8re prend \u00e0 la fois la fonction de porte-manteau, de porte-chapeau, de porte-\u00e9charpe ou de porte-serviette._x000D_n_x000D_n&nbsp;_x000D_n<\/p>\n<h3>Installer le porte-manteau mural m\u00e9tal \u00e9lan dor\u00e9 Helio Ferretti<\/h3>\n<p>_x000D_nEnfin, ce porte-manteau mural m\u00e9tal comporte un<strong> syst\u00e8me d&rsquo;accrochage simple et facile<\/strong> \u00e0 poser. Vous trouverez <strong>deux emplacements pour des crochets<\/strong> ou de la visserie._x000D_n_x000D_nPar ailleurs, nous recommandons \u00e0 nos clients de l&rsquo;installer <strong>sur un mur tr\u00e8s clair ou tr\u00e8s fonc\u00e9<\/strong> pour jouer sur les <strong>contrastes<\/strong>. Si vous optez pour une installation sur un mur de couleur, optez pour un <strong>coloris plut\u00f4t chaud<\/strong> comme le dor\u00e9 de l&rsquo;\u00e9lan._x000D_n_x000D_nNos clients retiennent cette r\u00e9f\u00e9rence de pat\u00e8re t\u00eate d&rsquo;\u00e9lan dor\u00e9e car elle s&rsquo;adapte \u00e0 toute d\u00e9coration int\u00e9rieure de la maison ou d&rsquo;une entreprise. Elle est \u00e0 la fois discr\u00e8te mais indispensable._x000D_n_x000D_nPensez \u00e0 toujours v\u00e9rifier les <strong>dimensions<\/strong> de l&rsquo;espace o\u00f9 vous souhaitez l&rsquo;installer pour valider la faisabilit\u00e9 de votre projet avant tout achat. Une fois les dimensions de l&rsquo;espace prises, vous pourrez les comparer avec celles de cette pat\u00e8re, \u00e0 savoir:_x000D_n<\/p>\n<ul>_x000D_n \t<\/p>\n<li>Hauteur 22 cm<\/li>\n<p>_x000D_n \t<\/p>\n<li>Largeur 31\u00a0cm<\/li>\n<p>_x000D_n \t<\/p>\n<li>Ecartement du mur\u00a08 cm<\/li>\n<p>_x000D_n<\/ul>\n","protected":false},"excerpt":{"rendered":"<p>Pat\u00e8re murale en m\u00e9tal dor\u00e9\u00a0en forme de\u00a0<strong>t\u00eate d&rsquo;\u00e9lan<\/strong> de la marque <em><strong>HELIO FERRETTI<\/strong><\/em>.\u00a0Porte-manteau porte-chapeau moderne design en m\u00e9tal or\u00a0avec six branches qui peut servir de porte-\u00e9charpe ou porte-v\u00eatement.\u00a0Il comporte un syst\u00e8me d&rsquo;accrochage simple avec deux emplacements pour des crochets ou des visseries.<\/p>\n","protected":false},"featured_media":1470,"comment_status":"closed","ping_status":"open","template":"","meta":[],"product_cat":[16,32],"product_tag":[34],"class_list":["post-281","product","type-product","status-publish","has-post-thumbnail","hentry","product_cat-chambre-enfant","product_cat-entree-sejour","product_tag-crochet-patere-patere-design-patere-murale-patere-porte-pateres-porte-chapeau-porte-manteau-porte-serviette-porte-torchon-vestiaire","description-off"],"_links":{"self":[{"href":"https:\/\/roulettes.vaniseo.top\/index.php\/wp-json\/wp\/v2\/product\/281","targetHints":{"allow":["GET"]}}],"collection":[{"href":"https:\/\/roulettes.vaniseo.top\/index.php\/wp-json\/wp\/v2\/product"}],"about":[{"href":"https:\/\/roulettes.vaniseo.top\/index.php\/wp-json\/wp\/v2\/types\/product"}],"replies":[{"embeddable":true,"href":"https:\/\/roulettes.vaniseo.top\/index.php\/wp-json\/wp\/v2\/comments?post=281"}],"version-history":[{"count":0,"href":"https:\/\/roulettes.vaniseo.top\/index.php\/wp-json\/wp\/v2\/product\/281\/revisions"}],"wp:featuredmedia":[{"embeddable":true,"href":"https:\/\/roulettes.vaniseo.top\/index.php\/wp-json\/wp\/v2\/media\/1470"}],"wp:attachment":[{"href":"https:\/\/roulettes.vaniseo.top\/index.php\/wp-json\/wp\/v2\/media?parent=281"}],"wp:term":[{"taxonomy":"product_cat","embeddable":true,"href":"https:\/\/roulettes.vaniseo.top\/index.php\/wp-json\/wp\/v2\/product_cat?post=281"},{"taxonomy":"product_tag","embeddable":true,"href":"https:\/\/roulettes.vaniseo.top\/index.php\/wp-json\/wp\/v2\/product_tag?post=281"}],"curies":[{"name":"wp","href":"https:\/\/api.w.org\/{rel}","templated":true}]}}