{"id":288,"date":"2022-04-04T16:21:07","date_gmt":"2022-04-04T14:21:07","guid":{"rendered":"https:\/\/roulettes.vaniseo.top\/index.php\/produit\/patere-design-lapin-rose-en-bois\/"},"modified":"2022-04-04T17:18:50","modified_gmt":"2022-04-04T15:18:50","slug":"patere-design-lapin-rose-en-bois","status":"publish","type":"product","link":"https:\/\/roulettes.vaniseo.top\/index.php\/produit\/patere-design-lapin-rose-en-bois\/","title":{"rendered":"Pat\u00e8re design lapin rose en bois"},"content":{"rendered":"<h4>Belle pat\u00e8re design lapin rose en bois.<\/h4>\n<p>_x000D_nPat\u00e8re design <strong>lapin rose<\/strong>\u00a0en bois. Cette t\u00eate d&rsquo;animal de la ferme est en\u00a0bois peint._x000D_n_x000D_nElle se pose dans la <em><strong>chambre de l&rsquo;enfant<\/strong><\/em> ou de b\u00e9b\u00e9 et ainsi permet de ne plus voir trainer ses affaires._x000D_n_x000D_nAussi, elle comporte un syst\u00e8me d&rsquo;accrochage avec des vis et des chevilles. Mais celle-ci peut aussi \u00eatre pos\u00e9 \u00e0 l&rsquo;aide du cube de bois et de deux doubles-faces autocollant fournis._x000D_n_x000D_nLe d\u00e9cor reste original et de style moderne. Ce mod\u00e8le est de tr\u00e8s belle qualit\u00e9._x000D_n_x000D_nElle se vend avec\u00a0ses vis et ses chevilles. Par cons\u00e9quent, sa pose n\u00e9cessite l&rsquo;utilisation d&rsquo;une perceuse._x000D_n_x000D_n<strong>Dimensions :<\/strong>_x000D_n<\/p>\n<ul>_x000D_n \t<\/p>\n<li>La t\u00eate de lapin est de dimension 8,7 cm X 7,1 cm<\/li>\n<p>_x000D_n \t<\/p>\n<li>Ecartement du mur 3 cm ou 5 cm.<\/li>\n<p>_x000D_n<\/ul>\n","protected":false},"excerpt":{"rendered":"<p>Jolie pat\u00e8re pour les <strong>chambres d&rsquo;enfant<\/strong> en forme de t\u00eate de\u00a0<em><strong>lapin rose<\/strong><\/em>\u00a0en bois. Cette t\u00eate d&rsquo;animal de la ferme est en bois peint. Elle est \u00e0 poser dans la chambre de l&rsquo;enfant ou de b\u00e9b\u00e9 pour ne plus voir trainer ses affaires.<\/p>\n","protected":false},"featured_media":740,"comment_status":"closed","ping_status":"open","template":"","meta":[],"product_cat":[16],"product_tag":[27],"class_list":["post-288","product","type-product","status-publish","has-post-thumbnail","hentry","product_cat-chambre-enfant","product_tag-crochet-patere-patere-design-patere-murale-patere-porte-pateres-porte-serviette-porte-torchon-vestiaire","description-off"],"_links":{"self":[{"href":"https:\/\/roulettes.vaniseo.top\/index.php\/wp-json\/wp\/v2\/product\/288","targetHints":{"allow":["GET"]}}],"collection":[{"href":"https:\/\/roulettes.vaniseo.top\/index.php\/wp-json\/wp\/v2\/product"}],"about":[{"href":"https:\/\/roulettes.vaniseo.top\/index.php\/wp-json\/wp\/v2\/types\/product"}],"replies":[{"embeddable":true,"href":"https:\/\/roulettes.vaniseo.top\/index.php\/wp-json\/wp\/v2\/comments?post=288"}],"version-history":[{"count":0,"href":"https:\/\/roulettes.vaniseo.top\/index.php\/wp-json\/wp\/v2\/product\/288\/revisions"}],"wp:featuredmedia":[{"embeddable":true,"href":"https:\/\/roulettes.vaniseo.top\/index.php\/wp-json\/wp\/v2\/media\/740"}],"wp:attachment":[{"href":"https:\/\/roulettes.vaniseo.top\/index.php\/wp-json\/wp\/v2\/media?parent=288"}],"wp:term":[{"taxonomy":"product_cat","embeddable":true,"href":"https:\/\/roulettes.vaniseo.top\/index.php\/wp-json\/wp\/v2\/product_cat?post=288"},{"taxonomy":"product_tag","embeddable":true,"href":"https:\/\/roulettes.vaniseo.top\/index.php\/wp-json\/wp\/v2\/product_tag?post=288"}],"curies":[{"name":"wp","href":"https:\/\/api.w.org\/{rel}","templated":true}]}}