{"id":29,"date":"2022-04-04T16:20:00","date_gmt":"2022-04-04T14:20:00","guid":{"rendered":"https:\/\/roulettes.vaniseo.top\/index.php\/produit\/patere-ventouse-en-forme-doie-blanche-en-plastique\/"},"modified":"2022-04-04T17:08:38","modified_gmt":"2022-04-04T15:08:38","slug":"patere-ventouse-en-forme-doie-blanche-en-plastique","status":"publish","type":"product","link":"https:\/\/roulettes.vaniseo.top\/index.php\/produit\/patere-ventouse-en-forme-doie-blanche-en-plastique\/","title":{"rendered":"Pat\u00e8re ventouse en forme d&rsquo;oie blanche en plastique"},"content":{"rendered":"<h3>Rangement ventouse porte torchon : queue d&rsquo;oie blanche<\/h3>\n<p>_x000D_nBesoin d&rsquo;astuces pour pousser toute la famille \u00e0 mieux ses petites affaires? En voici ici! Tout d&rsquo;abord, arr\u00eatez l&rsquo;autorit\u00e9, passez \u00e0 la m\u00e9thode \u00ab\u00a02nd degr\u00e9\u00a0\u00bb avec l&rsquo;utilisation de <strong>pat\u00e8re ventouse\u00a0en plastique<\/strong>. Ici, il s&rsquo;agit d&rsquo;une version en forme d&rsquo;<strong>arri\u00e8re-train d&rsquo;oie blanche<\/strong>! Franchement, quoi de plus originale ?!_x000D_n_x000D_nD\u00e9couvrez ci dessous toutes ses informations techniques et d\u00e9coratives._x000D_n_x000D_nD&rsquo;abord, revenons rapidement sur ce qu&rsquo;est\u00a0<a href=\"https:\/\/1001pateres.com\/brand\/1001pateres\/\"><strong>1001 Pat\u00e8res<\/strong><\/a>. En effet, c&rsquo;est \u00e0 la fois une marque mais aussi un site marchand\u00a0fran\u00e7ais de pat\u00e8res. <strong>N\u00b01 en France<\/strong>, il offre\u00a0<strong>choix et qualit\u00e9<\/strong> quelque soit votre style et votre budget. D&rsquo;ailleurs, ce site est d\u00e9di\u00e9 non seulement aux particuliers mais aussi aux professionnels._x000D_n_x000D_n&nbsp;_x000D_n<\/p>\n<h3>Pat\u00e8re ventouse plastique porte torchon : arri\u00e8re d&rsquo;oie blanche<\/h3>\n<p>_x000D_nCi contre, plus sp\u00e9cifiquement, il s&rsquo;agit d&rsquo;une\u00a0<strong>pat\u00e8re ventouse en<\/strong> <strong>plastique<\/strong>. Elle peut \u00eatre aussi bien utilis\u00e9e dans la <strong>douche<\/strong>, que dans une <strong>salle de bain<\/strong>, un <strong>toilette<\/strong>, ou encore une <strong>cuisine<\/strong>. Sa fonction est donc plurielle: <strong>porte gant, porte fleur de douche, porte serviette, porte torchon<\/strong> etc&#8230;_x000D_n_x000D_nCes arri\u00e8res trains d&rsquo;animaux color\u00e9s sont donc une <strong>bonne astuce<\/strong> ludique de rangement polyvalent.\u00a0Ici, il s&rsquo;agit de l&rsquo;arri\u00e8re d&rsquo;une oie blanche, mais la marque a d\u00e9velopp\u00e9 au total <strong>6 queues et pattes diff\u00e9rentes<\/strong> inspir\u00e9es du <strong>crocodile<\/strong>, du <strong>chien<\/strong>, du <strong>kangourou<\/strong>, du <strong>tigre<\/strong> et du <strong>cheval<\/strong>._x000D_n_x000D_nAinsi, 1001 Pat\u00e8res vous propose la vente du <a href=\"https:\/\/1001pateres.com\/produit\/lot-de-6-pateres-rigolotes-ventouses-animaux\/\"><strong>lot de 6<\/strong><\/a>\u00a0au complet, ou de <strong>chacune \u00e0 l&rsquo;unit\u00e9<\/strong>._x000D_n_x000D_nC\u00f4t\u00e9 utilisation ensuite, elle est id\u00e9ale pour s&rsquo;installer sur les carrelages. En <strong>plastique<\/strong>, elle peut supporter un <strong>poids d&rsquo;environ 2 kg<\/strong>. Donc rien de plus simple, pas besoin de percer, pas besoin d&rsquo;outils, juste sa\u00a0<strong>ventouse murale transparente<\/strong>\u00a0pr\u00e9sente au dos._x000D_n_x000D_nEnfin, voici ses <strong>dimensions<\/strong> sp\u00e9cifiques \u00e0 l&rsquo;unit\u00e9:_x000D_n<\/p>\n<ul>_x000D_n \t<\/p>\n<li>Diam\u00e8tre de la ventouse plastique transparente et oie blanche: 4,3\u00a0cm<\/li>\n<p>_x000D_n \t<\/p>\n<li>Ecartement du mur: 3,5 cm<\/li>\n<p>_x000D_n<\/ul>\n","protected":false},"excerpt":{"rendered":"<p>Jolie <strong>pat\u00e8re ventouse<\/strong> <em><strong>oie blanche<\/strong><\/em>.\u00a0Elle comporte un syst\u00e8me d&rsquo;accrochage form\u00e9 de la queue de l&rsquo;oie.\u00a0Le design est simple et naif pour apporter une touche de couleur dans la salle de bain ou dans la cuisine.<\/p>\n","protected":false},"featured_media":746,"comment_status":"closed","ping_status":"open","template":"","meta":[],"product_cat":[20,17,23],"product_tag":[26],"class_list":["post-29","product","type-product","status-publish","has-post-thumbnail","hentry","product_cat-cuisine","product_cat-salle-de-bain","product_cat-toilette-wc","product_tag-crochet-patere-patere-design-patere-murale-patere-porte-pateres-porte-serviette-porte-torchon","description-off"],"_links":{"self":[{"href":"https:\/\/roulettes.vaniseo.top\/index.php\/wp-json\/wp\/v2\/product\/29","targetHints":{"allow":["GET"]}}],"collection":[{"href":"https:\/\/roulettes.vaniseo.top\/index.php\/wp-json\/wp\/v2\/product"}],"about":[{"href":"https:\/\/roulettes.vaniseo.top\/index.php\/wp-json\/wp\/v2\/types\/product"}],"replies":[{"embeddable":true,"href":"https:\/\/roulettes.vaniseo.top\/index.php\/wp-json\/wp\/v2\/comments?post=29"}],"version-history":[{"count":0,"href":"https:\/\/roulettes.vaniseo.top\/index.php\/wp-json\/wp\/v2\/product\/29\/revisions"}],"wp:featuredmedia":[{"embeddable":true,"href":"https:\/\/roulettes.vaniseo.top\/index.php\/wp-json\/wp\/v2\/media\/746"}],"wp:attachment":[{"href":"https:\/\/roulettes.vaniseo.top\/index.php\/wp-json\/wp\/v2\/media?parent=29"}],"wp:term":[{"taxonomy":"product_cat","embeddable":true,"href":"https:\/\/roulettes.vaniseo.top\/index.php\/wp-json\/wp\/v2\/product_cat?post=29"},{"taxonomy":"product_tag","embeddable":true,"href":"https:\/\/roulettes.vaniseo.top\/index.php\/wp-json\/wp\/v2\/product_tag?post=29"}],"curies":[{"name":"wp","href":"https:\/\/api.w.org\/{rel}","templated":true}]}}