{"id":290,"date":"2022-04-04T16:21:07","date_gmt":"2022-04-04T14:21:07","guid":{"rendered":"https:\/\/roulettes.vaniseo.top\/index.php\/produit\/patere-design-licorne-rose-a-paillettes-en-bois\/"},"modified":"2022-04-04T17:18:51","modified_gmt":"2022-04-04T15:18:51","slug":"patere-design-licorne-rose-a-paillettes-en-bois","status":"publish","type":"product","link":"https:\/\/roulettes.vaniseo.top\/index.php\/produit\/patere-design-licorne-rose-a-paillettes-en-bois\/","title":{"rendered":"Pat\u00e8re design licorne rose \u00e0 paillettes en bois"},"content":{"rendered":"<h4>Belle pat\u00e8re en forme de licorne rose \u00e0 paillettes en bois.<\/h4>\n<p>_x000D_nPat\u00e8re design <strong>licorne rose \u00e0 paillettes<\/strong> en <strong><em>bois<\/em><\/strong>. Cette forme douce et apaisante\u00a0est en\u00a0bois peint._x000D_n_x000D_nCette pat\u00e8re est \u00e0 poser dans la chambre de l&rsquo;enfant ou de b\u00e9b\u00e9\u00a0pour ne plus voir trainer ses affaires. De plus, elle comporte un syst\u00e8me d&rsquo;accrochage avec des vis et des chevilles ou un syst\u00e8me autocollant._x000D_n_x000D_nAussi, le d\u00e9cor est original de style moderne, elle est de plus de tr\u00e8s belle qualit\u00e9._x000D_n_x000D_nElle se vend avec\u00a0ses vis et ses chevilles et par cons\u00e9quent sa pose n\u00e9cessite l&rsquo;utilisation d&rsquo;une perceuse._x000D_n_x000D_nL&rsquo;\u00e9cartement du mur peut se faire avec un carr\u00e9 autocollant de 3 cm ou un cylindre \u00e0 fixer au mur de 5 cm._x000D_n<\/p>\n<h4><strong>Dimensions :<\/strong><\/h4>\n<p>_x000D_n<\/p>\n<ul>_x000D_n \t<\/p>\n<li>La licorne est de dimension 11,5 cm X 7 cm<\/li>\n<p>_x000D_n \t<\/p>\n<li>Ecartement du mur 3 cm ou 5 cm.<\/li>\n<p>_x000D_n<\/ul>\n","protected":false},"excerpt":{"rendered":"<p>Belle pat\u00e8re <b><i>licorne<\/i><\/b>\u00a0rose<b>\u00a0\u00e0 paillettes<\/b>\u00a0en bois. Cette forme douce et apaisante\u00a0est en bois peint. Cette pat\u00e8re murale peut se fixer au mur ou se coller avec un double face fournie. Elle est \u00e0 poser dans la chambre de l&rsquo;enfant ou de b\u00e9b\u00e9 pour ne plus voir trainer ses affaires.<\/p>\n","protected":false},"featured_media":1493,"comment_status":"closed","ping_status":"open","template":"","meta":[],"product_cat":[16],"product_tag":[27],"class_list":["post-290","product","type-product","status-publish","has-post-thumbnail","hentry","product_cat-chambre-enfant","product_tag-crochet-patere-patere-design-patere-murale-patere-porte-pateres-porte-serviette-porte-torchon-vestiaire","description-off"],"_links":{"self":[{"href":"https:\/\/roulettes.vaniseo.top\/index.php\/wp-json\/wp\/v2\/product\/290","targetHints":{"allow":["GET"]}}],"collection":[{"href":"https:\/\/roulettes.vaniseo.top\/index.php\/wp-json\/wp\/v2\/product"}],"about":[{"href":"https:\/\/roulettes.vaniseo.top\/index.php\/wp-json\/wp\/v2\/types\/product"}],"replies":[{"embeddable":true,"href":"https:\/\/roulettes.vaniseo.top\/index.php\/wp-json\/wp\/v2\/comments?post=290"}],"version-history":[{"count":0,"href":"https:\/\/roulettes.vaniseo.top\/index.php\/wp-json\/wp\/v2\/product\/290\/revisions"}],"wp:featuredmedia":[{"embeddable":true,"href":"https:\/\/roulettes.vaniseo.top\/index.php\/wp-json\/wp\/v2\/media\/1493"}],"wp:attachment":[{"href":"https:\/\/roulettes.vaniseo.top\/index.php\/wp-json\/wp\/v2\/media?parent=290"}],"wp:term":[{"taxonomy":"product_cat","embeddable":true,"href":"https:\/\/roulettes.vaniseo.top\/index.php\/wp-json\/wp\/v2\/product_cat?post=290"},{"taxonomy":"product_tag","embeddable":true,"href":"https:\/\/roulettes.vaniseo.top\/index.php\/wp-json\/wp\/v2\/product_tag?post=290"}],"curies":[{"name":"wp","href":"https:\/\/api.w.org\/{rel}","templated":true}]}}