{"id":295,"date":"2022-04-04T16:21:07","date_gmt":"2022-04-04T14:21:07","guid":{"rendered":"https:\/\/roulettes.vaniseo.top\/index.php\/produit\/pateres-hello-kitty-autocollantes-lot-de-deux\/"},"modified":"2022-04-04T17:18:54","modified_gmt":"2022-04-04T15:18:54","slug":"pateres-hello-kitty-autocollantes-lot-de-deux","status":"publish","type":"product","link":"https:\/\/roulettes.vaniseo.top\/index.php\/produit\/pateres-hello-kitty-autocollantes-lot-de-deux\/","title":{"rendered":"Pat\u00e8res HELLO KITTY autocollantes lot de deux"},"content":{"rendered":"<h4>Porte-manteau HELLO KITTY.<\/h4>\n<p>_x000D_nJolies pat\u00e8res <em><strong>HELLO KITTY<\/strong><\/em> autocollantes lot de deux._x000D_n_x000D_nElles sont <strong>autocollantes<\/strong> et comportent un syst\u00e8me d&rsquo;accrochage\u00a0en m\u00e9tal avec un embout form\u00e9 d&rsquo;une boule en m\u00e9tal\u00a0pour plus de s\u00e9curit\u00e9._x000D_n_x000D_nCes pat\u00e8res sont faites pour supporter des charges de 2 kg maximum lorsqu&rsquo;elles sont coll\u00e9es sur un support lisse et propre pour une meilleure adh\u00e9rence._x000D_n_x000D_nEn bois peint de couleur rose et de couleur rouge, elles sont id\u00e9ales pour une chambre d\u2019enfant._x000D_n_x000D_nNe n\u00e9cessitent aucun outils pour leur fixation._x000D_n<\/p>\n<h4>Dimensions :<\/h4>\n<p>_x000D_n<\/p>\n<ul>_x000D_n \t<\/p>\n<li>Chaque HELLO KITTY est de dimension 5,5 cm X 4,5 cm<\/li>\n<p>_x000D_n \t<\/p>\n<li>Avec le crochet Hauteur 7,5 cm<\/li>\n<p>_x000D_n \t<\/p>\n<li>Ecartement du mur 2,5 cm<\/li>\n<p>_x000D_n<\/ul>\n","protected":false},"excerpt":{"rendered":"<p>Porte-manteau en forme du c\u00e9l\u00e8bre personnage <b>HELLO KITTY<\/b>. Ces pat\u00e8res design sont au nombre de deux. Elles sont en bois peint id\u00e9ales pour une chambre d\u2019enfant.\u00a0Elles sont autocollantes et ne n\u00e9cessitent aucun outils pour leur fixation mais ne peuvent r\u00e9sister qu&rsquo;a un poids maximum de 2 kg.<\/p>\n","protected":false},"featured_media":1507,"comment_status":"closed","ping_status":"open","template":"","meta":[],"product_cat":[16],"product_tag":[25],"class_list":["post-295","product","type-product","status-publish","has-post-thumbnail","hentry","product_cat-chambre-enfant","product_tag-crochet-patere-patere-design-patere-murale-patere-porte-pateres-porte-manteau-porte-serviette-porte-torchon-vestiaire","description-off"],"_links":{"self":[{"href":"https:\/\/roulettes.vaniseo.top\/index.php\/wp-json\/wp\/v2\/product\/295","targetHints":{"allow":["GET"]}}],"collection":[{"href":"https:\/\/roulettes.vaniseo.top\/index.php\/wp-json\/wp\/v2\/product"}],"about":[{"href":"https:\/\/roulettes.vaniseo.top\/index.php\/wp-json\/wp\/v2\/types\/product"}],"replies":[{"embeddable":true,"href":"https:\/\/roulettes.vaniseo.top\/index.php\/wp-json\/wp\/v2\/comments?post=295"}],"version-history":[{"count":0,"href":"https:\/\/roulettes.vaniseo.top\/index.php\/wp-json\/wp\/v2\/product\/295\/revisions"}],"wp:featuredmedia":[{"embeddable":true,"href":"https:\/\/roulettes.vaniseo.top\/index.php\/wp-json\/wp\/v2\/media\/1507"}],"wp:attachment":[{"href":"https:\/\/roulettes.vaniseo.top\/index.php\/wp-json\/wp\/v2\/media?parent=295"}],"wp:term":[{"taxonomy":"product_cat","embeddable":true,"href":"https:\/\/roulettes.vaniseo.top\/index.php\/wp-json\/wp\/v2\/product_cat?post=295"},{"taxonomy":"product_tag","embeddable":true,"href":"https:\/\/roulettes.vaniseo.top\/index.php\/wp-json\/wp\/v2\/product_tag?post=295"}],"curies":[{"name":"wp","href":"https:\/\/api.w.org\/{rel}","templated":true}]}}