{"id":296,"date":"2022-04-04T16:21:11","date_gmt":"2022-04-04T14:21:11","guid":{"rendered":"https:\/\/roulettes.vaniseo.top\/index.php\/produit\/patere-tete-delephant-argente-zoo-par-capventure\/"},"modified":"2022-04-04T17:18:56","modified_gmt":"2022-04-04T15:18:56","slug":"patere-tete-delephant-argente-zoo-par-capventure","status":"publish","type":"product","link":"https:\/\/roulettes.vaniseo.top\/index.php\/produit\/patere-tete-delephant-argente-zoo-par-capventure\/","title":{"rendered":"Pat\u00e8re t\u00eate d&rsquo;\u00e9l\u00e9phant argent\u00e9 ZOO par CapVenture"},"content":{"rendered":"<h3>Porte manteau original t\u00eate d&rsquo;\u00e9l\u00e9phant argent\u00e9 par CapVenture<\/h3>\n<p>_x000D_nCi-dessous prenez connaissance de toutes les informations techniques et d\u00e9coratives de cette <strong>pat\u00e8re t\u00eate d&rsquo;\u00e9l\u00e9phant argent\u00e9<\/strong>. Elle est issue de la collection <strong>ZOO<\/strong> sign\u00e9e <a href=\"https:\/\/1001pateres.com\/brand\/capventure\"><strong>CapVenture<\/strong><\/a>._x000D_n_x000D_nPour ce faire,\u00a0<strong>1001<\/strong> Pat\u00e8res est votre meilleur partenaire, puisqu&rsquo;il est le N\u00b01 en France de la vente de pat\u00e8res et porte manteaux en ligne. Il d\u00e9niche aux quatre coins du monde des pat\u00e8res design aux meilleurs rapports qualit\u00e9 prix de pat\u00e8res._x000D_n_x000D_nIci, le designer est donc CapVenture, venant des\u00a0<strong>Pays-Bas<\/strong>. La marque est sp\u00e9cialis\u00e9e dans les pat\u00e8res <strong>t\u00eates d\u2019animales<\/strong>. De nombreuses vari\u00e9t\u00e9s sont disponibles sur ce site. De quoi vraiment vous amusez! Celles-ci sont tri\u00e9es en\u00a0<strong>collections <\/strong>comme\u00a0ZOO, Animal Sauvage, et Ferme._x000D_n_x000D_nL&rsquo;objectif est donc que vous <strong>d\u00e9coriez<\/strong>\u00a0autant que vous <strong>rangiez<\/strong>. Offrez-vous donc une pat\u00e8re\u00a0seule compl\u00e9tant une th\u00e9matique animali\u00e8re sp\u00e9cifique ou de\u00a0<strong>cr\u00e9er un\u00a0<\/strong>v\u00e9ritable\u00a0<strong>univers ZOO\u00a0<\/strong> par exemple. Pour ce faire, il vous faudra \u00e9videmment <strong>d\u00e9multiplier plusieurs pat\u00e8res<\/strong>\u00a0sur des murs de pr\u00e9f\u00e9rence clairs._x000D_n_x000D_nPour aller plus loin dans l\u2019humour, certains de nos clients <strong>personnalisent<\/strong> m\u00eame (en caricaturant l\u00e9g\u00e8rement!) le choix de l\u2019animal pour chaque <strong>membre de la famille!<\/strong>_x000D_n_x000D_n&nbsp;_x000D_n<\/p>\n<h3>Pat\u00e8re t\u00eate d&rsquo;\u00e9l\u00e9phant argent\u00e9 de la collection ZOO<\/h3>\n<p>_x000D_nPar ailleurs, dans la collection <strong>ZOO<\/strong>, d\u00e9couvrez des t\u00eates en r\u00e9sine vraiment de qualit\u00e9. Certaines sont uniques, <strong>peintes \u00e0 la<\/strong> main. Il s&rsquo;agit par exemple des t\u00eates de\u00a0<strong>l\u00e9opard<\/strong>, de\u00a0<strong>z\u00e8bre<\/strong>, d&rsquo;<strong>ours<\/strong>, de\u00a0<strong>faon<\/strong>, de <strong>loup<\/strong> et de <a href=\"https:\/\/1001pateres.com\/produit\/patere-design-et-deco-zoo-tete-de-renard-roux\/\"><strong>renard<\/strong><\/a>._x000D_n_x000D_nCertaines autres sont disponibles en diff\u00e9rents coloris comme le<strong> crocodile<\/strong>,\u00a0la <strong>girafe<\/strong>, l\u2019<strong>\u00e9lan<\/strong>, le\u00a0<strong>cerf<\/strong> et le\u00a0<strong>lapin<\/strong>. L<strong>&lsquo;\u00e9l\u00e9phant<\/strong>\u00a0lui est disponible ci contre en <strong>argent\u00e9<\/strong>, ou encore en <a href=\"https:\/\/1001pateres.com\/produit\/patere-design-zoo-tete-elephant-bleu-laque\/\">bleu laqu\u00e9<\/a>, <a href=\"https:\/\/1001pateres.com\/produit\/patere-design-zoo-tete-elephant-couleur-beige-mat\/\">beige mat<\/a>, et <a href=\"https:\/\/1001pateres.com\/produit\/patere-design-zoo-tete-elephant-blanc-laque\/\">blanc laqu\u00e9<\/a> mais aussi <strong>peint \u00e0 la main<\/strong> aux <a href=\"https:\/\/1001pateres.com\/produit\/patere-design-animal-zoo-tete-elephant-tropical\/\">couleurs classiques<\/a> d&rsquo;un \u00e9l\u00e9phant._x000D_n_x000D_n&nbsp;_x000D_n<\/p>\n<h3>Installer la pat\u00e8re t\u00eate d&rsquo;\u00e9l\u00e9phant argent\u00e9<\/h3>\n<p>_x000D_nEnfin, notez que cette pat\u00e8re\u00a0<strong>supporte une charge sup\u00e9rieure \u00e0 5 kg<\/strong>. C\u2019est donc un v\u00e9ritable passe partout pour ranger aussi bien manteau dans l\u2019entr\u00e9e que serviette dans la salle de bain!_x000D_n_x000D_nPour finir, elle dispose d\u2019un <strong>syst\u00e8me d\u2019accrochage<\/strong> simple, <strong>rapide<\/strong>, mais surtout <strong>invisible<\/strong> une fois fix\u00e9. Pr\u00e9parez seulement votre perceuse, plus la vis et la cheville fournies._x000D_n_x000D_n<strong>Dimensions<\/strong> :_x000D_n<\/p>\n<ul>_x000D_n \t<\/p>\n<li>La t\u00eate d&rsquo;\u00e9l\u00e9phant : 8 cm X 4 cm<\/li>\n<p>_x000D_n<\/ul>\n<p>_x000D_n<\/p>\n<ul>_x000D_n \t<\/p>\n<li>Ecartement du mur : 5 cm<\/li>\n<p>_x000D_n<\/ul>\n","protected":false},"excerpt":{"rendered":"<p>Pat\u00e8re design de la s\u00e9rie du ZOO en forme de t\u00eate d&rsquo;<strong>\u00e9l\u00e9phant argent\u00e9<\/strong>.\u00a0Cette t\u00eate d&rsquo;animal du zoo de la marque <em><strong>CAPVENTURE<\/strong><\/em> est en r\u00e9sine.\u00a0Elle est \u00e0 poser dans la chambre ou dans l&rsquo;entr\u00e9e pour ne plus voir trainer ses affaires.<\/p>\n","protected":false},"featured_media":1510,"comment_status":"closed","ping_status":"open","template":"","meta":[],"product_cat":[16,32],"product_tag":[27],"class_list":["post-296","product","type-product","status-publish","has-post-thumbnail","hentry","product_cat-chambre-enfant","product_cat-entree-sejour","product_tag-crochet-patere-patere-design-patere-murale-patere-porte-pateres-porte-serviette-porte-torchon-vestiaire","description-off"],"_links":{"self":[{"href":"https:\/\/roulettes.vaniseo.top\/index.php\/wp-json\/wp\/v2\/product\/296","targetHints":{"allow":["GET"]}}],"collection":[{"href":"https:\/\/roulettes.vaniseo.top\/index.php\/wp-json\/wp\/v2\/product"}],"about":[{"href":"https:\/\/roulettes.vaniseo.top\/index.php\/wp-json\/wp\/v2\/types\/product"}],"replies":[{"embeddable":true,"href":"https:\/\/roulettes.vaniseo.top\/index.php\/wp-json\/wp\/v2\/comments?post=296"}],"version-history":[{"count":0,"href":"https:\/\/roulettes.vaniseo.top\/index.php\/wp-json\/wp\/v2\/product\/296\/revisions"}],"wp:featuredmedia":[{"embeddable":true,"href":"https:\/\/roulettes.vaniseo.top\/index.php\/wp-json\/wp\/v2\/media\/1510"}],"wp:attachment":[{"href":"https:\/\/roulettes.vaniseo.top\/index.php\/wp-json\/wp\/v2\/media?parent=296"}],"wp:term":[{"taxonomy":"product_cat","embeddable":true,"href":"https:\/\/roulettes.vaniseo.top\/index.php\/wp-json\/wp\/v2\/product_cat?post=296"},{"taxonomy":"product_tag","embeddable":true,"href":"https:\/\/roulettes.vaniseo.top\/index.php\/wp-json\/wp\/v2\/product_tag?post=296"}],"curies":[{"name":"wp","href":"https:\/\/api.w.org\/{rel}","templated":true}]}}