{"id":297,"date":"2022-04-04T16:21:11","date_gmt":"2022-04-04T14:21:11","guid":{"rendered":"https:\/\/roulettes.vaniseo.top\/index.php\/produit\/porte-manteau-design-3-galets-noirs-superliving\/"},"modified":"2022-04-04T17:18:57","modified_gmt":"2022-04-04T15:18:57","slug":"porte-manteau-design-3-galets-noirs-superliving","status":"publish","type":"product","link":"https:\/\/roulettes.vaniseo.top\/index.php\/produit\/porte-manteau-design-3-galets-noirs-superliving\/","title":{"rendered":"Porte manteau design 3 galets noirs SUPERLIVING"},"content":{"rendered":"<h3>Porte manteau noir compos\u00e9 de 3 galets Superliving<\/h3>\n<p>_x000D_n<strong>1001 Pat\u00e8res<\/strong> recommande ce <strong>porte manteau design<\/strong> <strong>3\u00a0galets noirs\u00a0SUPERLIVING<\/strong>. On vous d\u00e9voile ci dessous l&rsquo;ensemble de ses <strong>informations utiles<\/strong> d&rsquo;un point de vue <strong>technique<\/strong> et <strong>d\u00e9coratif<\/strong>._x000D_n_x000D_nEn effet, 1001 Pat\u00e8res est le sp\u00e9cialiste n\u00b01 en France de la vente de pat\u00e8res et porte manteaux._x000D_n_x000D_nPour commencer, d\u00e9couvrez ici la marque <a href=\"https:\/\/1001pateres.com\/brand\/superliving\/\"><strong>Superliving<\/strong><\/a>. Cette marque est sp\u00e9cialis\u00e9e dans le design de <strong>pat\u00e8res \u00e0 boules<\/strong>. Color\u00e9es ou neutres, toutes offriront rangements et design \u00e0 votre int\u00e9rieur de maison ou d&rsquo;entreprise._x000D_n_x000D_nAinsi, ici d\u00e9couvrez un mod\u00e8le de la <strong>collection 3 galets<\/strong>. Celle-ci est compos\u00e9 d&rsquo;une r\u00e9f\u00e9rence dans des nuances de <a href=\"https:\/\/1001pateres.com\/produit\/porte-manteaux-design-galets-rose-superliving\/\">rose<\/a> et de cette r\u00e9f\u00e9rence ci-contre <strong>noire<\/strong>._x000D_n_x000D_n<span style=\"line-height: 1.5\">Elles sont <strong>originales<\/strong> et de <strong>tr\u00e8s belle qualit\u00e9<\/strong>.\u00a0<\/span>Elles forment des <strong>galets de tailles diff\u00e9rentes en bois peint<\/strong> de couleur <strong>noire<\/strong>.\u00a0Aussi, ces porte-manteaux en forme de galets noirs SUPERLIVING sont \u00e0 poser partout dans la maison pour simplement d\u00e9corer ou suspendre v\u00eatements et accessoires.\u00a0Bien s\u00fbr, ces pat\u00e8res sont particuli\u00e8rement adapt\u00e9es pour l&rsquo;entr\u00e9e afin d&rsquo;y d\u00e9poser les manteaux, \u00e9charpes ou chapeaux._x000D_n_x000D_n&nbsp;_x000D_n<\/p>\n<h3>Installation de porte manteau design 3 galets noirs SUPERLIVING<\/h3>\n<p>_x000D_nEnfin, pour les <strong>installer<\/strong>, ce porte manteau design 3 galets noirs est mont\u00e9 sur un <strong>support en m\u00e9tal blanc<\/strong>. Fabriqu\u00e9e en Europe, il comporte un syst\u00e8me d&rsquo;accrochage avec vis et chevilles fournies. La pose n\u00e9cessite l&rsquo;usage d&rsquo;une perceuse._x000D_n_x000D_nPar ailleurs, au vue des <strong>dimensions<\/strong> des galets, espacez-les plus ou moins. Vous pouvez aussi <strong>les d\u00e9multiplier<\/strong> en nombre souhait\u00e9 pour un <strong>effet DOT ultra contemporain<\/strong>.\u00a0Les dimensions par diam\u00e8tre de galets :_x000D_n<\/p>\n<ul>_x000D_n \t<\/p>\n<li>Petit galet 6 cm<\/li>\n<p>_x000D_n \t<\/p>\n<li>Moyen galet 7,5 cm<\/li>\n<p>_x000D_n \t<\/p>\n<li>Grand galet 9 cm<\/li>\n<p>_x000D_n \t<\/p>\n<li>Ecartement du mur 1,5 cm.<\/li>\n<p>_x000D_n<\/ul>\n","protected":false},"excerpt":{"rendered":"<p>Porte-manteaux design <em><strong>galets noirs<\/strong><\/em>\u00a0<strong>SUPERLIVING<\/strong>. Ces 3 pat\u00e8res design sont mont\u00e9es sur un support en m\u00e9tal blanc et forment des galets de tailles diff\u00e9rentes en bois peint en noir. Elle sont \u00e0 poser partout dans la maison pour ne plus laisser trainer ses affaires. Elles sont particuli\u00e8rement adapt\u00e9es pour l&rsquo;entr\u00e9e afin d&rsquo;y d\u00e9poser les manteaux, \u00e9charpes ou chapeaux.<\/p>\n","protected":false},"featured_media":1513,"comment_status":"closed","ping_status":"open","template":"","meta":[],"product_cat":[19,32,21,22,17],"product_tag":[25],"class_list":["post-297","product","type-product","status-publish","has-post-thumbnail","hentry","product_cat-collectivite","product_cat-entree-sejour","product_cat-entreprise","product_cat-pro","product_cat-salle-de-bain","product_tag-crochet-patere-patere-design-patere-murale-patere-porte-pateres-porte-manteau-porte-serviette-porte-torchon-vestiaire","description-off"],"_links":{"self":[{"href":"https:\/\/roulettes.vaniseo.top\/index.php\/wp-json\/wp\/v2\/product\/297","targetHints":{"allow":["GET"]}}],"collection":[{"href":"https:\/\/roulettes.vaniseo.top\/index.php\/wp-json\/wp\/v2\/product"}],"about":[{"href":"https:\/\/roulettes.vaniseo.top\/index.php\/wp-json\/wp\/v2\/types\/product"}],"replies":[{"embeddable":true,"href":"https:\/\/roulettes.vaniseo.top\/index.php\/wp-json\/wp\/v2\/comments?post=297"}],"version-history":[{"count":0,"href":"https:\/\/roulettes.vaniseo.top\/index.php\/wp-json\/wp\/v2\/product\/297\/revisions"}],"wp:featuredmedia":[{"embeddable":true,"href":"https:\/\/roulettes.vaniseo.top\/index.php\/wp-json\/wp\/v2\/media\/1513"}],"wp:attachment":[{"href":"https:\/\/roulettes.vaniseo.top\/index.php\/wp-json\/wp\/v2\/media?parent=297"}],"wp:term":[{"taxonomy":"product_cat","embeddable":true,"href":"https:\/\/roulettes.vaniseo.top\/index.php\/wp-json\/wp\/v2\/product_cat?post=297"},{"taxonomy":"product_tag","embeddable":true,"href":"https:\/\/roulettes.vaniseo.top\/index.php\/wp-json\/wp\/v2\/product_tag?post=297"}],"curies":[{"name":"wp","href":"https:\/\/api.w.org\/{rel}","templated":true}]}}