{"id":298,"date":"2022-04-04T16:21:11","date_gmt":"2022-04-04T14:21:11","guid":{"rendered":"https:\/\/roulettes.vaniseo.top\/index.php\/produit\/set-de-trois-pateres-animaux-colores-rhinoceros-coq-et-elephant\/"},"modified":"2022-04-04T17:18:57","modified_gmt":"2022-04-04T15:18:57","slug":"set-de-trois-pateres-animaux-colores-rhinoceros-coq-et-elephant","status":"publish","type":"product","link":"https:\/\/roulettes.vaniseo.top\/index.php\/produit\/set-de-trois-pateres-animaux-colores-rhinoceros-coq-et-elephant\/","title":{"rendered":"Set de trois pat\u00e8res animaux color\u00e9s: rhinoc\u00e9ros, coq et \u00e9l\u00e9phant"},"content":{"rendered":"<h3>T\u00eates\u00a0animaux murales en plastique comme pat\u00e8res murales<\/h3>\n<p>_x000D_n<strong>1001 Pat\u00e8res<\/strong> vous propose ici une r\u00e9f\u00e9rence de <strong>porte manteau ludique et color\u00e9<\/strong> plut\u00f4t enfantin. Il s&rsquo;agit d&rsquo;un <strong>set de trois pat\u00e8res animaux<\/strong> prenant la forme de t\u00eates de <strong>rhinoc\u00e9ros<\/strong>, de <strong>coq<\/strong> et d&rsquo;<strong>\u00e9l\u00e9phant<\/strong>. D\u00e9couvrez ci dessous l&rsquo;ensemble de ses informations d\u00e9coratives mais aussi ses caract\u00e9ristiques techniques._x000D_n_x000D_nTout d&rsquo;abord, rappelons que cette r\u00e9f\u00e9rence est sign\u00e9e <a href=\"https:\/\/1001pateres.com\/brand\/1001pateres\/\">1001 Pat\u00e8res<\/a>. En effet, cette boutique en ligne propose de <strong>nombreuses marques internationales<\/strong> mais dispose aussi de <strong>sa propre gamme de pat\u00e8res<\/strong>. Ainsi, elle est aujourd&rsquo;hui <strong>n\u00b01 en France de la vente en ligne<\/strong> de ce type de produits. Vous aimerez constater <strong>l&rsquo;\u00e9tendue de choix et de prix pratiqu\u00e9s<\/strong>. Cet ensemble vous garantie de trouver votre bonheur pour disposer d&rsquo;une <strong>maison<\/strong> ou d&rsquo;une <strong>entreprise d\u00e9cor\u00e9e et rang\u00e9e<\/strong>._x000D_n_x000D_nAinsi, sp\u00e9cifiquement ici, il s&rsquo;agit de <strong>t\u00eates d&rsquo;animaux murales en plastique dur<\/strong> utilis\u00e9es comme <strong>pat\u00e8res murales<\/strong> en <strong>plastique<\/strong>. Au vue du style de formes et de coloris <strong>pastels<\/strong>, ces porte manteaux\u00a0sont\u00a0\u00e0 poser dans la <strong>chambre d&rsquo;un enfant<\/strong> pour ranger et d\u00e9corer. 1001 Pat\u00e8res vous conseille de les valoriser en les utilisant <strong>sur des murs pastels ou blancs cass\u00e9s<\/strong>._x000D_n_x000D_nPar ailleurs, il s&rsquo;agit ci-contre de t\u00eates de rhinoc\u00e9ros, de coq et d&rsquo;\u00e9l\u00e9phant. Leurs t\u00eates vous garantissent de pouvoir\u00a0accrocher des v\u00eatements en toute s\u00e9curit\u00e9. Elles supportent jusqu&rsquo;\u00e0 5kg de charge environ._x000D_n_x000D_n&nbsp;_x000D_n<\/p>\n<h3>Comment fixer le set de trois pat\u00e8res animaux color\u00e9s?<\/h3>\n<p>_x000D_nPour terminer, ces t\u00eates d&rsquo;animaux murales sont faciles \u00e0 poser mais n\u00e9cessitent l&rsquo;<strong>usage d&rsquo;une perceuse<\/strong>.\u00a0<span style=\"line-height: 1.5\">Elles sont de tr\u00e8s belle qualit\u00e9 avec une <strong>finition soign\u00e9e<\/strong>.\u00a0<\/span>_x000D_n_x000D_nN&rsquo;oubliez pas de tenir compte de leurs <strong>dimensions<\/strong>. Vous pourrez ainsi prendre le temps de bien choisir quel pan de mur les accueillera le mieux, et avec quel \u00e9cartement r\u00e9gulier. Voici donc les dimensions d&rsquo;un animal:_x000D_n<\/p>\n<ul>_x000D_n \t<\/p>\n<li>Largeur: 1,2 cm<\/li>\n<p>_x000D_n \t<\/p>\n<li>Ecartement du mur: 5,5 cm<\/li>\n<p>_x000D_n \t<\/p>\n<li>Longueur de la vis dans le mur: 2,5 cm<\/li>\n<p>_x000D_n<\/ul>\n","protected":false},"excerpt":{"rendered":"<p>Set de trois pat\u00e8res <em><strong>animaux<\/strong><\/em> t\u00eate de rhinoc\u00e9ros, de coq et d&rsquo;\u00e9l\u00e9phant.\u00a0Ces pat\u00e8res en <strong>plastique<\/strong>\u00a0sont\u00a0\u00e0 poser dans la chambre d&rsquo;un enfant pour \u00a0par exemple ne plus voir trainer ses affaires ou tout simplement en d\u00e9coration.\u00a0Les t\u00eates d&rsquo;animaux comportent des formes qui permettent d&rsquo;accrocher les v\u00eatements en toute s\u00e9curit\u00e9.\u00a0Elles\u00a0sont facile \u00e0 poser mais n\u00e9cessitent l&rsquo;usage d&rsquo;une perceuse.<\/p>\n","protected":false},"featured_media":1516,"comment_status":"closed","ping_status":"open","template":"","meta":[],"product_cat":[16,17],"product_tag":[25],"class_list":["post-298","product","type-product","status-publish","has-post-thumbnail","hentry","product_cat-chambre-enfant","product_cat-salle-de-bain","product_tag-crochet-patere-patere-design-patere-murale-patere-porte-pateres-porte-manteau-porte-serviette-porte-torchon-vestiaire","description-off"],"_links":{"self":[{"href":"https:\/\/roulettes.vaniseo.top\/index.php\/wp-json\/wp\/v2\/product\/298","targetHints":{"allow":["GET"]}}],"collection":[{"href":"https:\/\/roulettes.vaniseo.top\/index.php\/wp-json\/wp\/v2\/product"}],"about":[{"href":"https:\/\/roulettes.vaniseo.top\/index.php\/wp-json\/wp\/v2\/types\/product"}],"replies":[{"embeddable":true,"href":"https:\/\/roulettes.vaniseo.top\/index.php\/wp-json\/wp\/v2\/comments?post=298"}],"version-history":[{"count":0,"href":"https:\/\/roulettes.vaniseo.top\/index.php\/wp-json\/wp\/v2\/product\/298\/revisions"}],"wp:featuredmedia":[{"embeddable":true,"href":"https:\/\/roulettes.vaniseo.top\/index.php\/wp-json\/wp\/v2\/media\/1516"}],"wp:attachment":[{"href":"https:\/\/roulettes.vaniseo.top\/index.php\/wp-json\/wp\/v2\/media?parent=298"}],"wp:term":[{"taxonomy":"product_cat","embeddable":true,"href":"https:\/\/roulettes.vaniseo.top\/index.php\/wp-json\/wp\/v2\/product_cat?post=298"},{"taxonomy":"product_tag","embeddable":true,"href":"https:\/\/roulettes.vaniseo.top\/index.php\/wp-json\/wp\/v2\/product_tag?post=298"}],"curies":[{"name":"wp","href":"https:\/\/api.w.org\/{rel}","templated":true}]}}