{"id":301,"date":"2022-04-04T16:21:11","date_gmt":"2022-04-04T14:21:11","guid":{"rendered":"https:\/\/roulettes.vaniseo.top\/index.php\/produit\/patere-tete-de-crocodile-beige-zoo-par-capventure\/"},"modified":"2022-04-04T17:19:00","modified_gmt":"2022-04-04T15:19:00","slug":"patere-tete-de-crocodile-beige-zoo-par-capventure","status":"publish","type":"product","link":"https:\/\/roulettes.vaniseo.top\/index.php\/produit\/patere-tete-de-crocodile-beige-zoo-par-capventure\/","title":{"rendered":"Pat\u00e8re t\u00eate de crocodile beige ZOO par CapVenture"},"content":{"rendered":"<h3>Porte manteau original t\u00eate de crocodile beige par CapVenture<\/h3>\n<p>_x000D_n<strong>1001 Pat\u00e8res<\/strong> vous liste ci dessous l\u2019ensemble des informations techniques et d\u00e9coratives de cette <strong>pat\u00e8re t\u00eate de crocodile\u00a0<\/strong><b>beige<\/b>. Elle est issue de la collection <strong>ZOO<\/strong> sign\u00e9e <a href=\"https:\/\/1001pateres.com\/brand\/capventure\"><strong>CapVenture<\/strong><\/a>._x000D_n_x000D_nTout d\u2019abord,\u00a0<strong>1001 Pat\u00e8res, n\u00b01 en France\u00a0<\/strong>de la vente de pat\u00e8res ne propose que les meilleurs rapports qualit\u00e9 prix de pat\u00e8res de designers internationaux . Ici, il s\u2019agit de la marque des <strong>Pays-Bas<\/strong>, CapVenture. Avec elle, profitez de nombreuses <strong>t\u00eates d\u2019animaux diff\u00e9rentes<\/strong> r\u00e9unies sous forme de <strong>collections <\/strong>nomm\u00e9es\u00a0<strong>ZOO<\/strong>, <strong>Animal Sauvage<\/strong>, et <strong>Ferme<\/strong>._x000D_n_x000D_nGr\u00e2ce \u00e0 elles, vous pouvez chaque t\u00eate animale seule, ou vous pouvez\u00a0<strong>cr\u00e9er de v\u00e9ritable univers. <\/strong>Avec ZOO par exemple, emmenez toute la famille vers des animaux lointains!\u00a0Vous <strong>d\u00e9corerez<\/strong> autant que vous <strong>rangerez<\/strong>. Il vous faut donc juste\u00a0<strong>d\u00e9multiplier les t\u00eates<\/strong> sur un m\u00eame pan de mur, de pr\u00e9f\u00e9rence clair pour les valoriser. Certains de nos clients\u00a0<b>caricaturent<\/b>\u00a0m\u00eame le choix de la t\u00eate d&rsquo;animal \u00e0 chacun des\u00a0<strong>membres de la famille<\/strong>. Le rangement est alors <strong>ludique<\/strong> et <strong>humoristique\u00a0<\/strong>pour tous!_x000D_n_x000D_n&nbsp;_x000D_n<\/p>\n<h3>Pat\u00e8re t\u00eate de crocodile beige de la collection ZOO<\/h3>\n<p>_x000D_nPar ailleurs, retrouvez dans la collection ZOO des t\u00eates uniques, en <strong>r\u00e9sine<\/strong> et <strong>peintes \u00e0 la main<\/strong> comme la t\u00eate d\u2019<a href=\"https:\/\/1001pateres.com\/produit\/patere-design-animal-zoo-tete-elephant-tropical\/\"><strong>\u00e9l\u00e9phant<\/strong><\/a> mais aussi celles du <strong>l\u00e9opard<\/strong>, du <strong><a href=\"https:\/\/1001pateres.com\/produit\/patere-design-animal-zoo-tete-de-zebre-tropical\/\">z\u00e8bre<\/a><\/strong>, de <strong>l\u2019ours<\/strong>, du <strong>faon<\/strong>, du <strong>loup<\/strong> et du <strong>renard<\/strong>._x000D_n_x000D_nEnfin, retrouvez certains des animaux sont disponibles en plusieurs coloris comme l\u2019<strong>\u00e9l\u00e9phant<\/strong>, le\u00a0<strong>crocodile<\/strong>, la <strong>girafe<\/strong>, l\u2019<strong>\u00e9lan<\/strong>, le\u00a0<strong>cerf<\/strong> et le\u00a0<strong>lapin<\/strong>._x000D_n_x000D_nAinsi, le crocodile ici pr\u00e9sent\u00e9 est disponible en <strong>beige<\/strong>, mais aussi en <strong><a href=\"https:\/\/1001pateres.com\/produit\/patere-design-animal-zoo-tete-de-crocodile-blanc\/\">blanc<\/a><\/strong>._x000D_n_x000D_n&nbsp;_x000D_n<\/p>\n<h3>Installer la pat\u00e8re design t\u00eate d\u2019\u00e9l\u00e9phant<\/h3>\n<p>_x000D_nEnfin, c\u00f4t\u00e9 installation et utilisation, nous vous le disions chaque t\u00eate est en r\u00e9sine ultra robuste. Ce qui permet un <strong>support de charge sup\u00e9rieur \u00e0 5 kg<\/strong>. Il est donc possible de les utiliser aussi bien dans une chambre que dans une entr\u00e9e._x000D_n_x000D_nPar ailleurs, elles comportent un <strong>syst\u00e8me d\u2019accrochage<\/strong> simple, <strong>rapide<\/strong>, mais surtout <strong>invisible<\/strong> une fois fix\u00e9. Munissez-vous de votre perceuse, de la vis et de la cheville fournies._x000D_n_x000D_n<strong>Dimensions<\/strong> :_x000D_n<\/p>\n<ul>_x000D_n \t<\/p>\n<li>La t\u00eate de la crocodile : 3,5 cm X 5,5 cm<\/li>\n<p>_x000D_n \t<\/p>\n<li>\u00c9cartement du mur : 5,5 cm<\/li>\n<p>_x000D_n<\/ul>\n","protected":false},"excerpt":{"rendered":"<p>Belle pat\u00e8re animal du\u00a0ZOO de la marque <em><strong>CAPVENTURE<\/strong><\/em> en forme de <strong>t\u00eate de crocodile beige<\/strong>\u00a0mat.\u00a0Cette t\u00eate d&rsquo;animal du zoo est en r\u00e9sine.\u00a0Elle est \u00e0 poser dans la chambre ou dans l&rsquo;entr\u00e9e pour ne plus voir trainer ses affaires.<\/p>\n","protected":false},"featured_media":1526,"comment_status":"closed","ping_status":"open","template":"","meta":[],"product_cat":[16,32],"product_tag":[27],"class_list":["post-301","product","type-product","status-publish","has-post-thumbnail","hentry","product_cat-chambre-enfant","product_cat-entree-sejour","product_tag-crochet-patere-patere-design-patere-murale-patere-porte-pateres-porte-serviette-porte-torchon-vestiaire","description-off"],"_links":{"self":[{"href":"https:\/\/roulettes.vaniseo.top\/index.php\/wp-json\/wp\/v2\/product\/301","targetHints":{"allow":["GET"]}}],"collection":[{"href":"https:\/\/roulettes.vaniseo.top\/index.php\/wp-json\/wp\/v2\/product"}],"about":[{"href":"https:\/\/roulettes.vaniseo.top\/index.php\/wp-json\/wp\/v2\/types\/product"}],"replies":[{"embeddable":true,"href":"https:\/\/roulettes.vaniseo.top\/index.php\/wp-json\/wp\/v2\/comments?post=301"}],"version-history":[{"count":0,"href":"https:\/\/roulettes.vaniseo.top\/index.php\/wp-json\/wp\/v2\/product\/301\/revisions"}],"wp:featuredmedia":[{"embeddable":true,"href":"https:\/\/roulettes.vaniseo.top\/index.php\/wp-json\/wp\/v2\/media\/1526"}],"wp:attachment":[{"href":"https:\/\/roulettes.vaniseo.top\/index.php\/wp-json\/wp\/v2\/media?parent=301"}],"wp:term":[{"taxonomy":"product_cat","embeddable":true,"href":"https:\/\/roulettes.vaniseo.top\/index.php\/wp-json\/wp\/v2\/product_cat?post=301"},{"taxonomy":"product_tag","embeddable":true,"href":"https:\/\/roulettes.vaniseo.top\/index.php\/wp-json\/wp\/v2\/product_tag?post=301"}],"curies":[{"name":"wp","href":"https:\/\/api.w.org\/{rel}","templated":true}]}}