{"id":302,"date":"2022-04-04T16:21:11","date_gmt":"2022-04-04T14:21:11","guid":{"rendered":"https:\/\/roulettes.vaniseo.top\/index.php\/produit\/patere-reglable-7-crochets-en-aluminium-brosse\/"},"modified":"2022-04-04T17:19:00","modified_gmt":"2022-04-04T15:19:00","slug":"patere-reglable-7-crochets-en-aluminium-brosse","status":"publish","type":"product","link":"https:\/\/roulettes.vaniseo.top\/index.php\/produit\/patere-reglable-7-crochets-en-aluminium-brosse\/","title":{"rendered":"Pat\u00e8re r\u00e9glable 7 crochets en aluminium bross\u00e9"},"content":{"rendered":"<h3>Patere porte serviette salle de bain aluminium 7 crochets r\u00e9glables<\/h3>\n<p>_x000D_nEnfin un <strong>porte manteau multi crochets en acier inoxydable<\/strong> au meilleur prix! 1001 Pat\u00e8res propose ci-contre une belle <strong>pat\u00e8re r\u00e9glable 7\u00a0crochets en aluminium bross\u00e9<\/strong>.\u00a0Ci dessous, d\u00e9couvrez l\u2019ensemble de ses caract\u00e9ristiques techniques et d\u00e9coratives._x000D_n_x000D_nPar ailleurs, rappelons que <a href=\"https:\/\/1001pateres.com\/brand\/1001pateres\/\"><strong>1001 Pat\u00e8res<\/strong><\/a> est le <strong>leader en France de la vente de portants<\/strong>\u00a0<strong>design<\/strong> et <strong>qualitatifs<\/strong>. Ces diff\u00e9rents\u00a0<strong>styles \u00e0 prix vari\u00e9s<\/strong>\u00a0permettent de trouver son bonheur que ce soit pour une maison ou pour une entreprise rang\u00e9e et styl\u00e9e!_x000D_n_x000D_nAinsi, ici, la patere porte serviette salle de bain\u00a0peut servir pour de <strong>multiples usages<\/strong> dans une maison ou dans une entreprise.\u00a0Elle est murale, simple, pratique et passe-partout.\u00a0Elle comporte <strong>7 crochets pat\u00e8res r\u00e9glables en aluminium<\/strong>\u00a0<strong>bross\u00e9<\/strong>. Du fait qu&rsquo;elle soit en acier inoxydable, vous pourrez donc l&rsquo;installer dans toute pi\u00e8ce humide. Pr\u00e9f\u00e9rez\u00a0un pan de mur dans un angle discret, ou peu large pour jouer la discr\u00e9tion et l\u2019optimisation de vos espaces._x000D_n_x000D_nDe plus, vous adorerez\u00a0<strong>maximiser le rangement<\/strong> et d\u00e9placer \u00e0 votre convenance les crochets de gauche \u00e0 droite selon ce que vous souhaitez ranger. Les crochets seront donc plus au moins \u00e9cart\u00e9s les uns des autres selon si vous suspendez des v\u00eatements, des serviettes de bain ou des accessoires. Une pat\u00e8re sur-mesure une somme!_x000D_n_x000D_n&nbsp;_x000D_n<\/p>\n<h3>Comment fixer au mur la pat\u00e8re r\u00e9glable 7 crochets en aluminium bross\u00e9?<\/h3>\n<p>_x000D_nPour finir, pour l&rsquo;<strong>installation\u00a0<\/strong>de cette\u00a0r\u00e9f\u00e9rence, profitez d&rsquo;un syst\u00e8me d\u2019accrochage incluant vis et chevilles. L\u2019ensemble<strong>\u00a0est facile \u00e0 poser<\/strong>, tr\u00e8s <strong>rapide<\/strong>\u00a0mais n\u00e9cessite l&rsquo;usage de votre perceuse. Voici ses dimensions:_x000D_n<\/p>\n<ul>_x000D_n \t<\/p>\n<li>La base du support: 52 cm X 3,4 cm<\/li>\n<p>_x000D_n \t<\/p>\n<li>Ecartement du mur: 5 cm<\/li>\n<p>_x000D_n \t<\/p>\n<li>Hauteur de chaque pat\u00e8re: 5,5 cm<\/li>\n<p>_x000D_n \t<\/p>\n<li>Vis de 3,2 cm<\/li>\n<p>_x000D_n<\/ul>\n<p>_x000D_nEnfin, veuillez noter que ce mod\u00e8le existe aussi avec <a href=\"https:\/\/1001pateres.com\/produit\/patere-double-en-aluminium-brosse\/\">2<\/a>, <a href=\"https:\/\/1001pateres.com\/produit\/patere-3-crochets-en-aluminium-brosse-reglable\/\">3<\/a>, <a href=\"https:\/\/1001pateres.com\/produit\/patere-4-reglable-en-aluminium-brosse\/\">4<\/a>, <a href=\"https:\/\/1001pateres.com\/produit\/patere-5-crochets-en-aluminium-brosse\/\">5<\/a>, <a href=\"https:\/\/1001pateres.com\/produit\/patere-8-crochets-en-aluminium-brosse\/\">8<\/a> crochets r\u00e9glables. Vous avez l\u2019embarras du choix!<\/p>\n","protected":false},"excerpt":{"rendered":"<p><strong>Porte-serviette<\/strong> de salle de bain en aluminium avec 7<em><strong>\u00a0pat\u00e8res<\/strong><\/em>. Belle pat\u00e8re 7 crochets en aluminium bross\u00e9 r\u00e9glable qui peut servir pour de multiples usages dans la maison ou l&rsquo;entreprise et qui est particuli\u00e8rement adapt\u00e9 aux pi\u00e8ces humide.\u00a0Elle est murale au design simple et passe-partout.<\/p>\n","protected":false},"featured_media":1528,"comment_status":"closed","ping_status":"open","template":"","meta":[],"product_cat":[20,17],"product_tag":[25],"class_list":["post-302","product","type-product","status-publish","has-post-thumbnail","hentry","product_cat-cuisine","product_cat-salle-de-bain","product_tag-crochet-patere-patere-design-patere-murale-patere-porte-pateres-porte-manteau-porte-serviette-porte-torchon-vestiaire","description-off"],"_links":{"self":[{"href":"https:\/\/roulettes.vaniseo.top\/index.php\/wp-json\/wp\/v2\/product\/302","targetHints":{"allow":["GET"]}}],"collection":[{"href":"https:\/\/roulettes.vaniseo.top\/index.php\/wp-json\/wp\/v2\/product"}],"about":[{"href":"https:\/\/roulettes.vaniseo.top\/index.php\/wp-json\/wp\/v2\/types\/product"}],"replies":[{"embeddable":true,"href":"https:\/\/roulettes.vaniseo.top\/index.php\/wp-json\/wp\/v2\/comments?post=302"}],"version-history":[{"count":0,"href":"https:\/\/roulettes.vaniseo.top\/index.php\/wp-json\/wp\/v2\/product\/302\/revisions"}],"wp:featuredmedia":[{"embeddable":true,"href":"https:\/\/roulettes.vaniseo.top\/index.php\/wp-json\/wp\/v2\/media\/1528"}],"wp:attachment":[{"href":"https:\/\/roulettes.vaniseo.top\/index.php\/wp-json\/wp\/v2\/media?parent=302"}],"wp:term":[{"taxonomy":"product_cat","embeddable":true,"href":"https:\/\/roulettes.vaniseo.top\/index.php\/wp-json\/wp\/v2\/product_cat?post=302"},{"taxonomy":"product_tag","embeddable":true,"href":"https:\/\/roulettes.vaniseo.top\/index.php\/wp-json\/wp\/v2\/product_tag?post=302"}],"curies":[{"name":"wp","href":"https:\/\/api.w.org\/{rel}","templated":true}]}}