{"id":304,"date":"2022-04-04T16:21:11","date_gmt":"2022-04-04T14:21:11","guid":{"rendered":"https:\/\/roulettes.vaniseo.top\/index.php\/produit\/patere-double-en-plexi-transparent-adele-petrozzi\/"},"modified":"2022-04-04T17:19:01","modified_gmt":"2022-04-04T15:19:01","slug":"patere-double-en-plexi-transparent-adele-petrozzi","status":"publish","type":"product","link":"https:\/\/roulettes.vaniseo.top\/index.php\/produit\/patere-double-en-plexi-transparent-adele-petrozzi\/","title":{"rendered":"Patere double en plexi transparent ADELE PETROZZI"},"content":{"rendered":"<h3>Patere murale plexiglass double PETROZZI<\/h3>\n<p>_x000D_n<strong>1001 Pat\u00e8res<\/strong> vous recommande ici la <strong>patere double en plexi transparent<\/strong>. Celle-ci est issue de la collection <strong>ADELE<\/strong> du designer <a href=\"https:\/\/1001pateres.com\/brand\/petrozzi\/\"><strong>PETROZZI<\/strong><\/a>._x000D_n_x000D_nD\u00e9couvrez ci dessous toutes ses informations techniques sp\u00e9cifiques, mais aussi d\u00e9coratives._x000D_n_x000D_nTout d&rsquo;abord, cette patere peut faire office de<strong> porte-serviette comme de porte-manteau moderne<\/strong>. Avec un tel design, elle supporte largement une \u00e9charpe, un chapeau ou encore un sac \u00e0 main par exemple&#8230;_x000D_n_x000D_nEn effet, la collection Ad\u00e8le propose ce <strong>design<\/strong> de pat\u00e8re double \u00e0 la fois <strong>simple et minimaliste moderne<\/strong>. Elle se d\u00e9cline en <strong>coloris acidul\u00e9s<\/strong>, voir pop fluo. D&rsquo;ailleurs, retrouvez sur ce site les coloris suivants: <strong>blanc, violet, noir, orange, bleu, et <a href=\"https:\/\/1001pateres.com\/produit\/patere-en-plexi-rose-fuchsia-adele-petrozzi\/\">fuchsia<\/a>.<\/strong>_x000D_n_x000D_nPar ailleurs, la seconde collection Petrozzi disponible sur ce site est <strong>Abiti Kids<\/strong>, aux formes enfantines fum\u00e9es, noires, blanches et transparentes seulement._x000D_n_x000D_n&nbsp;_x000D_n<\/p>\n<h3>Patere double en plexi transparent ADELE PETROZZI<\/h3>\n<p>_x000D_nCi contre pour finir, il s&rsquo;agit donc pr\u00e9cis\u00e9ment d&rsquo;une <strong>patere double plexi transparent<\/strong>. Elle\u00a0comporte un syst\u00e8me d&rsquo;accrochage avec deux emplacements pour <strong>les vis et leurs caches-vis chrom\u00e9s<\/strong>. Vous adorerez donc utiliser un <strong>produit aux finitions parfaites<\/strong>._x000D_n_x000D_nCette patere double\u00a0s&rsquo;adapte donc facilement \u00e0 toute d\u00e9coration d&rsquo;int\u00e9rieur d&rsquo;une <strong>maison<\/strong> ou d&rsquo;une <strong><a href=\"https:\/\/1001pateres.com\/categorie-produit\/entreprise\/\">entreprise<\/a><\/strong>. Avec un tel coloris transparent, elle est \u00e0 la fois discr\u00e8te, design et indispensable. D&rsquo;ailleurs bons nombres de nos clients sont aujourd&rsquo;hui des entrepreneurs. Ils choisissent souvent cette collection pour leurs espaces de <strong>collectivit\u00e9s<\/strong> type salle de r\u00e9union, cantine, vestiaire etc&#8230;_x000D_n_x000D_nEn plus, sa mati\u00e8re <strong>plexiglass<\/strong> la rend <strong>inoxydable<\/strong>, pour durer longtemps dans un environnement humide, comme par exemple dans une salle de bain._x000D_n_x000D_nC\u00f4t\u00e9 <strong>installation<\/strong>, elle est facile \u00e0 poser mais n\u00e9cessite une perceuse et un tournevis. Ses vis et chevilles sont fournies. Voici ses <strong>dimensions:<\/strong>_x000D_n<\/p>\n<ul>_x000D_n \t<\/p>\n<li>Largeur base de la pat\u00e8re : 3,8 cm<\/li>\n<p>_x000D_n \t<\/p>\n<li>Ecartement du mur au bout des crochets doubles: 4,3 cm<\/li>\n<p>_x000D_n \t<\/p>\n<li>Hauteur totale : 10 cm<\/li>\n<p>_x000D_n<\/ul>\n","protected":false},"excerpt":{"rendered":"<p>Porte-serviette, porte-manteau moderne design en plexiglass qui peut servir de porte-\u00e9charpe ou porte-v\u00eatement par exemple.\u00a0Il s&rsquo;agit du mod\u00e8le <b>ADELE<\/b>\u00a0de la marque <b>PETROZZI<\/b>.\u00a0Ce crochet double particuli\u00e8rement adapt\u00e9 pour les salles de bain est de belle qualit\u00e9 et tr\u00e8s r\u00e9sistant \u00e0 l&rsquo;arrachement.<\/p>\n","protected":false},"featured_media":1534,"comment_status":"closed","ping_status":"open","template":"","meta":[],"product_cat":[19,21,22,17],"product_tag":[37],"class_list":["post-304","product","type-product","status-publish","has-post-thumbnail","hentry","product_cat-collectivite","product_cat-entreprise","product_cat-pro","product_cat-salle-de-bain","product_tag-crochet-patere-patere-design-patere-murale-patere-porte-pateres-porte-chapeau-porte-serviette-porte-torchon-vestiaire","description-off"],"_links":{"self":[{"href":"https:\/\/roulettes.vaniseo.top\/index.php\/wp-json\/wp\/v2\/product\/304","targetHints":{"allow":["GET"]}}],"collection":[{"href":"https:\/\/roulettes.vaniseo.top\/index.php\/wp-json\/wp\/v2\/product"}],"about":[{"href":"https:\/\/roulettes.vaniseo.top\/index.php\/wp-json\/wp\/v2\/types\/product"}],"replies":[{"embeddable":true,"href":"https:\/\/roulettes.vaniseo.top\/index.php\/wp-json\/wp\/v2\/comments?post=304"}],"version-history":[{"count":0,"href":"https:\/\/roulettes.vaniseo.top\/index.php\/wp-json\/wp\/v2\/product\/304\/revisions"}],"wp:featuredmedia":[{"embeddable":true,"href":"https:\/\/roulettes.vaniseo.top\/index.php\/wp-json\/wp\/v2\/media\/1534"}],"wp:attachment":[{"href":"https:\/\/roulettes.vaniseo.top\/index.php\/wp-json\/wp\/v2\/media?parent=304"}],"wp:term":[{"taxonomy":"product_cat","embeddable":true,"href":"https:\/\/roulettes.vaniseo.top\/index.php\/wp-json\/wp\/v2\/product_cat?post=304"},{"taxonomy":"product_tag","embeddable":true,"href":"https:\/\/roulettes.vaniseo.top\/index.php\/wp-json\/wp\/v2\/product_tag?post=304"}],"curies":[{"name":"wp","href":"https:\/\/api.w.org\/{rel}","templated":true}]}}