{"id":305,"date":"2022-04-04T16:21:11","date_gmt":"2022-04-04T14:21:11","guid":{"rendered":"https:\/\/roulettes.vaniseo.top\/index.php\/produit\/patere-double-blanche-en-plexiglass-adele-petrozzi\/"},"modified":"2022-04-04T17:19:02","modified_gmt":"2022-04-04T15:19:02","slug":"patere-double-blanche-en-plexiglass-adele-petrozzi","status":"publish","type":"product","link":"https:\/\/roulettes.vaniseo.top\/index.php\/produit\/patere-double-blanche-en-plexiglass-adele-petrozzi\/","title":{"rendered":"Patere double blanche en plexiglass ADELE PETROZZI"},"content":{"rendered":"<h3>Pat\u00e8re blanche murale en plexiglass PETROZZI<\/h3>\n<p>_x000D_n<strong>1001 Pat\u00e8res<\/strong> vous fait d\u00e9couvrir ici toutes les informations concernant la <strong>patere double blanche en plexiglass ADELE PETROZZI<\/strong>._x000D_n_x000D_nEn effet, <strong>1001 Pat\u00e8res<\/strong> est le n\u00b01 de la vente en ligne de pat\u00e8res et porte manteaux en France. Elle s\u00e9lectionne pour vous les <strong>meilleures collections de designers internationaux<\/strong>, aux meilleurs rapports qualit\u00e9 prix._x000D_n_x000D_nAinsi, avec <a href=\"https:\/\/1001pateres.com\/brand\/petrozzi\/\">Petrozzi<\/a>, profitez d&rsquo;un <strong>style italien moderne<\/strong>! L&rsquo;ensemble des pat\u00e8res sont en plexiglass. Sur notre site, deux collections sont disponibles: <strong>ADELE<\/strong> et <strong><a href=\"https:\/\/1001pateres.com\/produit\/porte-manteau-plexi-transparent-fille-petrozzi-abiti-kids\/\">ABITI KIDS<\/a><\/strong>. Avec ADELE, retrouvez un format de <strong>pat\u00e8re \u00e0 crochet double au design minimaliste<\/strong> mais aux <strong>couleurs tutti frutti<\/strong>. Avec <strong>ABITI KIDS<\/strong>, les <strong>formes<\/strong> sont <strong>enfantines<\/strong> (chat, chien, gar\u00e7on, fillette) mais les <strong>couleurs neutres<\/strong>: noir, blanc, fum\u00e9, et transparent._x000D_n_x000D_nOn adore le fait que les produits en <strong>plexiglass<\/strong> soient <strong>inoxydables<\/strong>, et <strong>r\u00e9siste donc \u00e0 l&rsquo;humidit\u00e9<\/strong> pr\u00e9sente dans une salle de bain, parfois aussi dans une cave ou un garage. Ainsi, chaque patere double peut \u00eatre utilis\u00e9e comme porte-serviette, porte-manteau, porte-\u00e9charpe ou encore porte-v\u00eatement._x000D_n_x000D_n&nbsp;_x000D_n<\/p>\n<h3>Installation de la patere double blanche Adele de Petrozzi<\/h3>\n<p>_x000D_nCi-contre, il s&rsquo;agit de la <strong>patere double blanche<\/strong>. A la diff\u00e9rence des mod\u00e8les <a href=\"https:\/\/1001pateres.com\/produit\/patere-en-plexi-rose-fuchsia-adele-petrozzi\/\">rose<\/a>, bleu ou orange, celle-ci n&rsquo;est pas transparente. Son <strong>blanc est opaque<\/strong>. Vous pourrez donc l&rsquo;installer sur des <strong>murs color\u00e9s<\/strong>._x000D_n_x000D_nElle est compos\u00e9e de\u00a0deux supports en plexiglass, et comporte un syst\u00e8me d&rsquo;accrochage avec deux emplacements pour les vis.\u00a0<strong>Les vis et chevilles sont fournies.<\/strong> Les vis disposent de cache-t\u00eates pour une finition parfaite. Vous aimerez \u00e0 quel point cette patere blanche est facile \u00e0 poser! Toutefois, pensez \u00e0 vous munir d&rsquo;une perceuse et d&rsquo;un tournevis._x000D_n_x000D_nEnfin, voici ses <strong>dimensions<\/strong> sp\u00e9cifiques:_x000D_n<\/p>\n<ul>_x000D_n \t<\/p>\n<li>Base de la pat\u00e8re de largeur 3,8 cm<\/li>\n<p>_x000D_n \t<\/p>\n<li>Ecartement du mur des accroches 4,3 cm<\/li>\n<p>_x000D_n \t<\/p>\n<li>Hauteur totale 10 cm<\/li>\n<p>_x000D_n<\/ul>\n","protected":false},"excerpt":{"rendered":"<p>Porte-serviette, porte-manteau moderne design en plexiglass qui peut servir de porte-\u00e9charpe ou porte-v\u00eatement par exemple.\u00a0Il s&rsquo;agit du mod\u00e8le <b>ADELE<\/b>\u00a0de la marque <b>PETROZZI<\/b>.\u00a0Ce crochet double particuli\u00e8rement adapt\u00e9 pour les salles de bain est de belle qualit\u00e9 et tr\u00e8s r\u00e9sistant \u00e0 l&rsquo;arrachement.<\/p>\n","protected":false},"featured_media":1538,"comment_status":"closed","ping_status":"open","template":"","meta":[],"product_cat":[19,21,22,17],"product_tag":[37],"class_list":["post-305","product","type-product","status-publish","has-post-thumbnail","hentry","product_cat-collectivite","product_cat-entreprise","product_cat-pro","product_cat-salle-de-bain","product_tag-crochet-patere-patere-design-patere-murale-patere-porte-pateres-porte-chapeau-porte-serviette-porte-torchon-vestiaire","description-off"],"_links":{"self":[{"href":"https:\/\/roulettes.vaniseo.top\/index.php\/wp-json\/wp\/v2\/product\/305","targetHints":{"allow":["GET"]}}],"collection":[{"href":"https:\/\/roulettes.vaniseo.top\/index.php\/wp-json\/wp\/v2\/product"}],"about":[{"href":"https:\/\/roulettes.vaniseo.top\/index.php\/wp-json\/wp\/v2\/types\/product"}],"replies":[{"embeddable":true,"href":"https:\/\/roulettes.vaniseo.top\/index.php\/wp-json\/wp\/v2\/comments?post=305"}],"version-history":[{"count":0,"href":"https:\/\/roulettes.vaniseo.top\/index.php\/wp-json\/wp\/v2\/product\/305\/revisions"}],"wp:featuredmedia":[{"embeddable":true,"href":"https:\/\/roulettes.vaniseo.top\/index.php\/wp-json\/wp\/v2\/media\/1538"}],"wp:attachment":[{"href":"https:\/\/roulettes.vaniseo.top\/index.php\/wp-json\/wp\/v2\/media?parent=305"}],"wp:term":[{"taxonomy":"product_cat","embeddable":true,"href":"https:\/\/roulettes.vaniseo.top\/index.php\/wp-json\/wp\/v2\/product_cat?post=305"},{"taxonomy":"product_tag","embeddable":true,"href":"https:\/\/roulettes.vaniseo.top\/index.php\/wp-json\/wp\/v2\/product_tag?post=305"}],"curies":[{"name":"wp","href":"https:\/\/api.w.org\/{rel}","templated":true}]}}