{"id":308,"date":"2022-04-04T16:21:11","date_gmt":"2022-04-04T14:21:11","guid":{"rendered":"https:\/\/roulettes.vaniseo.top\/index.php\/produit\/patere-double-murale-orange-en-plexiglass-adele-petrozzi\/"},"modified":"2022-04-04T17:19:04","modified_gmt":"2022-04-04T15:19:04","slug":"patere-double-murale-orange-en-plexiglass-adele-petrozzi","status":"publish","type":"product","link":"https:\/\/roulettes.vaniseo.top\/index.php\/produit\/patere-double-murale-orange-en-plexiglass-adele-petrozzi\/","title":{"rendered":"Pat\u00e8re double murale orange en plexiglass ADELE PETROZZI"},"content":{"rendered":"<h3>Pat\u00e8re murale orange en plexiglass PETROZZI<\/h3>\n<p>_x000D_n<strong>1001 Pat\u00e8res<\/strong> vous propose de d\u00e9couvrir ici la <strong>pat\u00e8re double murale orange en plexiglass<\/strong> de la gamme <strong>ADELE<\/strong> de chez <a href=\"https:\/\/1001pateres.com\/brand\/petrozzi\">Petrozzi<\/a>._x000D_n_x000D_nD&rsquo;ailleurs dans cette gamme de la marque italienne, l&rsquo;ensemble des pat\u00e8res sont de la m\u00eame forme simple avec <strong>double crochet<\/strong> mais en <strong>coloris vari\u00e9s et vraiment flashy<\/strong>. De quoi doper votre int\u00e9rieur de couleurs vitamin\u00e9es type <a href=\"https:\/\/1001pateres.com\/produit\/patere-en-plexi-violet-adele-petrozzi\/\">violet<\/a>, bleu ou encore <a href=\"https:\/\/1001pateres.com\/produit\/patere-en-plexi-rose-fuchsia-adele-petrozzi\/\">rose fuschia<\/a>. Vous aimerez l&rsquo;utiliser notamment dans la <strong>salle de bain<\/strong> car le <strong>plexiglass<\/strong> est <strong>inoxydable<\/strong> et <strong>ne craint donc pas l&rsquo;humidit\u00e9<\/strong>. Le coloris orange pr\u00e9sente ci contre se marie tr\u00e8s bien avec un univers aux teintes chaudes, ou \u00e0 contrario bleu froid. Mais attention, du fait de sa <strong>mati\u00e8re transparente<\/strong>, un <strong>mur blanc reste la meilleure option<\/strong> pour la valoriser._x000D_n_x000D_nEnfin, vous aimerez l&rsquo;utiliser comme porte-v\u00eatement, porte-serviette, porte-manteau et porte-\u00e9charpe._x000D_n_x000D_n&nbsp;_x000D_n<\/p>\n<h3>Installer une pat\u00e8re double murale Adele Petrozzi<\/h3>\n<p>_x000D_nD&rsquo;un point de vue <strong>installation<\/strong>, rien de plus simple l\u00e0 aussi! La pat\u00e8re double murale inclut deux vis et chevilles pour ses deux emplacements. Vous adorerez d\u00e9couvrir que les vis sont pourvues d&rsquo;un cache-vis inox pour une finition parfaite. Pensez juste \u00e0 vous munir d&rsquo;une perceuse et d&rsquo;un tournevis. Voici ses <strong>dimensions<\/strong>:_x000D_n<\/p>\n<ul>_x000D_n \t<\/p>\n<li>La base de la pat\u00e8re est de largeur 3,8 cm<\/li>\n<p>_x000D_n \t<\/p>\n<li>Ecartement du mur des accroches 4,3 cm<\/li>\n<p>_x000D_n \t<\/p>\n<li>Hauteur totale 10 cm<\/li>\n<p>_x000D_n<\/ul>\n<p>_x000D_nPar ailleurs, n&rsquo;h\u00e9sitez pas \u00e0 \u00e9galement jeter un coup d&rsquo;oeil \u00e0 la<strong> seconde collection<\/strong> de pat\u00e8res sign\u00e9es <strong>Petrozzi<\/strong> sur notre site. Cette fois-ci la pat\u00e8re est \u00e0 <strong>crochet simple<\/strong>. Elle reprend des <strong>formes modernes et enfantines<\/strong> d&rsquo;enfant gar\u00e7on et fille, de chat et de chien, toujours en plexiglass. Cependant, cette fois-ci, <strong>Abiti Kids<\/strong> n&rsquo;arbore que des <strong>coloris neutres<\/strong> de noir, de blanc, de fum\u00e9 et de transparent._x000D_n_x000D_nAmusez-vous \u00e0 d\u00e9corer votre <strong>int\u00e9rieur<\/strong> ou celui de votre espace <strong>professionnel<\/strong> avec une telle mati\u00e8re et de tels designs pour \u00e0 la fois <strong>ranger<\/strong> et <strong>donner du caract\u00e8re<\/strong> \u00e0 votre espace.<\/p>\n","protected":false},"excerpt":{"rendered":"<p>Porte-serviette, porte-manteau moderne design en <em><strong>plexiglass<\/strong><\/em> qui peut servir de porte-\u00e9charpe ou porte-v\u00eatement par exemple.\u00a0Il s&rsquo;agit du mod\u00e8le <b>ADELE<\/b>\u00a0de la marque <b>PETROZZI<\/b>.\u00a0Ce crochet double particuli\u00e8rement adapt\u00e9 pour les salles de bain est de belle qualit\u00e9 et tr\u00e8s r\u00e9sistant \u00e0 l&rsquo;arrachement.<\/p>\n","protected":false},"featured_media":1547,"comment_status":"closed","ping_status":"open","template":"","meta":[],"product_cat":[19,21,22,17],"product_tag":[37],"class_list":["post-308","product","type-product","status-publish","has-post-thumbnail","hentry","product_cat-collectivite","product_cat-entreprise","product_cat-pro","product_cat-salle-de-bain","product_tag-crochet-patere-patere-design-patere-murale-patere-porte-pateres-porte-chapeau-porte-serviette-porte-torchon-vestiaire","description-off"],"_links":{"self":[{"href":"https:\/\/roulettes.vaniseo.top\/index.php\/wp-json\/wp\/v2\/product\/308","targetHints":{"allow":["GET"]}}],"collection":[{"href":"https:\/\/roulettes.vaniseo.top\/index.php\/wp-json\/wp\/v2\/product"}],"about":[{"href":"https:\/\/roulettes.vaniseo.top\/index.php\/wp-json\/wp\/v2\/types\/product"}],"replies":[{"embeddable":true,"href":"https:\/\/roulettes.vaniseo.top\/index.php\/wp-json\/wp\/v2\/comments?post=308"}],"version-history":[{"count":0,"href":"https:\/\/roulettes.vaniseo.top\/index.php\/wp-json\/wp\/v2\/product\/308\/revisions"}],"wp:featuredmedia":[{"embeddable":true,"href":"https:\/\/roulettes.vaniseo.top\/index.php\/wp-json\/wp\/v2\/media\/1547"}],"wp:attachment":[{"href":"https:\/\/roulettes.vaniseo.top\/index.php\/wp-json\/wp\/v2\/media?parent=308"}],"wp:term":[{"taxonomy":"product_cat","embeddable":true,"href":"https:\/\/roulettes.vaniseo.top\/index.php\/wp-json\/wp\/v2\/product_cat?post=308"},{"taxonomy":"product_tag","embeddable":true,"href":"https:\/\/roulettes.vaniseo.top\/index.php\/wp-json\/wp\/v2\/product_tag?post=308"}],"curies":[{"name":"wp","href":"https:\/\/api.w.org\/{rel}","templated":true}]}}