{"id":309,"date":"2022-04-04T16:21:11","date_gmt":"2022-04-04T14:21:11","guid":{"rendered":"https:\/\/roulettes.vaniseo.top\/index.php\/produit\/patere-double-murale-en-plexiglass-noir-adele-petrozzi\/"},"modified":"2022-04-04T17:19:05","modified_gmt":"2022-04-04T15:19:05","slug":"patere-double-murale-en-plexiglass-noir-adele-petrozzi","status":"publish","type":"product","link":"https:\/\/roulettes.vaniseo.top\/index.php\/produit\/patere-double-murale-en-plexiglass-noir-adele-petrozzi\/","title":{"rendered":"Pat\u00e8re double murale en plexiglass noir ADELE PETROZZI"},"content":{"rendered":"<h4>Pat\u00e8re murale double en plexiglass noir PETROZZI<\/h4>\n<p>_x000D_n1001 Pat\u00e8res vous pr\u00e9sente ici l&rsquo;ensemble des informations techniques et d\u00e9coratives de cette <strong>pat\u00e8re double en plexiglass noir<\/strong> de la gamme <strong>Adele<\/strong> de <strong>Petrozzi<\/strong>._x000D_n_x000D_nEn effet, <strong>1001 Pat\u00e8res<\/strong> est aujourd&rsquo;hui le N\u00b01 en France de la vente de pat\u00e8res et de porte manteaux. Elle vous propose <strong>r\u00e9guli\u00e8rement de nouvelles pi\u00e8ces<\/strong> issues de <strong>designer internationaux<\/strong> proposant des produits aux <strong>meilleurs rapports qualit\u00e9 prix<\/strong>._x000D_n_x000D_nIci, d\u00e9couvrez <a href=\"https:\/\/1001pateres.com\/brand\/petrozzi\">Petrozzi<\/a>, la <strong>marque italienne<\/strong> sp\u00e9cialis\u00e9e dans le plexiglass. Elle signe la collection <strong>ADELE<\/strong> pour d\u00e9cliner une <strong>pat\u00e8re double murale toute simple<\/strong> mais aux <strong>coloris vraiment flashy<\/strong>._x000D_n_x000D_nCi-contre, il s&rsquo;agit sans doute du mod\u00e8le <strong>le plus simple de tous, en plexiglass noir<\/strong>. Mais retrouvez ce produit dans des teintes flashy de <a href=\"https:\/\/1001pateres.com\/produit\/patere-en-plexi-violet-adele-petrozzi\/\">violet<\/a>, rose fuschia, de bleu, d&rsquo;orange, de transparent etc&#8230;_x000D_n_x000D_nPar ailleurs, d\u00e9couvrez aussi la collection <strong>ABITI KIDS<\/strong>, \u00e9galement en <strong>plexiglass<\/strong>. Celle-ci propose des <strong>formes enfantines<\/strong> de gar\u00e7on, de <a href=\"https:\/\/1001pateres.com\/produit\/patere-design-italien-fille-plexi-fume-petrozzi-abiti-kids\/\">fille<\/a>, de chat et de chien modernes, le tout dans des <strong>teintes neutres<\/strong> de transparent, blanc, noir et fum\u00e9._x000D_n_x000D_nDans tous les cas, ici, le mod\u00e8le noir d&rsquo;Adele est une pat\u00e8re double \u00e0 utiliser comme porte-serviette, porte-manteau ou encore comme porte-\u00e9charpe par exemple._x000D_n_x000D_nC\u00f4t\u00e9 installation, le colis inclut aussi <strong>2 vis \u00e0 t\u00eate ronde pour une finition parfaite<\/strong>, et ses chevilles. Pensez donc \u00e0 vous munir d&rsquo;un tournevis et d&rsquo;une perceuse. Enfin, il sera toutefois plus s\u00fbr de prendre connaissance des dimensions avant tout achat, sait-on jamais! Ainsi, ici les <strong>mesures<\/strong> de la pat\u00e8re double murale sont de:_x000D_n<\/p>\n<ul>_x000D_n \t<\/p>\n<li>La base de la pat\u00e8re est de largeur 3,8 cm<\/li>\n<p>_x000D_n \t<\/p>\n<li>Ecartement du mur des accroches 4,3 cm<\/li>\n<p>_x000D_n \t<\/p>\n<li>Hauteur totale 10 cm<\/li>\n<p>_x000D_n<\/ul>\n<p>_x000D_nPour finir, \u00e0 noter bien s\u00fbr qu&rsquo;il vous sera conseill\u00e9 d&rsquo;en multiplier le nombre pour un maximum de rangement. Cela sera possible en combinant\u00a0<strong>noir, transparent et blanc<\/strong>, ou dans toutes autres <strong>couleurs flashy pour booster votre int\u00e9rieur<\/strong>. Notamment, pensez que le <strong>plexiglass est inoxydable<\/strong>, il convient donc parfaitement \u00e0 un usage dans votre <strong>salle de bain<\/strong>.<\/p>\n","protected":false},"excerpt":{"rendered":"<p>Porte-serviette, porte-manteau moderne design en plexiglass qui peut servir de porte-\u00e9charpe ou porte-v\u00eatement par exemple.\u00a0Il s&rsquo;agit du mod\u00e8le <b>ADELE<\/b>\u00a0de la marque <b>PETROZZI<\/b>.\u00a0Ce crochet double particuli\u00e8rement adapt\u00e9 pour les salles de bain est de belle qualit\u00e9 et tr\u00e8s r\u00e9sistant \u00e0 l&rsquo;arrachement.<\/p>\n","protected":false},"featured_media":1550,"comment_status":"closed","ping_status":"open","template":"","meta":[],"product_cat":[19,21,22,17],"product_tag":[37],"class_list":["post-309","product","type-product","status-publish","has-post-thumbnail","hentry","product_cat-collectivite","product_cat-entreprise","product_cat-pro","product_cat-salle-de-bain","product_tag-crochet-patere-patere-design-patere-murale-patere-porte-pateres-porte-chapeau-porte-serviette-porte-torchon-vestiaire","description-off"],"_links":{"self":[{"href":"https:\/\/roulettes.vaniseo.top\/index.php\/wp-json\/wp\/v2\/product\/309","targetHints":{"allow":["GET"]}}],"collection":[{"href":"https:\/\/roulettes.vaniseo.top\/index.php\/wp-json\/wp\/v2\/product"}],"about":[{"href":"https:\/\/roulettes.vaniseo.top\/index.php\/wp-json\/wp\/v2\/types\/product"}],"replies":[{"embeddable":true,"href":"https:\/\/roulettes.vaniseo.top\/index.php\/wp-json\/wp\/v2\/comments?post=309"}],"version-history":[{"count":0,"href":"https:\/\/roulettes.vaniseo.top\/index.php\/wp-json\/wp\/v2\/product\/309\/revisions"}],"wp:featuredmedia":[{"embeddable":true,"href":"https:\/\/roulettes.vaniseo.top\/index.php\/wp-json\/wp\/v2\/media\/1550"}],"wp:attachment":[{"href":"https:\/\/roulettes.vaniseo.top\/index.php\/wp-json\/wp\/v2\/media?parent=309"}],"wp:term":[{"taxonomy":"product_cat","embeddable":true,"href":"https:\/\/roulettes.vaniseo.top\/index.php\/wp-json\/wp\/v2\/product_cat?post=309"},{"taxonomy":"product_tag","embeddable":true,"href":"https:\/\/roulettes.vaniseo.top\/index.php\/wp-json\/wp\/v2\/product_tag?post=309"}],"curies":[{"name":"wp","href":"https:\/\/api.w.org\/{rel}","templated":true}]}}