{"id":310,"date":"2022-04-04T16:21:11","date_gmt":"2022-04-04T14:21:11","guid":{"rendered":"https:\/\/roulettes.vaniseo.top\/index.php\/produit\/patere-murale-double-en-plexiglass-bleu-adele-petrozzi\/"},"modified":"2022-04-04T17:19:06","modified_gmt":"2022-04-04T15:19:06","slug":"patere-murale-double-en-plexiglass-bleu-adele-petrozzi","status":"publish","type":"product","link":"https:\/\/roulettes.vaniseo.top\/index.php\/produit\/patere-murale-double-en-plexiglass-bleu-adele-petrozzi\/","title":{"rendered":"Pat\u00e8re murale double en plexiglass bleu ADELE PETROZZI"},"content":{"rendered":"<h3>Pat\u00e8re murale plexiglass PETROZZI<\/h3>\n<p>_x000D_n1001 Pat\u00e8res vous propose de dynamiser votre int\u00e9rieur par des touches d\u00e9coratives flashy. D\u00e9couvrez d&rsquo;ailleurs la <strong>pat\u00e8re murale double en plexiglass bleu<\/strong> de la collection <strong>ADELE<\/strong> de chez <strong>PETROZZI<\/strong>._x000D_n_x000D_nEn effet, <strong>1001 Pat\u00e8res<\/strong> vous d\u00e9niche aux 4 coins du monde, les meilleures r\u00e9f\u00e9rences de pat\u00e8res alliant <strong>design et originalit\u00e9<\/strong>, le tout dans un <strong>rapport qualit\u00e9 prix exceptionnel<\/strong>. Cela fait de nous aujourd&rsquo;hui, les n\u00b01 en France de la vente de pat\u00e8res et porte manteaux!_x000D_n_x000D_nRevenons donc rapidement sur la marque <strong><a href=\"https:\/\/1001pateres.com\/brand\/petrozzi\">Petrozzi<\/a><\/strong>. \u00a0Il s&rsquo;agit d&rsquo;un designer italien proposant l&rsquo;ensemble de ses pat\u00e8res en plexiglass. La collection <strong>ADELE<\/strong> consiste en une <strong>pat\u00e8re double crochet en plexiglass plein<\/strong>. La particularit\u00e9 de cette collection r\u00e9side dans ses <strong>coloris ultra flashy<\/strong>, comme ici de bleu, mais sinon en violet, <a href=\"https:\/\/1001pateres.com\/produit\/patere-en-plexi-rose-fuchsia-adele-petrozzi\/\">rose fuchsia<\/a>, transparent, <a href=\"https:\/\/1001pateres.com\/produit\/patere-en-plexi-orange-adele-petrozzi\/\">orange<\/a>, noir etc&#8230; La seconde collection disponible sur notre site est <strong>ABITI KIDS<\/strong>. Comme son nom l&rsquo;indique, elle est <strong>enfantine<\/strong> et toujours en <strong>plexiglass<\/strong>, cette fois ci le travail est dans la forme. Les <strong>coloris<\/strong> pr\u00e9sent\u00e9s sont <strong>neutres<\/strong>: fum\u00e9, transparent, <a href=\"https:\/\/1001pateres.com\/produit\/patere-design-italien-garcon-plexi-noir-petrozzi-abiti-kids\/\">noir<\/a>, ou blanc._x000D_n_x000D_nDans le cas de cette pat\u00e8re murale double, vous aimerez <strong>dynamiser une pi\u00e8ce aux murs claires<\/strong> avec cette touche de bleu. La pat\u00e8re est <strong>\u00e0 poser seule<\/strong>, ou <strong>en accumulation de la m\u00eame couleur ou en plusieurs vari\u00e9t\u00e9s<\/strong> pour un c\u00f4t\u00e9 arc en ciel pop! Elle pourra \u00e9videment vous servir de porte-serviette, porte-manteau ou encore porte-\u00e9charpe et porte-v\u00eatement par exemple._x000D_n_x000D_nPour l&rsquo;installer, le colis est aussi compos\u00e9 de\u00a0<strong>deux vis et chevilles fournies<\/strong>. Ainsi, l&rsquo;installation est simple. Les <strong>t\u00eates de vis sont arrondies pour une finition parfaite<\/strong>. Pensez \u00e0 vous munir d&rsquo;une perceuse et un tournevis._x000D_n_x000D_nEnfin les <strong>dimensions<\/strong> de cette pat\u00e8re murale double sont de:_x000D_n<\/p>\n<ul>_x000D_n \t<\/p>\n<li>La base de la pat\u00e8re est de largeur 3,8 cm<\/li>\n<p>_x000D_n \t<\/p>\n<li>Ecartement du mur des accroches 4,3 cm<\/li>\n<p>_x000D_n \t<\/p>\n<li>Hauteur totale 10 cm<\/li>\n<p>_x000D_n<\/ul>\n<p>_x000D_nDe ce fait, ce crochet double\u00a0s&rsquo;adaptera facilement \u00e0 toute d<strong>\u00e9coration d&rsquo;int\u00e9rieure de maison ou d&rsquo;espace professionnel<\/strong>. A noter qu&rsquo;il est aussi id\u00e9al dans toute pi\u00e8ce humide, du fait de sa <strong>mati\u00e8re inoxydable<\/strong>. Pensez donc \u00e0 l&rsquo;utiliser dans votre <strong>salle de bain<\/strong> par exemple!<\/p>\n","protected":false},"excerpt":{"rendered":"<p>Porte-serviette, porte-manteau moderne design en plexiglass qui peut servir de porte-\u00e9charpe ou porte-v\u00eatement par exemple.\u00a0Il s&rsquo;agit du mod\u00e8le <b>ADELE<\/b>\u00a0de la marque <b>PETROZZI<\/b>.\u00a0Ce crochet double particuli\u00e8rement adapt\u00e9 pour les salles de bain est de belle qualit\u00e9 et tr\u00e8s r\u00e9sistant \u00e0 l&rsquo;arrachement.<\/p>\n","protected":false},"featured_media":1553,"comment_status":"closed","ping_status":"open","template":"","meta":[],"product_cat":[19,21,22,17],"product_tag":[37],"class_list":["post-310","product","type-product","status-publish","has-post-thumbnail","hentry","product_cat-collectivite","product_cat-entreprise","product_cat-pro","product_cat-salle-de-bain","product_tag-crochet-patere-patere-design-patere-murale-patere-porte-pateres-porte-chapeau-porte-serviette-porte-torchon-vestiaire","description-off"],"_links":{"self":[{"href":"https:\/\/roulettes.vaniseo.top\/index.php\/wp-json\/wp\/v2\/product\/310","targetHints":{"allow":["GET"]}}],"collection":[{"href":"https:\/\/roulettes.vaniseo.top\/index.php\/wp-json\/wp\/v2\/product"}],"about":[{"href":"https:\/\/roulettes.vaniseo.top\/index.php\/wp-json\/wp\/v2\/types\/product"}],"replies":[{"embeddable":true,"href":"https:\/\/roulettes.vaniseo.top\/index.php\/wp-json\/wp\/v2\/comments?post=310"}],"version-history":[{"count":0,"href":"https:\/\/roulettes.vaniseo.top\/index.php\/wp-json\/wp\/v2\/product\/310\/revisions"}],"wp:featuredmedia":[{"embeddable":true,"href":"https:\/\/roulettes.vaniseo.top\/index.php\/wp-json\/wp\/v2\/media\/1553"}],"wp:attachment":[{"href":"https:\/\/roulettes.vaniseo.top\/index.php\/wp-json\/wp\/v2\/media?parent=310"}],"wp:term":[{"taxonomy":"product_cat","embeddable":true,"href":"https:\/\/roulettes.vaniseo.top\/index.php\/wp-json\/wp\/v2\/product_cat?post=310"},{"taxonomy":"product_tag","embeddable":true,"href":"https:\/\/roulettes.vaniseo.top\/index.php\/wp-json\/wp\/v2\/product_tag?post=310"}],"curies":[{"name":"wp","href":"https:\/\/api.w.org\/{rel}","templated":true}]}}