{"id":311,"date":"2022-04-04T16:21:11","date_gmt":"2022-04-04T14:21:11","guid":{"rendered":"https:\/\/roulettes.vaniseo.top\/index.php\/produit\/patere-bois-cafe-de-versailles\/"},"modified":"2022-04-04T17:19:06","modified_gmt":"2022-04-04T15:19:06","slug":"patere-bois-cafe-de-versailles","status":"publish","type":"product","link":"https:\/\/roulettes.vaniseo.top\/index.php\/produit\/patere-bois-cafe-de-versailles\/","title":{"rendered":"Pat\u00e8re bois caf\u00e9 de versailles"},"content":{"rendered":"<h4>Porte-torchons pour cuisine caf\u00e9 de versailles.<\/h4>\n<p>_x000D_nPat\u00e8re bois caf\u00e9 de versailles._x000D_n_x000D_nBelle pat\u00e8re triple crochet en bois <em><strong>caf\u00e9 de versailles<\/strong><\/em> 3 pat\u00e8res._x000D_n_x000D_nD&rsquo;abord, cette<strong> pat\u00e8re\u00a0triples <\/strong>se pose\u00a0dans la cuisine ou dans l&rsquo;entr\u00e9e et permet \u00e0 la fois de servir de rangement pour les torchons ou encore les v\u00eatements._x000D_n_x000D_nDe plus, elle comporte un syst\u00e8me d&rsquo;accrochage simple avec deux attaches au dos \u00e0 positionner\u00a0sur un crochet de votre choix._x000D_n_x000D_n<span style=\"line-height: 1.5\">Aussi, elle\u00a0est originale et de belle qualit\u00e9 avec ses crochets en m\u00e9tal vieilli.<\/span>_x000D_n_x000D_nSa pose est tr\u00e8s facile et n\u00e9cessite des attaches au mur non fournies._x000D_n<\/p>\n<h4>Dimensions :<\/h4>\n<p>_x000D_n<\/p>\n<ul>_x000D_n \t<\/p>\n<li>La pat\u00e8re\u00a035,3 cm X 15,5 cm<\/li>\n<p>_x000D_n \t<\/p>\n<li>Le crochet \u00e9cartement 4,3 cm<\/li>\n<p>_x000D_n<\/ul>\n","protected":false},"excerpt":{"rendered":"<p>Belle <strong>pat\u00e8re triple<\/strong> crochet en bois peint <em><strong>caf\u00e9 de versailles<\/strong><\/em> 3 pat\u00e8res.\u00a0Cette pat\u00e8re triple est \u00e0 poser dans la cuisine ou dans l&rsquo;entr\u00e9e et permet \u00e0 la fois de servir de rangement pour les torchons ou les v\u00eatements.<\/p>\n","protected":false},"featured_media":1556,"comment_status":"closed","ping_status":"open","template":"","meta":[],"product_cat":[20],"product_tag":[25],"class_list":["post-311","product","type-product","status-publish","has-post-thumbnail","hentry","product_cat-cuisine","product_tag-crochet-patere-patere-design-patere-murale-patere-porte-pateres-porte-manteau-porte-serviette-porte-torchon-vestiaire","description-off"],"_links":{"self":[{"href":"https:\/\/roulettes.vaniseo.top\/index.php\/wp-json\/wp\/v2\/product\/311","targetHints":{"allow":["GET"]}}],"collection":[{"href":"https:\/\/roulettes.vaniseo.top\/index.php\/wp-json\/wp\/v2\/product"}],"about":[{"href":"https:\/\/roulettes.vaniseo.top\/index.php\/wp-json\/wp\/v2\/types\/product"}],"replies":[{"embeddable":true,"href":"https:\/\/roulettes.vaniseo.top\/index.php\/wp-json\/wp\/v2\/comments?post=311"}],"version-history":[{"count":0,"href":"https:\/\/roulettes.vaniseo.top\/index.php\/wp-json\/wp\/v2\/product\/311\/revisions"}],"wp:featuredmedia":[{"embeddable":true,"href":"https:\/\/roulettes.vaniseo.top\/index.php\/wp-json\/wp\/v2\/media\/1556"}],"wp:attachment":[{"href":"https:\/\/roulettes.vaniseo.top\/index.php\/wp-json\/wp\/v2\/media?parent=311"}],"wp:term":[{"taxonomy":"product_cat","embeddable":true,"href":"https:\/\/roulettes.vaniseo.top\/index.php\/wp-json\/wp\/v2\/product_cat?post=311"},{"taxonomy":"product_tag","embeddable":true,"href":"https:\/\/roulettes.vaniseo.top\/index.php\/wp-json\/wp\/v2\/product_tag?post=311"}],"curies":[{"name":"wp","href":"https:\/\/api.w.org\/{rel}","templated":true}]}}