{"id":312,"date":"2022-04-04T16:21:11","date_gmt":"2022-04-04T14:21:11","guid":{"rendered":"https:\/\/roulettes.vaniseo.top\/index.php\/produit\/patere-salle-de-bain-en-bambou-autocollante\/"},"modified":"2022-04-04T17:19:07","modified_gmt":"2022-04-04T15:19:07","slug":"patere-salle-de-bain-en-bambou-autocollante","status":"publish","type":"product","link":"https:\/\/roulettes.vaniseo.top\/index.php\/produit\/patere-salle-de-bain-en-bambou-autocollante\/","title":{"rendered":"Pat\u00e8re salle de bain en BAMBOU autocollante"},"content":{"rendered":"<h3>Pat\u00e8re adh\u00e9sive salle de bain en BAMBOU et crochet aluminium bross\u00e9<\/h3>\n<p>_x000D_n1001 Pat\u00e8res vous propose de d\u00e9couvrir ici toutes les informations techniques et d\u00e9coratives li\u00e9e \u00e0 cette pat\u00e8re salle de bain en bambou autocollante._x000D_n_x000D_nTout d&rsquo;abord, cette jolie pat\u00e8re \u00e0 crochet simple est\u00a0id\u00e9ale pour <strong>accrocher serviettes, gants,\u00a0torchons ou maniques<\/strong>. Elle est issue de la marque <a href=\"https:\/\/1001pateres.com\/brand\/1001pateres\">1001 Pat\u00e8res<\/a>._x000D_n_x000D_nPat\u00e8re autocollante, elle se placera ainsi \u00e0 l&rsquo;int\u00e9rieur des placards ou directement sur le carrelage dans les univers de la <a href=\"https:\/\/1001pateres.com\/univers\/salle-de-bain\">salle de bain<\/a>\u00a0comme de la <a href=\"https:\/\/1001pateres.com\/univers\/cuisine\">cuisine<\/a>. Elle comporte aussi une tige avec un crochet en acier inoxydable. L&rsquo;ensemble s&rsquo;adaptera et apportera une touche de <strong>modernit\u00e9<\/strong>\u00a0\u00e0 votre univers. Cependant, elle ne pourra supporter un trop important poids&#8230;_x000D_n_x000D_nPar ailleurs avec des coloris, bois brut et acier, pr\u00e9f\u00e9rez l&rsquo;installer sur un carrelage clair. Vous offrirez alors un univers chaleureux et doux. Au contraire, si vous l&rsquo;utilisez sur un fond sombre, cela rendra l&rsquo;ensemble plus froid o\u00f9 l&rsquo;acier sera mis en relief&#8230;_x000D_n_x000D_nBien s\u00fbr, cette pat\u00e8re de salle de bain en\u00a0bambou autocollante est <strong>pratique<\/strong> et a un <strong>design naturel<\/strong>. Elle existe aussi en version <a href=\"https:\/\/1001pateres.com\/produit\/patere-salle-de-bain-en-plexi-noir-autocollante\/\">PLEXI noir et tige m\u00e9tal<\/a>. Ces mod\u00e8les sont donc \u00e0 coller partout o\u00f9 vous en avez besoin, et pas seulement dans une salle de bain ou une cuisine!_x000D_n_x000D_n&nbsp;_x000D_n<\/p>\n<h3>Conseils d&rsquo;installation de la pat\u00e8re salle de bain en bambou autocollante<\/h3>\n<p>_x000D_nPar ailleurs, c\u00f4t\u00e9 <strong>installation<\/strong>, elle est facile \u00e0 poser avec son syst\u00e8me autocollant. Son syst\u00e8me d&rsquo;accrochage consiste en un <strong>patin autocollant<\/strong> au dos de la plaque en bambou. Voici ses <strong>dimensions<\/strong> sp\u00e9cifiques ci apr\u00e8s:_x000D_n<\/p>\n<ul>_x000D_n \t<\/p>\n<li>La base ronde en bambou autocollante: diam\u00e8tre 5 cm<\/li>\n<p>_x000D_n \t<\/p>\n<li>La tige crochet en m\u00e9tal: diam\u00e8tre 1,5 cm et longueur 2,5 cm<\/li>\n<p>_x000D_n<\/ul>\n<p>_x000D_nN&rsquo;h\u00e9sitez pas \u00e0 nous contacter pour en savoir plus via la page Contact de ce site. Nous pourrons ainsi vous r\u00e9pondre dans les plus brefs. Quelque soit votre recherche, votre besoin d&rsquo;information compl\u00e9mentaire, nous pourrons vous aiguiller et vous conseiller sp\u00e9cifiquement.<\/p>\n","protected":false},"excerpt":{"rendered":"<p>Jolie pat\u00e8re simple <em><strong>autocollante<\/strong><\/em> id\u00e9ale pour accrocher serviettes, gants, torchons ou maniques.\u00a0La pat\u00e8re salle de bain <strong>bambou<\/strong> autocollante est pratique au design naturel.\u00a0Pat\u00e8re autocollante, elle se placera \u00e0 l&rsquo;int\u00e9rieur des placards ou sur le carrelage dans les univers de la salle de bain comme de la cuisine.\u00a0Elle est \u00e0 coller partout o\u00f9 vous en avez besoin.<\/p>\n","protected":false},"featured_media":748,"comment_status":"closed","ping_status":"open","template":"","meta":[],"product_cat":[20,17,23],"product_tag":[26],"class_list":["post-312","product","type-product","status-publish","has-post-thumbnail","hentry","product_cat-cuisine","product_cat-salle-de-bain","product_cat-toilette-wc","product_tag-crochet-patere-patere-design-patere-murale-patere-porte-pateres-porte-serviette-porte-torchon","description-off"],"_links":{"self":[{"href":"https:\/\/roulettes.vaniseo.top\/index.php\/wp-json\/wp\/v2\/product\/312","targetHints":{"allow":["GET"]}}],"collection":[{"href":"https:\/\/roulettes.vaniseo.top\/index.php\/wp-json\/wp\/v2\/product"}],"about":[{"href":"https:\/\/roulettes.vaniseo.top\/index.php\/wp-json\/wp\/v2\/types\/product"}],"replies":[{"embeddable":true,"href":"https:\/\/roulettes.vaniseo.top\/index.php\/wp-json\/wp\/v2\/comments?post=312"}],"version-history":[{"count":0,"href":"https:\/\/roulettes.vaniseo.top\/index.php\/wp-json\/wp\/v2\/product\/312\/revisions"}],"wp:featuredmedia":[{"embeddable":true,"href":"https:\/\/roulettes.vaniseo.top\/index.php\/wp-json\/wp\/v2\/media\/748"}],"wp:attachment":[{"href":"https:\/\/roulettes.vaniseo.top\/index.php\/wp-json\/wp\/v2\/media?parent=312"}],"wp:term":[{"taxonomy":"product_cat","embeddable":true,"href":"https:\/\/roulettes.vaniseo.top\/index.php\/wp-json\/wp\/v2\/product_cat?post=312"},{"taxonomy":"product_tag","embeddable":true,"href":"https:\/\/roulettes.vaniseo.top\/index.php\/wp-json\/wp\/v2\/product_tag?post=312"}],"curies":[{"name":"wp","href":"https:\/\/api.w.org\/{rel}","templated":true}]}}