{"id":313,"date":"2022-04-04T16:21:11","date_gmt":"2022-04-04T14:21:11","guid":{"rendered":"https:\/\/roulettes.vaniseo.top\/index.php\/produit\/porte-torchon-pour-porte-de-cuisine\/"},"modified":"2022-04-04T17:19:07","modified_gmt":"2022-04-04T15:19:07","slug":"porte-torchon-pour-porte-de-cuisine","status":"publish","type":"product","link":"https:\/\/roulettes.vaniseo.top\/index.php\/produit\/porte-torchon-pour-porte-de-cuisine\/","title":{"rendered":"Porte-torchon pour porte de cuisine"},"content":{"rendered":"<h4>Porte-torchon \u00e0 poser sur porte de cuisine en plastique.<\/h4>\n<p>_x000D_nPorte-torchon pour porte de cuisine._x000D_n_x000D_nTout d&rsquo;abord cette jolie pat\u00e8re avec <b>support en plastique \u00e0 poser<\/b> reste\u00a0id\u00e9ale pour accrocher torchons ou serviettes._x000D_n_x000D_nElle se placera \u00e0 l&rsquo;int\u00e9rieur des placards ou \u00e0 l&rsquo;ext\u00e9rieur dans les univers de la cuisine comme de la salle de bain voire m\u00eame des buanderies._x000D_n_x000D_nAinsi, pratique, elle est \u00e0 poser partout o\u00f9 vous en avez besoin._x000D_n_x000D_nCompos\u00e9 d&rsquo;un support en plastique et d&rsquo;un syst\u00e8me d&rsquo;accrochage simple \u00e0 poser, elle saura se rendre indispensable dans toute la maison._x000D_n_x000D_nEnfin, elle est juste \u00e0 poser sur la tranche des portes de placard._x000D_n<\/p>\n<h4>Dimensions :<\/h4>\n<p>_x000D_n<\/p>\n<ul>_x000D_n \t<\/p>\n<li>La pat\u00e8re longueur 18,8 cm<\/li>\n<p>_x000D_n \t<\/p>\n<li>\u00e9cartement 6 cm de la porte de placard<\/li>\n<p>_x000D_n \t<\/p>\n<li>largeur de la tranche de la porte maxi 2 cm<\/li>\n<p>_x000D_n<\/ul>\n","protected":false},"excerpt":{"rendered":"<p>Jolie pat\u00e8re avec <b>support en plastique <em>\u00e0 poser<\/em><\/b>\u00a0id\u00e9ale pour accrocher torchons ou serviettes.\u00a0Il se placera \u00e0 l&rsquo;int\u00e9rieur des placards ou \u00e0 l&rsquo;ext\u00e9rieur dans les univers de la cuisine comme de la salle de bain voire m\u00eame des buanderies.\u00a0Pratique, il est \u00e0 poser partout o\u00f9 vous en avez besoin._x000D_n_x000D_n&nbsp;<\/p>\n","protected":false},"featured_media":1561,"comment_status":"closed","ping_status":"open","template":"","meta":[],"product_cat":[20],"product_tag":[39],"class_list":["post-313","product","type-product","status-publish","has-post-thumbnail","hentry","product_cat-cuisine","product_tag-patere-porte-pateres-porte-serviette-porte-torchon","description-off"],"_links":{"self":[{"href":"https:\/\/roulettes.vaniseo.top\/index.php\/wp-json\/wp\/v2\/product\/313","targetHints":{"allow":["GET"]}}],"collection":[{"href":"https:\/\/roulettes.vaniseo.top\/index.php\/wp-json\/wp\/v2\/product"}],"about":[{"href":"https:\/\/roulettes.vaniseo.top\/index.php\/wp-json\/wp\/v2\/types\/product"}],"replies":[{"embeddable":true,"href":"https:\/\/roulettes.vaniseo.top\/index.php\/wp-json\/wp\/v2\/comments?post=313"}],"version-history":[{"count":0,"href":"https:\/\/roulettes.vaniseo.top\/index.php\/wp-json\/wp\/v2\/product\/313\/revisions"}],"wp:featuredmedia":[{"embeddable":true,"href":"https:\/\/roulettes.vaniseo.top\/index.php\/wp-json\/wp\/v2\/media\/1561"}],"wp:attachment":[{"href":"https:\/\/roulettes.vaniseo.top\/index.php\/wp-json\/wp\/v2\/media?parent=313"}],"wp:term":[{"taxonomy":"product_cat","embeddable":true,"href":"https:\/\/roulettes.vaniseo.top\/index.php\/wp-json\/wp\/v2\/product_cat?post=313"},{"taxonomy":"product_tag","embeddable":true,"href":"https:\/\/roulettes.vaniseo.top\/index.php\/wp-json\/wp\/v2\/product_tag?post=313"}],"curies":[{"name":"wp","href":"https:\/\/api.w.org\/{rel}","templated":true}]}}