{"id":314,"date":"2022-04-04T16:21:11","date_gmt":"2022-04-04T14:21:11","guid":{"rendered":"https:\/\/roulettes.vaniseo.top\/index.php\/produit\/porte-manteau-boule-en-bois-naturel\/"},"modified":"2022-04-04T17:19:08","modified_gmt":"2022-04-04T15:19:08","slug":"porte-manteau-boule-en-bois-naturel","status":"publish","type":"product","link":"https:\/\/roulettes.vaniseo.top\/index.php\/produit\/porte-manteau-boule-en-bois-naturel\/","title":{"rendered":"Porte manteau boule en bois naturel"},"content":{"rendered":"<h3>Pat\u00e8re bois naturel en forme de boule<\/h3>\n<p>_x000D_n<strong>1001 Pat\u00e8res<\/strong> vous d\u00e9crit ci dessous tout ce qu&rsquo;il faut savoir sur ce <strong>porte manteau boule en bois naturel.<\/strong>\u00a0D\u00e9couvrez donc ses <strong>astuces d\u00e9coratives<\/strong> et ses <strong>donn\u00e9es techniques<\/strong> en quelques lignes&#8230;_x000D_n_x000D_nEn effet, 1001 Pat\u00e8res est \u00e0 la fois une boutique en ligne et une conceptrice de pat\u00e8res de sa <a href=\"https:\/\/1001pateres.com\/brand\/1001pateres\/\">propre marque<\/a>. Aujourd&rsquo;hui <strong>n\u00b01 en France<\/strong> de la vente de porte manteaux et pat\u00e8res, elle dispose d&rsquo;un large choix de pat\u00e8res pour r\u00e9pondre \u00e0 tous vos besoins. Quelque soit la <strong>forme<\/strong> et le <strong>style<\/strong>, elle propose de nombreuses marques internationales offrant <strong>choix<\/strong> et <strong>bon rapport qualit\u00e9 prix<\/strong>. Vous avez ainsi la certitude de vous amuser dans vos <strong>solutions de rangement d\u00e9coratif<\/strong>._x000D_n_x000D_n&nbsp;_x000D_n<\/p>\n<h3>Porte manteau boule en bois naturel<\/h3>\n<p>_x000D_nFriand du<strong> style scandinave? nordique?<\/strong> Si c&rsquo;est le cas, le ma\u00eetre mot est l&rsquo;usage de mat\u00e9riaux bruts. Ici, ce porte manteau boule \u00a0est parfait puisqu&rsquo;il utilise du bois naturel. Ce dernier peut apporter des <strong>nuances de couleur plus ou moins fonc\u00e9e<\/strong> et des diff\u00e9rences de veinage._x000D_n_x000D_nAussi, en <strong>pin naturel<\/strong> ce porte manteau reste r\u00e9sistant et s&rsquo;int\u00e8gre dans la majorit\u00e9 des d\u00e9cors. Au <strong>design scandinave<\/strong>, elle se pose partout dans la maison ou dans une <a href=\"https:\/\/1001pateres.com\/categorie-produit\/entreprise\/\">entreprise<\/a>, pour \u00e0 la fois offrir de la clart\u00e9 et du style. Enfin, le choix d&rsquo;une <strong>boule<\/strong> permet de <strong>ne pas marquer les v\u00eatements, ni de les abimer<\/strong>._x000D_n_x000D_nPour finir, n&rsquo;ayez aucune crainte de l&rsquo;installer: c&rsquo;est extr\u00eamement <strong>simple<\/strong>!\u00a0Cette pat\u00e8re comporte un syst\u00e8me d&rsquo;accrochage <strong>rapide<\/strong> avec une vis qu&rsquo;il suffit d&rsquo;introduire dans une cheville. <strong>Vis et cheville sont fournies<\/strong>. Bien s\u00fbr, sa pose n\u00e9cessite une perceuse pour fixer la cheville au mur._x000D_n_x000D_nVous noterez que bons nombres de nos clients utilisent aussi ce porte manteau boule en bois naturel de mani\u00e8re <strong>d\u00e9multipli\u00e9<\/strong>\u00a0sur un m\u00eame pan de mur. Dans ce cas, faites comme eux, tenez bien compte des dimensions ci dessous et comparez les \u00e0 l&rsquo;espace allou\u00e9 futur. Vous saurez ainsi jusqu&rsquo;\u00e0 combien vous pouvez acheter!_x000D_n_x000D_n<strong>Dimensions :<\/strong>_x000D_n<\/p>\n<ul>_x000D_n \t<\/p>\n<li>Diam\u00e8tre 5 cm<\/li>\n<p>_x000D_n \t<\/p>\n<li>Longueur de la vis externe 2 cm<\/li>\n<p>_x000D_n<\/ul>\n","protected":false},"excerpt":{"rendered":"<p>Porte-manteau <strong>boule<\/strong> en <em><strong>bois naturel<\/strong><\/em>.\u00a0Cette pat\u00e8re est \u00e0 poser partout dans la maison pour ne plus voir trainer ses affaires, dans la chambre, dans l&rsquo;entr\u00e9e mais aussi dans la cuisine ou dans un dressing.\u00a0En pin naturel ce porte-manteau est r\u00e9sistant et s&rsquo;int\u00e9grera dans la majorit\u00e9 des d\u00e9cors.\u00a0Le bois peut apporter des nuances de couleur plus ou moins fonc\u00e9 et des diff\u00e9rences de veinage.<\/p>\n","protected":false},"featured_media":1564,"comment_status":"closed","ping_status":"open","template":"","meta":[],"product_cat":[29,19,32,21,22,17],"product_tag":[27],"class_list":["post-314","product","type-product","status-publish","has-post-thumbnail","hentry","product_cat-chambre-adulte","product_cat-collectivite","product_cat-entree-sejour","product_cat-entreprise","product_cat-pro","product_cat-salle-de-bain","product_tag-crochet-patere-patere-design-patere-murale-patere-porte-pateres-porte-serviette-porte-torchon-vestiaire","description-off"],"_links":{"self":[{"href":"https:\/\/roulettes.vaniseo.top\/index.php\/wp-json\/wp\/v2\/product\/314","targetHints":{"allow":["GET"]}}],"collection":[{"href":"https:\/\/roulettes.vaniseo.top\/index.php\/wp-json\/wp\/v2\/product"}],"about":[{"href":"https:\/\/roulettes.vaniseo.top\/index.php\/wp-json\/wp\/v2\/types\/product"}],"replies":[{"embeddable":true,"href":"https:\/\/roulettes.vaniseo.top\/index.php\/wp-json\/wp\/v2\/comments?post=314"}],"version-history":[{"count":0,"href":"https:\/\/roulettes.vaniseo.top\/index.php\/wp-json\/wp\/v2\/product\/314\/revisions"}],"wp:featuredmedia":[{"embeddable":true,"href":"https:\/\/roulettes.vaniseo.top\/index.php\/wp-json\/wp\/v2\/media\/1564"}],"wp:attachment":[{"href":"https:\/\/roulettes.vaniseo.top\/index.php\/wp-json\/wp\/v2\/media?parent=314"}],"wp:term":[{"taxonomy":"product_cat","embeddable":true,"href":"https:\/\/roulettes.vaniseo.top\/index.php\/wp-json\/wp\/v2\/product_cat?post=314"},{"taxonomy":"product_tag","embeddable":true,"href":"https:\/\/roulettes.vaniseo.top\/index.php\/wp-json\/wp\/v2\/product_tag?post=314"}],"curies":[{"name":"wp","href":"https:\/\/api.w.org\/{rel}","templated":true}]}}