{"id":315,"date":"2022-04-04T16:21:11","date_gmt":"2022-04-04T14:21:11","guid":{"rendered":"https:\/\/roulettes.vaniseo.top\/index.php\/produit\/porte-torchons-autocollant-3-attaches\/"},"modified":"2022-04-04T17:19:09","modified_gmt":"2022-04-04T15:19:09","slug":"porte-torchons-autocollant-3-attaches","status":"publish","type":"product","link":"https:\/\/roulettes.vaniseo.top\/index.php\/produit\/porte-torchons-autocollant-3-attaches\/","title":{"rendered":"Porte-torchons autocollant 3 attaches"},"content":{"rendered":"<h4>Pat\u00e8res autocollantes 3 attaches en plastique fa\u00e7on inox.<\/h4>\n<p>_x000D_nPorte-torchons autocollant 3 attaches._x000D_n_x000D_nTout d&rsquo;abord, cette jolie pat\u00e8re avec 3<strong>\u00a0crochets<\/strong>\u00a0en plastique transparent\u00a0<em><strong>autocollante<\/strong><\/em> reste\u00a0id\u00e9ale pour accrocher torchons, maniques, serviettes ou encore gants._x000D_n_x000D_nAussi, elle se placera ais\u00e9ment \u00e0 l&rsquo;int\u00e9rieur des placards ou sur le carrelage dans les univers de la cuisine comme de la salle de bain._x000D_n_x000D_nDe plus, pratique, celle-ci se colle partout o\u00f9 vous en avez besoin._x000D_n_x000D_nCompos\u00e9 de 3 crochets simple en plastique dur et un syst\u00e8me d&rsquo;accrochage avec un patin autocollant, elle s&rsquo;adaptera et apportera une touche de modernit\u00e9\u00a0\u00e0 votre univers._x000D_n_x000D_nEnfin, elle est facile \u00e0 poser sur une surface propre._x000D_n<\/p>\n<h4>Dimensions :<\/h4>\n<p>_x000D_n<\/p>\n<ul>_x000D_n \t<\/p>\n<li>La pat\u00e8re 22 cm X 7,5 cm<\/li>\n<p>_x000D_n \t<\/p>\n<li>\u00e9cartement maxi 2,5 cm<\/li>\n<p>_x000D_n<\/ul>\n","protected":false},"excerpt":{"rendered":"<p>Jolie pat\u00e8re avec <strong>3\u00a0crochets<\/strong> <em><strong>autocollante<\/strong><\/em> id\u00e9ale pour accrocher torchons, maniques, serviettes ou gants.\u00a0Porte torchon autocollant avec 3 accroches en plastique dur, il se placera \u00e0 l&rsquo;int\u00e9rieur des placards ou sur le carrelage dans les univers de la cuisine comme de la salle de bain.\u00a0Elle est \u00e0 coller partout o\u00f9 vous en avez besoin.<\/p>\n","protected":false},"featured_media":1568,"comment_status":"closed","ping_status":"open","template":"","meta":[],"product_cat":[20,17],"product_tag":[31],"class_list":["post-315","product","type-product","status-publish","has-post-thumbnail","hentry","product_cat-cuisine","product_cat-salle-de-bain","product_tag-crochet-patere-patere-design-patere-murale-patere-porte-pateres-porte-manteau-porte-serviette-porte-torchon","description-off"],"_links":{"self":[{"href":"https:\/\/roulettes.vaniseo.top\/index.php\/wp-json\/wp\/v2\/product\/315","targetHints":{"allow":["GET"]}}],"collection":[{"href":"https:\/\/roulettes.vaniseo.top\/index.php\/wp-json\/wp\/v2\/product"}],"about":[{"href":"https:\/\/roulettes.vaniseo.top\/index.php\/wp-json\/wp\/v2\/types\/product"}],"replies":[{"embeddable":true,"href":"https:\/\/roulettes.vaniseo.top\/index.php\/wp-json\/wp\/v2\/comments?post=315"}],"version-history":[{"count":0,"href":"https:\/\/roulettes.vaniseo.top\/index.php\/wp-json\/wp\/v2\/product\/315\/revisions"}],"wp:featuredmedia":[{"embeddable":true,"href":"https:\/\/roulettes.vaniseo.top\/index.php\/wp-json\/wp\/v2\/media\/1568"}],"wp:attachment":[{"href":"https:\/\/roulettes.vaniseo.top\/index.php\/wp-json\/wp\/v2\/media?parent=315"}],"wp:term":[{"taxonomy":"product_cat","embeddable":true,"href":"https:\/\/roulettes.vaniseo.top\/index.php\/wp-json\/wp\/v2\/product_cat?post=315"},{"taxonomy":"product_tag","embeddable":true,"href":"https:\/\/roulettes.vaniseo.top\/index.php\/wp-json\/wp\/v2\/product_tag?post=315"}],"curies":[{"name":"wp","href":"https:\/\/api.w.org\/{rel}","templated":true}]}}