{"id":317,"date":"2022-04-04T16:21:14","date_gmt":"2022-04-04T14:21:14","guid":{"rendered":"https:\/\/roulettes.vaniseo.top\/index.php\/produit\/patere-industrielle-robinet-metal\/"},"modified":"2022-04-04T17:19:12","modified_gmt":"2022-04-04T15:19:12","slug":"patere-industrielle-robinet-metal","status":"publish","type":"product","link":"https:\/\/roulettes.vaniseo.top\/index.php\/produit\/patere-industrielle-robinet-metal\/","title":{"rendered":"Pat\u00e8re industrielle robinet m\u00e9tal"},"content":{"rendered":"<h3>Patere industrielle murale en forme de vanne rouge de plomberie<\/h3>\n<p>_x000D_nD\u00e9couvrez ici un descriptif complet de la <strong>pat\u00e8re industrielle<\/strong> en forme de\u00a0<strong>robinet<\/strong> m\u00e9tal. Cette patere mural en forme de <strong>vanne rouge de plomberie<\/strong> est <strong>ultra styl\u00e9e<\/strong>._x000D_n_x000D_nEn effet, cette r\u00e9f\u00e9rence 1001 Pat\u00e8res n&rsquo;apporte pas seulement une solution de <strong>rangement<\/strong> mais vient ind\u00e9niablement <strong>compl\u00e9ter un style d\u00e9coratif ultra sp\u00e9cifique<\/strong>. Ainsi, vous pourrez ajouter \u00e0 cet espace de rangement\u00a0<strong>tuyaux<\/strong>,\u00a0<strong>barres d&rsquo;acier<\/strong>, de cuivre, de <strong>faux d\u00e9tendeurs<\/strong> et autres <strong>objets de mesure de pression<\/strong>._x000D_n<\/p>\n<h4><\/h4>\n<p>_x000D_n<\/p>\n<h4>Compl\u00e9ter sa d\u00e9co avec une pat\u00e8re industrielle<\/h4>\n<p>_x000D_nAu del\u00e0 d&rsquo;\u00eatre une <strong>inspiration de plomberie<\/strong>, c&rsquo;est avant tout un style dit <a href=\"https:\/\/1001pateres.com\/produit\/porte-manteaux-design-loft-industriel\/\"><strong>industriel<\/strong><\/a>. Il sera donc n\u00e9cessaire de compl\u00e9ter votre am\u00e9nagement de maison, de bureau, de loft par des <strong>meubles relativement bruts<\/strong> en bois, en m\u00e9tal etc&#8230; Nous vous conseillons de vous concentrer davantage sur un choix d\u00e9coratif plut\u00f4t vintage. Cadres, tabourets, bureaux sont aujourd&rsquo;hui des pi\u00e8ces relativement faciles \u00e0 trouver, tout en restant abordables._x000D_n_x000D_n&nbsp;_x000D_n<\/p>\n<h3>Portemanteau mural \u00e0 vis<\/h3>\n<p>_x000D_nTout d&rsquo;abord, ce portemanteau mural repr\u00e9sente une\u00a0<em><strong>vanne en m\u00e9tal rouge<\/strong><\/em> avec une <strong>base en fonte noire<\/strong>. Le style <strong><a href=\"https:\/\/www.pinterest.fr\/aimerloveamore\/deco-industrielle\/\" target=\"_blank\" rel=\"noopener noreferrer\">D\u00e9co industrielle<\/a><\/strong> est ici caract\u00e9ris\u00e9. Mais au-del\u00e0 de la d\u00e9coration,\u00a0il se compose d&rsquo;une vanne permettant une <strong>accroche sans accroc<\/strong>._x000D_n_x000D_n&nbsp;_x000D_n_x000D_nDe plus, il comporte un syst\u00e8me d&rsquo;accrochage avec<strong> quatre emplacements pour les vis<\/strong>.\u00a0Enfin, il reste facile \u00e0 poser mais n\u00e9cessite cependant une perceuse et un tournevis.\u00a01001 Pat\u00e8res inclut dans chaque <strong>achat de pat\u00e8re industrielle robinet m\u00e9tal<\/strong>, toutes les vis n\u00e9cessaires._x000D_n_x000D_n&nbsp;_x000D_n<\/p>\n<h3><strong>Porte manteau robinet : dimensions<\/strong><\/h3>\n<p>_x000D_nEnfin, pour anticiper l&rsquo;installation, 1001 Pat\u00e8res vous propose ici l&rsquo;ensemble des dimensions de cette <strong>pat\u00e8re industrielle <a href=\"https:\/\/1001pateres.com\/un-porte-manteau-mural-design-oui-mais-lequel\/\">design<\/a><\/strong>. Ainsi, vous pourrez faire les v\u00e9rifications n\u00e9cessaires sur la zone o\u00f9 vous souhaitez l&rsquo;installer._x000D_n<\/p>\n<ul>_x000D_n \t<\/p>\n<li>Base de la pat\u00e8re : diam\u00e8tre 8,5 cm<\/li>\n<p>_x000D_n \t<\/p>\n<li>Ecartement du mur : 6 cm<\/li>\n<p>_x000D_n \t<\/p>\n<li>Diam\u00e8tre de la vanne : 5 cm<\/li>\n<p>_x000D_n \t<\/p>\n<li>Longueur des vis : 2 cm<\/li>\n<p>_x000D_n<\/ul>\n","protected":false},"excerpt":{"rendered":"<p>Porte-manteau pat\u00e8re en forme de <strong>vanne<\/strong> en <em><strong>m\u00e9tal rouge<\/strong><\/em> avec une base en fonte noire.\u00a0Il est compos\u00e9 d&rsquo;une vanne permettant l&rsquo;accroche sans accrocs et il comporte un syst\u00e8me d&rsquo;accrochage avec quatre emplacements pour les vis.\u00a0Ce porte-manteau s&rsquo;adaptera facilement \u00e0 toute d\u00e9coration int\u00e9rieure dans la maison particuli\u00e8rement en style industriel et saura se rendre indispensable.<\/p>\n","protected":false},"featured_media":1575,"comment_status":"closed","ping_status":"open","template":"","meta":[],"product_cat":[29,16,32],"product_tag":[37],"class_list":["post-317","product","type-product","status-publish","has-post-thumbnail","hentry","product_cat-chambre-adulte","product_cat-chambre-enfant","product_cat-entree-sejour","product_tag-crochet-patere-patere-design-patere-murale-patere-porte-pateres-porte-chapeau-porte-serviette-porte-torchon-vestiaire","description-off"],"_links":{"self":[{"href":"https:\/\/roulettes.vaniseo.top\/index.php\/wp-json\/wp\/v2\/product\/317","targetHints":{"allow":["GET"]}}],"collection":[{"href":"https:\/\/roulettes.vaniseo.top\/index.php\/wp-json\/wp\/v2\/product"}],"about":[{"href":"https:\/\/roulettes.vaniseo.top\/index.php\/wp-json\/wp\/v2\/types\/product"}],"replies":[{"embeddable":true,"href":"https:\/\/roulettes.vaniseo.top\/index.php\/wp-json\/wp\/v2\/comments?post=317"}],"version-history":[{"count":0,"href":"https:\/\/roulettes.vaniseo.top\/index.php\/wp-json\/wp\/v2\/product\/317\/revisions"}],"wp:featuredmedia":[{"embeddable":true,"href":"https:\/\/roulettes.vaniseo.top\/index.php\/wp-json\/wp\/v2\/media\/1575"}],"wp:attachment":[{"href":"https:\/\/roulettes.vaniseo.top\/index.php\/wp-json\/wp\/v2\/media?parent=317"}],"wp:term":[{"taxonomy":"product_cat","embeddable":true,"href":"https:\/\/roulettes.vaniseo.top\/index.php\/wp-json\/wp\/v2\/product_cat?post=317"},{"taxonomy":"product_tag","embeddable":true,"href":"https:\/\/roulettes.vaniseo.top\/index.php\/wp-json\/wp\/v2\/product_tag?post=317"}],"curies":[{"name":"wp","href":"https:\/\/api.w.org\/{rel}","templated":true}]}}