{"id":319,"date":"2022-04-04T16:21:14","date_gmt":"2022-04-04T14:21:14","guid":{"rendered":"https:\/\/roulettes.vaniseo.top\/index.php\/produit\/patere-design-papillon-rose-et-paillettes-en-bois\/"},"modified":"2022-04-04T17:19:13","modified_gmt":"2022-04-04T15:19:13","slug":"patere-design-papillon-rose-et-paillettes-en-bois","status":"publish","type":"product","link":"https:\/\/roulettes.vaniseo.top\/index.php\/produit\/patere-design-papillon-rose-et-paillettes-en-bois\/","title":{"rendered":"Pat\u00e8re design papillon rose et paillettes en bois"},"content":{"rendered":"<h4>Belle pat\u00e8re en forme de papillon rose avec paillettes dor\u00e9es en bois.<\/h4>\n<p>_x000D_nPat\u00e8re design <strong>papillon<\/strong> <em><strong>rose et paillettes<\/strong><\/em> en bois. Cette forme douce et apaisante\u00a0est en\u00a0bois peint._x000D_n_x000D_nPar exemple, elle se pose \u00a0dans la chambre de l&rsquo;enfant ou de b\u00e9b\u00e9\u00a0pour ne plus voir trainer ses affaires. Aussi, elle comporte un syst\u00e8me d&rsquo;accrochage avec des vis et des chevilles ou un syst\u00e8me autocollant au choix._x000D_n_x000D_nDe plus, le d\u00e9cor est original de style moderne\u00a0et de tr\u00e8s belle qualit\u00e9._x000D_n_x000D_nCelle-ci se vend avec\u00a0ses vis et ses chevilles. C&rsquo;est pourquoi sa pose n\u00e9cessite l&rsquo;utilisation d&rsquo;une perceuse._x000D_n_x000D_nL&rsquo;\u00e9cartement du mur peut se faire avec un carr\u00e9 autocollant de 3 cm ou un cylindre \u00e0 fixer au mur de 5 cm._x000D_n<\/p>\n<h4><strong>Dimensions :<\/strong><\/h4>\n<p>_x000D_n<\/p>\n<ul>_x000D_n \t<\/p>\n<li>Le papillon est de dimension 7,8 cm X 6,6 cm<\/li>\n<p>_x000D_n \t<\/p>\n<li>Ecartement du mur 3 cm ou 5 cm.<\/li>\n<p>_x000D_n<\/ul>\n","protected":false},"excerpt":{"rendered":"<p>Belle pat\u00e8re <b><i>papillon<\/i><\/b>\u00a0<b>rose et paillettes<\/b>\u00a0en bois. Cette forme douce et apaisante\u00a0est en bois peint. Cette pat\u00e8re murale peut se fixer au mur ou se coller avec un double face fournie. Elle est \u00e0 poser dans la chambre de l&rsquo;enfant ou de b\u00e9b\u00e9 pour ne plus voir trainer ses affaires.<\/p>\n","protected":false},"featured_media":1583,"comment_status":"closed","ping_status":"open","template":"","meta":[],"product_cat":[16],"product_tag":[27],"class_list":["post-319","product","type-product","status-publish","has-post-thumbnail","hentry","product_cat-chambre-enfant","product_tag-crochet-patere-patere-design-patere-murale-patere-porte-pateres-porte-serviette-porte-torchon-vestiaire","description-off"],"_links":{"self":[{"href":"https:\/\/roulettes.vaniseo.top\/index.php\/wp-json\/wp\/v2\/product\/319","targetHints":{"allow":["GET"]}}],"collection":[{"href":"https:\/\/roulettes.vaniseo.top\/index.php\/wp-json\/wp\/v2\/product"}],"about":[{"href":"https:\/\/roulettes.vaniseo.top\/index.php\/wp-json\/wp\/v2\/types\/product"}],"replies":[{"embeddable":true,"href":"https:\/\/roulettes.vaniseo.top\/index.php\/wp-json\/wp\/v2\/comments?post=319"}],"version-history":[{"count":0,"href":"https:\/\/roulettes.vaniseo.top\/index.php\/wp-json\/wp\/v2\/product\/319\/revisions"}],"wp:featuredmedia":[{"embeddable":true,"href":"https:\/\/roulettes.vaniseo.top\/index.php\/wp-json\/wp\/v2\/media\/1583"}],"wp:attachment":[{"href":"https:\/\/roulettes.vaniseo.top\/index.php\/wp-json\/wp\/v2\/media?parent=319"}],"wp:term":[{"taxonomy":"product_cat","embeddable":true,"href":"https:\/\/roulettes.vaniseo.top\/index.php\/wp-json\/wp\/v2\/product_cat?post=319"},{"taxonomy":"product_tag","embeddable":true,"href":"https:\/\/roulettes.vaniseo.top\/index.php\/wp-json\/wp\/v2\/product_tag?post=319"}],"curies":[{"name":"wp","href":"https:\/\/api.w.org\/{rel}","templated":true}]}}